{"id":145,"date":"2021-03-24T14:36:21","date_gmt":"2021-03-24T13:36:21","guid":{"rendered":"https:\/\/neu.thomas-egger.ch\/en-lien-avec-la-pratique\/"},"modified":"2023-10-22T08:33:37","modified_gmt":"2023-10-22T06:33:37","slug":"en-lien-avec-la-pratique","status":"publish","type":"page","link":"https:\/\/www.thomas-egger.ch\/fr\/en-lien-avec-la-pratique\/","title":{"rendered":"En lien avec la pratique"},"content":{"rendered":"\n<style type=\"text\/css\" data-created_by=\"avia_inline_auto\" id=\"style-css-av-b53wx-ab0efe65737e87cbc3cdc9bf1048e96f\">\n.flex_column.av-b53wx-ab0efe65737e87cbc3cdc9bf1048e96f{\nborder-radius:0px 0px 0px 0px;\npadding:0px 0px 0px 0px;\n}\n<\/style>\n<div  class='flex_column av-b53wx-ab0efe65737e87cbc3cdc9bf1048e96f av_two_third  avia-builder-el-0  avia-builder-el-no-sibling  first flex_column_div av-zero-column-padding  '     ><section  class='av_textblock_section av-kmngxhs4-ea8b53345ad9c87af5069dc6abf304bc '   itemscope=\"itemscope\" itemtype=\"https:\/\/schema.org\/CreativeWork\" ><div class='avia_textblock'  itemprop=\"text\" ><h1>En lien avec la pratique<\/h1>\n<p>Le contact avec la base est important. Travailler sur deux fronts (politique et pratique) permet de bien conna\u00eetre les besoins et attentes de la base, afin de les int\u00e9grer dans les actions politiques. Cela permet aussi d\u2019\u00e9laborer des initiatives servant \u00e0 am\u00e9liorer la situation des r\u00e9gions de montagne.<\/p>\n<p>\u00a0<\/p>\n<p><strong>Au service des r\u00e9gions et communes<\/strong><\/p>\n<p>Comment am\u00e9liorer la comp\u00e9tivit\u00e9 du tourisme alpin? Par\u00a0des coop\u00e9rations! Dans un projet Innotour nous avons pu d\u00e9montrer \u00e0 ravers\u00a0d&rsquo;actions pilotes dans trois r\u00e9gions que cette approche\u00a0porte ses fruits et nous en avons d\u00e9clin\u00e9 des recommendations transf\u00e9rables \u00e0 d&rsquo;autres r\u00e9gions.<\/p>\n<p>Au Tessin, j&rsquo;ai pilot\u00e9 un projet permettant d\u2019utiliser les r\u00e9sidences secondaires, afin de cr\u00e9er des lits chauds. Ce travail s&rsquo;est fait en collaboration avec la r\u00e9gion socio-\u00e9conomique Bellinzonese e Valli, ainsi qu\u2019avec la Soci\u00e9t\u00e9 Suisse de Cr\u00e9dit H\u00f4telier. L\u2019id\u00e9e de ce projet, qui \u00e9tait\u00a0soutenu par la Conf\u00e9d\u00e9ration, \u00e9tait\u00a0de regrouper les r\u00e9sidences secondaires avec des h\u00f4tels, au sein de soci\u00e9t\u00e9s d\u2019exploitation. Ainsi, il est possible de mieux commercialiser et valoriser les logements de vacances.<\/p>\n<p>Un autre projet concret est r\u00e9alis\u00e9 par l\u2019Association \u00ab\u00a0Bus alpin\u00a0\u00bb, que j\u2019ai le plaisir de pr\u00e9sider. Le \u00ab\u00a0Bus alpin\u00a0\u00bb renforce les transports publics dans des r\u00e9gions de montagne b\u00e9n\u00e9ficiant d\u2019un grand potentiel touristique, mais ne disposant pas de bons services de transport. Actuellement, le \u00ab\u00a0Bus alpin\u00a0\u00bb circule dans 14 r\u00e9gions, dont p.ex. Moosalp (VS), le Binntal (VS), le Jura Vaudois et le Chasseral.<\/p>\n<ul>\n<li>Am\u00e9liorer la comp\u00e9tivit\u00e9 du tourisme alpin \u00e0 travers de\u00a0<a href=\"http:\/\/www.sab.ch\/fr\/prestations\/developpement-regional\/parc-val-dilliez.html\" target=\"_blank\" rel=\"noopener\">coop\u00e9rations<\/a><\/li>\n<li><a href=\"http:\/\/www.are.admin.ch\/themen\/raumplanung\/modellvorhaben\/05205\/index.html?lang=fr\" target=\"_blank\" rel=\"noopener\">Projet mod\u00e8le au Tessin<\/a><\/li>\n<li><a href=\"http:\/\/www.busalpin.ch\/\" target=\"_blank\" rel=\"noopener\">Bus alpin<\/a><\/li>\n<\/ul>\n<p>\u00a0<\/p>\n<p><strong>Conduire des processus strat\u00e9giques<\/strong><\/p>\n<p>Comment pr\u00e9parer l\u2019avenir ? La r\u00e9ponse peut \u00eatre esquiss\u00e9e dans le cadre de processus strat\u00e9giques. Dans se contexte, j\u2019ai eu le plaisir d\u2019\u00e9laborer le cahier des charges pour le plan de management du Patrimoine Mondial de l\u2019UNESCO de la r\u00e9gion Alpes Suisses Jungfrau-Aletsch, ainsi qu\u2019un plan d\u2019actions, en collaboration avec la population locale. Dans le Binntal (VS), j\u2019ai eu l\u2019occasion de r\u00e9aliser un plan d\u2019actions touristique. Enfin, dans la r\u00e9gion du Toggenburg (SG), j\u2019ai men\u00e9 un processus strat\u00e9gique pour favoriser le repositionnement de cette r\u00e9gion rurale.<\/p>\n<\/div><\/section><br \/>\n\n<style type=\"text\/css\" data-created_by=\"avia_inline_auto\" id=\"style-css-av-kmngygmm-2988608426ef950dfeeaf6186352faf8\">\n.avia-image-container.av-kmngygmm-2988608426ef950dfeeaf6186352faf8 img.avia_image{\nbox-shadow:none;\n}\n.avia-image-container.av-kmngygmm-2988608426ef950dfeeaf6186352faf8 .av-image-caption-overlay-center{\ncolor:#ffffff;\n}\n<\/style>\n<div  class='avia-image-container av-kmngygmm-2988608426ef950dfeeaf6186352faf8 av-styling- avia-align-center  avia-builder-el-2  el_after_av_textblock  el_before_av_textblock '   itemprop=\"image\" itemscope=\"itemscope\" itemtype=\"https:\/\/schema.org\/ImageObject\" ><div class=\"avia-image-container-inner\"><div class=\"avia-image-overlay-wrap\"><img decoding=\"async\" fetchpriority=\"high\" class='wp-image-131 avia-img-lazy-loading-not-131 avia_image ' src=\"https:\/\/www.thomas-egger.ch\/wp-content\/uploads\/2021\/03\/c3alpsschlusskonferenz7.jpg\" alt='' title='c3alpsschlusskonferenz7'  height=\"659\" width=\"990\"  itemprop=\"thumbnailUrl\" srcset=\"https:\/\/www.thomas-egger.ch\/wp-content\/uploads\/2021\/03\/c3alpsschlusskonferenz7.jpg 990w, https:\/\/www.thomas-egger.ch\/wp-content\/uploads\/2021\/03\/c3alpsschlusskonferenz7-768x511.jpg 768w, https:\/\/www.thomas-egger.ch\/wp-content\/uploads\/2021\/03\/c3alpsschlusskonferenz7-705x469.jpg 705w\" sizes=\"(max-width: 990px) 100vw, 990px\" \/><\/div><\/div><\/div><br \/>\n<section  class='av_textblock_section av-kmngz4jv-d78719d3b26663267e2fe1a51748433d '   itemscope=\"itemscope\" itemtype=\"https:\/\/schema.org\/CreativeWork\" ><div class='avia_textblock'  itemprop=\"text\" ><p><strong>Gestion de projets internationaux<\/strong><\/p>\n<p>Les projets internationaux permettent de s\u2019inspirer des exp\u00e9riences r\u00e9alis\u00e9es dans d\u2019autres r\u00e9gions de montagne, mais aussi d\u2019exporter ses propres comp\u00e9tences. Ces \u00e9changes sont toujours tr\u00e8s fructueux et profite \u00e0 l\u2019ensemble des partenaires. Dans l\u2019espace alpin, j\u2019ai dirig\u00e9 les projets PUSEMOR, ACCESS et INTESI consacr\u00e9s aux services publics des r\u00e9gions p\u00e9riph\u00e9riques. Depuis 2018, un\u00a0nouveau projet d\u00e9di\u00e9 \u00e0 r\u00e9aliser l&rsquo;id\u00e9e des Smart villages\u00a0est en cours. Et en 2018 et 2019, je pilote u projet eurp\u00e9en sur les flux de passagers transfrontaliers dans l&rsquo;espace alpin. En Roumanie, nous (SAB) avons conduit deux projets pour renforcer l\u2019agriculture de montagne et la sylviculture.<\/p>\n<ul>\n<li><a href=\"http:\/\/www.alpine-space.org\/2000-2006\/pusemor.html\" target=\"_blank\" rel=\"noopener\">Projet PUSEMOR<\/a><\/li>\n<li><a href=\"http:\/\/www.access-alpinespace.com\/\" target=\"_blank\" rel=\"noopener\">Projet ACCESS<\/a>, voir aussi\u00a0<a href=\"https:\/\/www.thomas-egger.ch\/wp-content\/uploads\/2021\/03\/access.pdf\" target=\"_blank\" rel=\"noopener\">l&rsquo;interview<\/a>\u00a0dans une publication de la Conf\u00e9d\u00e9ration.<\/li>\n<li>Projet\u00a0<a href=\"http:\/\/intesi.at\/\" target=\"_blank\" rel=\"noopener\">Intesi<\/a><\/li>\n<li>Projet\u00a0<a href=\"https:\/\/www.alpine-space.eu\/projects\/smartvillages\/en\/home\" target=\"_blank\" rel=\"noopener\">Smart villages<\/a><\/li>\n<li>Projet\u00a0<a href=\"https:\/\/www.alpine-region.eu\/projects\/arpaf-cross-border\" target=\"_blank\" rel=\"noopener\">Crossborder mobility<\/a><\/li>\n<li><a href=\"http:\/\/www.carpatsheep.ro\/home-en.html\" target=\"_blank\" rel=\"noopener\">Projets en Roumanie<\/a><\/li>\n<\/ul>\n<p><strong>Pr\u00e9paration et mod\u00e9ration de journ\u00e9es d\u2019\u00e9tudes<\/strong><\/p>\n<p>La SAB organise chaque ann\u00e9e trois ou quatre journ\u00e9es d\u2019\u00e9tudes. Ces journ\u00e9es d\u2019\u00e9tudes repr\u00e9sentent l\u2019occasion id\u00e9ale de pr\u00e9senter un th\u00e8me et de le d\u00e9battre avec un large public. En plus, j\u2019ai r\u00e9guli\u00e8rement l\u2019occasion d\u2019intervenir \u00e0 des manifestations pour pr\u00e9senter l\u2019avis des r\u00e9gions de montagne. Finalement, j\u2019ai beaucoup de plaisir \u00e0 mod\u00e9rer des journ\u00e9es d\u2019\u00e9tudes ou des tables rondes.<\/p>\n<ul>\n<li><a href=\"http:\/\/www.alpine-space.eu\/information-center\/events\/alpine-space-thematic-events\/\" target=\"_blank\" rel=\"noopener\">Mod\u00e9ration de la Conf\u00e9rence th\u00e9matique du programme espace alpin sur le th\u00e8me du changement climatique \u00e0 Interlaken<\/a><\/li>\n<li><a href=\"http:\/\/www.c3alps.eu\/index.php\/en\/final-conference\/agenda\" target=\"_blank\" rel=\"noopener\">Mod\u00e9ration de la Conf\u00e9rence finale de C3Alps \u00e0 Vienne<\/a><\/li>\n<li>Mod\u00e9ration d&rsquo;une discussion sur les Jeunes en r\u00e9gions de montagne \u00e0\u00a0<a href=\"http:\/\/www.1815.ch\/news\/wallis\/aktuell\/kein-nachteil-in-einem-bergdorf-aufzuwachsen\/\" target=\"_blank\" rel=\"noopener\">Albinen<\/a><\/li>\n<li>Organisation et mod\u00e9ration de la <a href=\"https:\/\/digitalalps.eu\" target=\"_blank\" rel=\"noopener\">Digital Alps Conference<\/a> de Mai 2021 (online) et de Mai 2022 \u00e0 Trieste.<\/li>\n<li>Mod\u00e9ration du Global Forum Wallis \u00e0 Lo\u00e8ge (2013,\u00a0<a href=\"https:\/\/www.thomas-egger.ch\/wp-content\/uploads\/2021\/03\/2015.pdf\" target=\"_blank\" rel=\"noopener\">2015<\/a>,\u00a0<a href=\"https:\/\/www.thomas-egger.ch\/wp-content\/uploads\/2021\/03\/2016.jpg\" target=\"_blank\" rel=\"noopener\">2016<\/a>, 2017, 2018,\u00a0<a href=\"https:\/\/www.thomas-egger.ch\/wp-content\/uploads\/2021\/03\/2019.jpeg\" target=\"_blank\" rel=\"noopener\">2019<\/a>\u00a0et <a href=\"https:\/\/www.youtube.com\/watch?v=FLiJjjLrhQo\" target=\"_blank\" rel=\"noopener\">2020<\/a>).<\/li>\n<li>Pr\u00e9sident du CO et mod\u00e9ration des <a href=\"https:\/\/www.thomas-egger.ch\/wp-content\/uploads\/2022\/07\/IAT-2022-Walliser-Bote-01-07-2022.jpg\" target=\"_blank\" rel=\"noopener\">Journ\u00e9es internationales de l&rsquo;\u00e9conomie alpestre<\/a> du 29 juin au 1er juillet 2022 \u00e0 Vi\u00e8ge.<\/li>\n<li>Pr\u00e9sident du CO et mod\u00e9ration des <a href=\"https:\/\/rrb23.rencontresromandesdubois.ch\" target=\"_blank\" rel=\"noopener\">Rencontres Romandes du Bois 2023<\/a> du 14 au 16 septembre 2023 au Ch\u00e2ble.<\/li>\n<\/ul>\n<\/div><\/section><br \/>\n\n<style type=\"text\/css\" data-created_by=\"avia_inline_auto\" id=\"style-css-av-kmnh0xuh-b5b050a2074a844ec27df2feeba2f90e\">\n.av-horizontal-gallery.av-kmnh0xuh-b5b050a2074a844ec27df2feeba2f90e{\npadding:3.75% 0px;;\n}\n.av-horizontal-gallery.av-kmnh0xuh-b5b050a2074a844ec27df2feeba2f90e .av-horizontal-gallery-inner{\npadding-bottom:25%;\n}\n<\/style>\n<div  class='av-horizontal-gallery av-kmnh0xuh-b5b050a2074a844ec27df2feeba2f90e av-horizontal-gallery-large-gap av-horizontal-gallery-enlarge-effect  avia-builder-el-4  el_after_av_textblock  el_before_av_textblock  av-slideshow-ui av-control-default av-slideshow-manual av-loop-once av-loop-manual-endless av-horizontal-gallery-1' data-slideshow-data=\"{&quot;enlarge&quot;:1.3,&quot;animation&quot;:&quot;slide&quot;,&quot;autoplay&quot;:false,&quot;loop_autoplay&quot;:&quot;once&quot;,&quot;interval&quot;:5,&quot;loop_manual&quot;:&quot;manual-endless&quot;,&quot;autoplay_stopper&quot;:false,&quot;noNavigation&quot;:false,&quot;bg_slider&quot;:false,&quot;keep_padding&quot;:&quot;&quot;,&quot;hoverpause&quot;:false,&quot;show_slide_delay&quot;:0}\"  itemprop=\"image\" itemscope=\"itemscope\" itemtype=\"https:\/\/schema.org\/ImageObject\" ><div class='avia-slideshow-arrows avia-slideshow-controls' ><a href='#prev' class='prev-slide av-horizontal-gallery-prev avia-svg-icon avia-font-svg_entypo-fontello' data-av_svg_icon='left-open-big' data-av_iconset='svg_entypo-fontello' tabindex='-1' title=\"Pr\u00e9c\u00e9dent\"><svg version=\"1.1\" xmlns=\"http:\/\/www.w3.org\/2000\/svg\" width=\"15\" height=\"32\" viewBox=\"0 0 15 32\" preserveAspectRatio=\"xMidYMid meet\" aria-labelledby='av-svg-title-1' aria-describedby='av-svg-desc-1' role=\"graphics-symbol\" aria-hidden=\"true\">\n<title id='av-svg-title-1'>Pr\u00e9c\u00e9dent<\/title>\n<desc id='av-svg-desc-1'>Pr\u00e9c\u00e9dent<\/desc>\n<path d=\"M14.464 27.84q0.832 0.832 0 1.536-0.832 0.832-1.536 0l-12.544-12.608q-0.768-0.768 0-1.6l12.544-12.608q0.704-0.832 1.536 0 0.832 0.704 0 1.536l-11.456 11.904z\"><\/path>\n<\/svg><span class='avia_hidden_link_text'>Pr\u00e9c\u00e9dent<\/span><\/a><a href='#next' class='next-slide av-horizontal-gallery-next avia-svg-icon avia-font-svg_entypo-fontello' data-av_svg_icon='right-open-big' data-av_iconset='svg_entypo-fontello' tabindex='-1' title=\"Suivant\"><svg version=\"1.1\" xmlns=\"http:\/\/www.w3.org\/2000\/svg\" width=\"15\" height=\"32\" viewBox=\"0 0 15 32\" preserveAspectRatio=\"xMidYMid meet\" aria-labelledby='av-svg-title-2' aria-describedby='av-svg-desc-2' role=\"graphics-symbol\" aria-hidden=\"true\">\n<title id='av-svg-title-2'>Suivant<\/title>\n<desc id='av-svg-desc-2'>Suivant<\/desc>\n<path d=\"M0.416 27.84l11.456-11.84-11.456-11.904q-0.832-0.832 0-1.536 0.832-0.832 1.536 0l12.544 12.608q0.768 0.832 0 1.6l-12.544 12.608q-0.704 0.832-1.536 0-0.832-0.704 0-1.536z\"><\/path>\n<\/svg><span class='avia_hidden_link_text'>Suivant<\/span><\/a><\/div><div class='avia-slideshow-dots avia-slideshow-controls av-horizontal-gallery-dots fade-in'><a href='#1' class='goto-slide active' >1<\/a><a href='#2' class='goto-slide ' >2<\/a><a href='#3' class='goto-slide ' >3<\/a><\/div><div class='av-horizontal-gallery-inner' data-av-height='25'><div class=\"av-horizontal-gallery-slider\"><div class=\"av-horizontal-gallery-wrap noHover\"><img decoding=\"async\" fetchpriority=\"high\" class='wp-image-135 avia-img-lazy-loading-not-135 av-horizontal-gallery-img' width=\"310\" height=\"225\" src=\"https:\/\/www.thomas-egger.ch\/wp-content\/uploads\/2021\/03\/globalforumwallis2015f.jpg\" title='globalforumwallis2015f' alt='' \/><a href=\"https:\/\/www.thomas-egger.ch\/wp-content\/uploads\/2021\/03\/globalforumwallis2015f.jpg\" class='av-horizontal-gallery-link avia-svg-icon avia-font-svg_entypo-fontello' data-av_svg_icon='resize-full' data-av_iconset='svg_entypo-fontello' title='globalforumwallis2015f' alt='' aria-label='Ouvrir l\u2019image dans une Lightbox: globalforumwallis2015f'><svg version=\"1.1\" xmlns=\"http:\/\/www.w3.org\/2000\/svg\" width=\"25\" height=\"32\" viewBox=\"0 0 25 32\" preserveAspectRatio=\"xMidYMid meet\" aria-labelledby='av-svg-title-3' aria-describedby='av-svg-desc-3' role=\"graphics-symbol\" aria-hidden=\"true\">\n<title id='av-svg-title-3'>Ouvrir l\u2019image dans une Lightbox: globalforumwallis2015f<\/title>\n<desc id='av-svg-desc-3'>Ouvrir l\u2019image dans une Lightbox: globalforumwallis2015f<\/desc>\n<path d=\"M15.232 3.328h10.112v10.112l-3.2-3.968-4.672 4.864-3.2-3.2 4.864-4.672zM7.872 17.536l3.2 3.2-4.864 4.672 3.904 3.2h-10.112v-10.112l3.2 3.904z\"><\/path>\n<\/svg><\/a><\/div><div class=\"av-horizontal-gallery-wrap noHover\"><img decoding=\"async\" fetchpriority=\"high\" class='wp-image-137 avia-img-lazy-loading-not-137 av-horizontal-gallery-img' width=\"310\" height=\"225\" src=\"https:\/\/www.thomas-egger.ch\/wp-content\/uploads\/2021\/03\/globalforumwallis2015d.jpg\" title='globalforumwallis2015d' alt='' \/><a href=\"https:\/\/www.thomas-egger.ch\/wp-content\/uploads\/2021\/03\/globalforumwallis2015d.jpg\" class='av-horizontal-gallery-link avia-svg-icon avia-font-svg_entypo-fontello' data-av_svg_icon='resize-full' data-av_iconset='svg_entypo-fontello' title='globalforumwallis2015d' alt='' aria-label='Ouvrir l\u2019image dans une Lightbox: globalforumwallis2015d'><svg version=\"1.1\" xmlns=\"http:\/\/www.w3.org\/2000\/svg\" width=\"25\" height=\"32\" viewBox=\"0 0 25 32\" preserveAspectRatio=\"xMidYMid meet\" aria-labelledby='av-svg-title-4' aria-describedby='av-svg-desc-4' role=\"graphics-symbol\" aria-hidden=\"true\">\n<title id='av-svg-title-4'>Ouvrir l\u2019image dans une Lightbox: globalforumwallis2015d<\/title>\n<desc id='av-svg-desc-4'>Ouvrir l\u2019image dans une Lightbox: globalforumwallis2015d<\/desc>\n<path d=\"M15.232 3.328h10.112v10.112l-3.2-3.968-4.672 4.864-3.2-3.2 4.864-4.672zM7.872 17.536l3.2 3.2-4.864 4.672 3.904 3.2h-10.112v-10.112l3.2 3.904z\"><\/path>\n<\/svg><\/a><\/div><div class=\"av-horizontal-gallery-wrap noHover\"><img decoding=\"async\" fetchpriority=\"high\" class='wp-image-139 avia-img-lazy-loading-not-139 av-horizontal-gallery-img' width=\"310\" height=\"225\" src=\"https:\/\/www.thomas-egger.ch\/wp-content\/uploads\/2021\/03\/globalforumwallis2015c.jpg\" title='globalforumwallis2015c' alt='' \/><a href=\"https:\/\/www.thomas-egger.ch\/wp-content\/uploads\/2021\/03\/globalforumwallis2015c.jpg\" class='av-horizontal-gallery-link avia-svg-icon avia-font-svg_entypo-fontello' data-av_svg_icon='resize-full' data-av_iconset='svg_entypo-fontello' title='globalforumwallis2015c' alt='' aria-label='Ouvrir l\u2019image dans une Lightbox: globalforumwallis2015c'><svg version=\"1.1\" xmlns=\"http:\/\/www.w3.org\/2000\/svg\" width=\"25\" height=\"32\" viewBox=\"0 0 25 32\" preserveAspectRatio=\"xMidYMid meet\" aria-labelledby='av-svg-title-5' aria-describedby='av-svg-desc-5' role=\"graphics-symbol\" aria-hidden=\"true\">\n<title id='av-svg-title-5'>Ouvrir l\u2019image dans une Lightbox: globalforumwallis2015c<\/title>\n<desc id='av-svg-desc-5'>Ouvrir l\u2019image dans une Lightbox: globalforumwallis2015c<\/desc>\n<path d=\"M15.232 3.328h10.112v10.112l-3.2-3.968-4.672 4.864-3.2-3.2 4.864-4.672zM7.872 17.536l3.2 3.2-4.864 4.672 3.904 3.2h-10.112v-10.112l3.2 3.904z\"><\/path>\n<\/svg><\/a><\/div><\/div><\/div><\/div><br \/>\n<section  class='av_textblock_section av-kmnh17jp-e6d2b2eb08ef77437289174f4419576e '   itemscope=\"itemscope\" itemtype=\"https:\/\/schema.org\/CreativeWork\" ><div class='avia_textblock'  itemprop=\"text\" ><div class=\"fwelement fwtext fwtext0 \">\n<p><strong>Etudes de base<\/strong><\/p>\n<p>Les \u00e9tudes de base sont importantes pour disposer d\u2019informations fiables et pour pr\u00e9senter des th\u00e8mes sp\u00e9cifiques. C\u2019est dans ce cadre que nous (SAB) r\u00e9alisons, tous les deux ans une vue d\u2019ensemble d\u00e9di\u00e9e au d\u00e9veloppement des r\u00e9gions de montagne. En plus, nous r\u00e9alisons des \u00e9tudes li\u00e9es \u00e0 des th\u00e9matiques particuli\u00e8res comme p.ex. le ph\u00e9nom\u00e8ne de la \u00ab\u00a0fuite des cerveaux\u00a0\u00bb. Cette \u00e9tude de 2003 a \u00e9t\u00e9 le point de d\u00e9part pour la r\u00e9daction d\u2019autres travaux consacr\u00e9s \u00e0 ce m\u00eame sujet. Actuellement, notre \u00e9tude est encore cit\u00e9e en tant que r\u00e9f\u00e9rence.<\/p>\n<ul>\n<li>Les r\u00e9gions de montagne \u2013\u00a0<a href=\"https:\/\/www.thomas-egger.ch\/wp-content\/uploads\/2021\/03\/berggebietinzahlen.pdf\" target=\"_blank\" rel=\"noopener\">faits et chiffres\u00a0<\/a><\/li>\n<li>Etude sur la\u00a0<a href=\"https:\/\/www.thomas-egger.ch\/wp-content\/uploads\/2021\/03\/braindrain.pdf\" target=\"_blank\" rel=\"noopener\">fuite des cerveaux<\/a><\/li>\n<li>Etude sur les\u00a0<a href=\"https:\/\/www.thomas-egger.ch\/wp-content\/uploads\/2021\/03\/potenzialschwachenregionen.pdf\" target=\"_blank\" rel=\"noopener\">r\u00e9gions \u00e0 faible potentiel \u00e9conomique<\/a><\/li>\n<li>Le tourisme face au\u00a0<a href=\"https:\/\/www.thomas-egger.ch\/wp-content\/uploads\/2021\/03\/desbonnespratiquespourladaptationdutourismeauchangementclimatique.pdf\" target=\"_blank\" rel=\"noopener\">changement climatique<\/a><\/li>\n<\/ul>\n<\/div>\n<\/div><\/section><br \/>\n\n<style type=\"text\/css\" data-created_by=\"avia_inline_auto\" id=\"style-css-av-kmnh0hun-5e061540b8500934a53183a0419af104\">\n.avia-image-container.av-kmnh0hun-5e061540b8500934a53183a0419af104 img.avia_image{\nbox-shadow:none;\n}\n.avia-image-container.av-kmnh0hun-5e061540b8500934a53183a0419af104 .av-image-caption-overlay-center{\ncolor:#ffffff;\n}\n<\/style>\n<div  class='avia-image-container av-kmnh0hun-5e061540b8500934a53183a0419af104 av-styling- avia-align-center  avia-builder-el-6  el_after_av_textblock  avia-builder-el-last '   itemprop=\"image\" itemscope=\"itemscope\" itemtype=\"https:\/\/schema.org\/ImageObject\" ><div class=\"avia-image-container-inner\"><div class=\"avia-image-overlay-wrap\"><img decoding=\"async\" fetchpriority=\"high\" class='wp-image-133 avia-img-lazy-loading-not-133 avia_image ' src=\"https:\/\/www.thomas-egger.ch\/wp-content\/uploads\/2021\/03\/fotointerlaken1.jpg\" alt='' title='fotointerlaken1'  height=\"658\" width=\"990\"  itemprop=\"thumbnailUrl\" srcset=\"https:\/\/www.thomas-egger.ch\/wp-content\/uploads\/2021\/03\/fotointerlaken1.jpg 990w, https:\/\/www.thomas-egger.ch\/wp-content\/uploads\/2021\/03\/fotointerlaken1-768x510.jpg 768w, https:\/\/www.thomas-egger.ch\/wp-content\/uploads\/2021\/03\/fotointerlaken1-705x469.jpg 705w\" sizes=\"(max-width: 990px) 100vw, 990px\" \/><\/div><\/div><\/div><\/p><\/div>\n","protected":false},"excerpt":{"rendered":"","protected":false},"author":4,"featured_media":0,"parent":0,"menu_order":0,"comment_status":"closed","ping_status":"closed","template":"","meta":{"footnotes":""},"class_list":["post-145","page","type-page","status-publish","hentry"],"yoast_head":"<!-- This site is optimized with the Yoast SEO plugin v27.4 - https:\/\/yoast.com\/product\/yoast-seo-wordpress\/ -->\n<title>En lien avec la pratique - Thomas Egger<\/title>\n<meta name=\"robots\" content=\"index, follow, max-snippet:-1, max-image-preview:large, max-video-preview:-1\" \/>\n<link rel=\"canonical\" href=\"https:\/\/www.thomas-egger.ch\/fr\/en-lien-avec-la-pratique\/\" \/>\n<meta property=\"og:locale\" content=\"fr_FR\" \/>\n<meta property=\"og:type\" content=\"article\" \/>\n<meta property=\"og:title\" content=\"En lien avec la pratique - Thomas Egger\" \/>\n<meta property=\"og:url\" content=\"https:\/\/www.thomas-egger.ch\/fr\/en-lien-avec-la-pratique\/\" \/>\n<meta property=\"og:site_name\" content=\"Thomas Egger\" \/>\n<meta property=\"article:modified_time\" content=\"2023-10-22T06:33:37+00:00\" \/>\n<meta name=\"twitter:card\" content=\"summary_large_image\" \/>\n<meta name=\"twitter:label1\" content=\"Dur\u00e9e de lecture estim\u00e9e\" \/>\n\t<meta name=\"twitter:data1\" content=\"6 minutes\" \/>\n<script type=\"application\/ld+json\" class=\"yoast-schema-graph\">{\"@context\":\"https:\\\/\\\/schema.org\",\"@graph\":[{\"@type\":\"WebPage\",\"@id\":\"https:\\\/\\\/www.thomas-egger.ch\\\/fr\\\/en-lien-avec-la-pratique\\\/\",\"url\":\"https:\\\/\\\/www.thomas-egger.ch\\\/fr\\\/en-lien-avec-la-pratique\\\/\",\"name\":\"En lien avec la pratique - Thomas Egger\",\"isPartOf\":{\"@id\":\"https:\\\/\\\/www.thomas-egger.ch\\\/fr\\\/#website\"},\"datePublished\":\"2021-03-24T13:36:21+00:00\",\"dateModified\":\"2023-10-22T06:33:37+00:00\",\"breadcrumb\":{\"@id\":\"https:\\\/\\\/www.thomas-egger.ch\\\/fr\\\/en-lien-avec-la-pratique\\\/#breadcrumb\"},\"inLanguage\":\"fr-FR\",\"potentialAction\":[{\"@type\":\"ReadAction\",\"target\":[\"https:\\\/\\\/www.thomas-egger.ch\\\/fr\\\/en-lien-avec-la-pratique\\\/\"]}]},{\"@type\":\"BreadcrumbList\",\"@id\":\"https:\\\/\\\/www.thomas-egger.ch\\\/fr\\\/en-lien-avec-la-pratique\\\/#breadcrumb\",\"itemListElement\":[{\"@type\":\"ListItem\",\"position\":1,\"name\":\"Startseite\",\"item\":\"https:\\\/\\\/www.thomas-egger.ch\\\/fr\\\/home\\\/\"},{\"@type\":\"ListItem\",\"position\":2,\"name\":\"En lien avec la pratique\"}]},{\"@type\":\"WebSite\",\"@id\":\"https:\\\/\\\/www.thomas-egger.ch\\\/fr\\\/#website\",\"url\":\"https:\\\/\\\/www.thomas-egger.ch\\\/fr\\\/\",\"name\":\"Thomas Egger\",\"description\":\"\",\"potentialAction\":[{\"@type\":\"SearchAction\",\"target\":{\"@type\":\"EntryPoint\",\"urlTemplate\":\"https:\\\/\\\/www.thomas-egger.ch\\\/fr\\\/?s={search_term_string}\"},\"query-input\":{\"@type\":\"PropertyValueSpecification\",\"valueRequired\":true,\"valueName\":\"search_term_string\"}}],\"inLanguage\":\"fr-FR\"}]}<\/script>\n<!-- \/ Yoast SEO plugin. -->","yoast_head_json":{"title":"En lien avec la pratique - Thomas Egger","robots":{"index":"index","follow":"follow","max-snippet":"max-snippet:-1","max-image-preview":"max-image-preview:large","max-video-preview":"max-video-preview:-1"},"canonical":"https:\/\/www.thomas-egger.ch\/fr\/en-lien-avec-la-pratique\/","og_locale":"fr_FR","og_type":"article","og_title":"En lien avec la pratique - Thomas Egger","og_url":"https:\/\/www.thomas-egger.ch\/fr\/en-lien-avec-la-pratique\/","og_site_name":"Thomas Egger","article_modified_time":"2023-10-22T06:33:37+00:00","twitter_card":"summary_large_image","twitter_misc":{"Dur\u00e9e de lecture estim\u00e9e":"6 minutes"},"schema":{"@context":"https:\/\/schema.org","@graph":[{"@type":"WebPage","@id":"https:\/\/www.thomas-egger.ch\/fr\/en-lien-avec-la-pratique\/","url":"https:\/\/www.thomas-egger.ch\/fr\/en-lien-avec-la-pratique\/","name":"En lien avec la pratique - Thomas Egger","isPartOf":{"@id":"https:\/\/www.thomas-egger.ch\/fr\/#website"},"datePublished":"2021-03-24T13:36:21+00:00","dateModified":"2023-10-22T06:33:37+00:00","breadcrumb":{"@id":"https:\/\/www.thomas-egger.ch\/fr\/en-lien-avec-la-pratique\/#breadcrumb"},"inLanguage":"fr-FR","potentialAction":[{"@type":"ReadAction","target":["https:\/\/www.thomas-egger.ch\/fr\/en-lien-avec-la-pratique\/"]}]},{"@type":"BreadcrumbList","@id":"https:\/\/www.thomas-egger.ch\/fr\/en-lien-avec-la-pratique\/#breadcrumb","itemListElement":[{"@type":"ListItem","position":1,"name":"Startseite","item":"https:\/\/www.thomas-egger.ch\/fr\/home\/"},{"@type":"ListItem","position":2,"name":"En lien avec la pratique"}]},{"@type":"WebSite","@id":"https:\/\/www.thomas-egger.ch\/fr\/#website","url":"https:\/\/www.thomas-egger.ch\/fr\/","name":"Thomas Egger","description":"","potentialAction":[{"@type":"SearchAction","target":{"@type":"EntryPoint","urlTemplate":"https:\/\/www.thomas-egger.ch\/fr\/?s={search_term_string}"},"query-input":{"@type":"PropertyValueSpecification","valueRequired":true,"valueName":"search_term_string"}}],"inLanguage":"fr-FR"}]}},"_links":{"self":[{"href":"https:\/\/www.thomas-egger.ch\/fr\/wp-json\/wp\/v2\/pages\/145","targetHints":{"allow":["GET"]}}],"collection":[{"href":"https:\/\/www.thomas-egger.ch\/fr\/wp-json\/wp\/v2\/pages"}],"about":[{"href":"https:\/\/www.thomas-egger.ch\/fr\/wp-json\/wp\/v2\/types\/page"}],"author":[{"embeddable":true,"href":"https:\/\/www.thomas-egger.ch\/fr\/wp-json\/wp\/v2\/users\/4"}],"replies":[{"embeddable":true,"href":"https:\/\/www.thomas-egger.ch\/fr\/wp-json\/wp\/v2\/comments?post=145"}],"version-history":[{"count":18,"href":"https:\/\/www.thomas-egger.ch\/fr\/wp-json\/wp\/v2\/pages\/145\/revisions"}],"predecessor-version":[{"id":2711,"href":"https:\/\/www.thomas-egger.ch\/fr\/wp-json\/wp\/v2\/pages\/145\/revisions\/2711"}],"wp:attachment":[{"href":"https:\/\/www.thomas-egger.ch\/fr\/wp-json\/wp\/v2\/media?parent=145"}],"curies":[{"name":"wp","href":"https:\/\/api.w.org\/{rel}","templated":true}]}}