{"id":190,"date":"2021-03-24T15:24:14","date_gmt":"2021-03-24T14:24:14","guid":{"rendered":"https:\/\/neu.thomas-egger.ch\/succes-avec-la-loi-dapplication-sur-la-lex-weber\/"},"modified":"2025-08-13T07:48:39","modified_gmt":"2025-08-13T05:48:39","slug":"succes-avec-la-loi-dapplication-sur-la-lex-weber","status":"publish","type":"page","link":"https:\/\/www.thomas-egger.ch\/fr\/tres-bonnes-connaissances-des-dossiers-politiques\/succes-avec-la-loi-dapplication-sur-la-lex-weber\/","title":{"rendered":"Succ\u00e8s avec la loi d\u2019application sur la \u00ab Lex Weber \u00bb"},"content":{"rendered":"\n<style type=\"text\/css\" data-created_by=\"avia_inline_auto\" id=\"style-css-av-abq35-befa7922404516940c5bd76dbbe91e1f\">\n.flex_column.av-abq35-befa7922404516940c5bd76dbbe91e1f{\nborder-radius:0px 0px 0px 0px;\npadding:0px 0px 0px 0px;\n}\n<\/style>\n<div  class='flex_column av-abq35-befa7922404516940c5bd76dbbe91e1f av_two_third  avia-builder-el-0  avia-builder-el-no-sibling  first flex_column_div av-zero-column-padding  '     ><section  class='av_textblock_section av-kmnjb05v-9f06d66c41ab93d2e283cf02ad8b784f '   itemscope=\"itemscope\" itemtype=\"https:\/\/schema.org\/CreativeWork\" ><div class='avia_textblock'  itemprop=\"text\" ><h1>Succ\u00e8s avec la loi d\u2019application sur la \u00ab Lex Weber \u00bb<\/h1>\n<p>Les r\u00e9sidences secondaires : c\u2019est le th\u00e8me qui m\u2019occupe le plus depuis 2012. Nous avons perdu la votation f\u00e9d\u00e9rale sur la Lex Weber. Mais par la suite, j\u2019ai eu l\u2019occasion de si\u00e9ger dans le groupe de travail de la Conf\u00e9d\u00e9ration qui \u00e9tait charg\u00e9 d\u2019\u00e9laborer l\u2019ordonnance, ainsi que la loi d\u2019application. Et on peu dire aujourd\u2019hui que cette loi d\u2019application tient compte de la plus grande partie des exigences des r\u00e9gions de montagne. Suite aux d\u00e9cisions du Parlament f\u00e9d\u00e9ral de la session de printemps 2015, il \u00e9tait important de cr\u00e9er rapidement la s\u00e9curit\u00e9 juridique. La l\u00e9gislation sur les r\u00e9sidences secondaires est entr\u00e9e en vigueur le 1er janvier 2016. D\u00e8s lors. il s&rsquo;ag\u00eet de bien observer les cons\u00e9quences et d&rsquo;exiger au bon moment des corrections.<\/p>\n<ul>\n<li>13 ao\u00fbt 2025: <a href=\"https:\/\/www.sab.ch\/wp-content\/uploads\/2025\/08\/Fallbeispiele-Einheimische-Zweitheimische-1.pdf\" target=\"_blank\" rel=\"noopener\">Rapport<\/a> nur les relations entre communes et propri\u00e9taires de r\u00e9sidences secondaires.<\/li>\n<li>11 novembre 2022:\u00a0<a href=\"https:\/\/www.rorep.ch\/rorep_workshop_f.html\" target=\"_blank\" rel=\"noopener\">Expos\u00e9<\/a> sur les effets de la Lex Weber \u00e0 Berne.<\/li>\n<li>11 mars 2022: dix ans apr\u00e8s la Lex Weber &#8211; les effets sont bien visibles et une r\u00e9forme de la l\u00e9gislation est n\u00e9cessaire. <a href=\"http:\/\/www.sab.ch\/fr\/home\/news-detail-fr\/news\/zehn-jahre-nach-der-zweitwohnungsinitiative.html\" target=\"_blank\" rel=\"noopener\">Communiqu\u00e9 de presse<\/a> et <a href=\"https:\/\/www.thomas-egger.ch\/wp-content\/uploads\/2022\/03\/Zweitwohnungsgesetzgebung_Handlungsbedarf_2021.pdf\" target=\"_blank\" rel=\"noopener\">rapport<\/a> avec les propositions concr\u00e8tes.<\/li>\n<li>1er octobre 2021: La l\u00e9gislation sur les r\u00e9sidences secondaires doit \u00eatre r\u00e9vis\u00e9e. <a href=\"https:\/\/www.thomas-egger.ch\/wp-content\/uploads\/2021\/10\/Montagna-10-2021-Zweitwohungsgesetz.pdf\" target=\"_blank\" rel=\"noopener\">Article<\/a> dans Montagna.<\/li>\n<li>12 mai 2021:\u00a0La loi sur les r\u00e9sidences secondaires doit \u00eatre r\u00e9vis\u00e9e. <a href=\"http:\/\/www.sab.ch\/fileadmin\/user_upload\/customers\/sab\/Pressemitteilungen\/2021\/fr\/CP_La_legislation_sur_les_residences_secondaires__12.05.2021.pdf\" target=\"_blank\" rel=\"noopener\">CP<\/a> du SAB.<\/li>\n<li>8 octobre 2020:\u00a0La \u00ab\u00a0Lex Weber\u00a0\u00bb comporte des erreurs de construction et doit \u00eatre r\u00e9vis\u00e9e!\u00a0<a href=\"https:\/\/www.thomas-egger.ch\/wp-content\/uploads\/2021\/03\/article.pdf\" target=\"_blank\" rel=\"noopener\">Article<\/a>\u00a0dans \u00ab\u00a0Propri\u00e9t\u00e9\u00a0\u00bb.<\/li>\n<li>19 ao\u00fbt 2019: La l\u00e9gislation sur les r\u00e9sidences secondaires doit \u00eatre r\u00e9vis\u00e9e.\u00a0<a href=\"http:\/\/www.sab.ch\/fr\/home\/news-detail-fr\/news\/zweitwohnungsgesetzgebung-handlungsbedarf-gegeben.html?cHash=1555f5147fbb5bca9574e7957c40b2c9\" target=\"_blank\" rel=\"noopener\">Communiqu\u00e9<\/a>\u00a0du SAB,\u00a0<a href=\"https:\/\/lecourrier.ch\/2019\/08\/20\/tres-loin-de-lobjectif-annonce\/\" target=\"_blank\" rel=\"noopener\">article<\/a>\u00a0dans le Courrier et\u00a0<a href=\"https:\/\/www.rts.ch\/info\/suisse\/10647322-des-organisations-plaident-pour-des-corrections-sur-la-lex-weber.html\" target=\"_blank\" rel=\"noopener\">d\u00e9bat<\/a>\u00a0dans FORUM sur RTS.<\/li>\n<li>Juin 2017: Interview dans la\u00a0<a href=\"https:\/\/www.thomas-egger.ch\/wp-content\/uploads\/2021\/03\/revue.pdf\" target=\"_blank\" rel=\"noopener\">revue<\/a>\u00a0de la Soci\u00e9t\u00e9 suisse des entrepreneurs.<\/li>\n<li>Mars 2017: une analyse de la situation 5 ann\u00e9es apr\u00e8s l&rsquo;acceptation de la Lex Weber dans la revue \u00ab\u00a0<a href=\"https:\/\/www.thomas-egger.ch\/wp-content\/uploads\/2021\/03\/communesuisse.pdf\" target=\"_blank\" rel=\"noopener\">Commune Suisse<\/a>\u00ab\u00a0.<\/li>\n<li>28 octobre 2016:\u00a0Journ\u00e9e d&rsquo;\u00e9tude sur les premiers enseignements avec la nouvelle l\u00e9gislation sur les r\u00e9sidences secondaires. Reportage sur\u00a0<a href=\"http:\/\/www.rhonefm.ch\/fr\/news\/site\/\/les-1ers-effets-de-la-lex-weber-font-l-objet-d-un-seminaire-a-berne-694142\" target=\"_blank\" rel=\"noopener\">RhoneFM<\/a>.<\/li>\n<li><a id=\"7193396\" href=\"http:\/\/www.rsi.ch\/play\/tv\/il-quotidiano\/video\/14-04-2016-residenze-secondarie-un-potenziale-turistico-da-sfruttare?id=7193396\" target=\"_blank\" rel=\"noopener\">Conf\u00e9rence de presse<\/a>\u00a0\u00e0 Faido pour pr\u00e9senter les r\u00e9sultats du projet mod\u00e8le pour transformer des lits froids en lits chauds et reportage dans le magazine\u00a0<a href=\"https:\/\/www.thomas-egger.ch\/wp-content\/uploads\/2021\/03\/regios.pdf\" target=\"_blank\" rel=\"noopener\">regioS<\/a>.<\/li>\n<li>L&rsquo;initiative sur les r\u00e9sidences secondaires appelle les r\u00e9gions de montagne \u00e0 s repositionner\u00a0(<a href=\"https:\/\/www.thomas-egger.ch\/wp-content\/uploads\/2021\/03\/collage1_14.pdf\" target=\"_blank\" rel=\"noopener\">Collage 1_14<\/a>)<\/li>\n<li>Table ronde au sujet de la \u00ab\u00a0Lex Weber\u00a0\u00bb \u00e0\u00a0<a href=\"http:\/\/www.rro.ch\/cms\/raumplanungsgesetz-und-zweitwohnungsinitiative-die-sargnaegel-unserer-region-mit-diesem-thema-wurden-am-mittwochabend-in-stalden-die-polittage-2015-eroeffnet-78146#pos\" target=\"_blank\" rel=\"noopener\">Stalden<\/a><\/li>\n<li>Mon commentaire sur le compromis concernant la \u00ab\u00a0Lex Weber\u00a0\u00bb dans l&rsquo;\u00e9mission\u00a0<a id=\"5e4252e0-4d78-4d43-baaf-d91d40c28d47\" href=\"http:\/\/www.srf.ch\/play\/tv\/10vor10\/video\/deal-bei-der-zweitwohnungsinitiative?id=5e4252e0-4d78-4d43-baaf-d91d40c28d47\" target=\"_blank\" rel=\"noopener\">\u00ab\u00a010vor10\u00a0\u00bb<\/a><\/li>\n<li><a href=\"http:\/\/youtu.be\/we0kGsHztp8\" target=\"_blank\" rel=\"noopener\">Expos\u00e9 sur les effets \u00e9conomiques de la \u00ab\u00a0Lex Weber\u00a0\u00bb \u00a0\u00e0 la journ\u00e9e d\u2019\u00e9tude de BusinetVS<\/a><\/li>\n<li><a href=\"http:\/\/www.bauenschweiz.ch\/Bauwirtschaft-aktuell-Nr-16.117+M5eb6215a1de.0.html\" target=\"_blank\" rel=\"noopener\">Article sur les effets \u2013 inattendus \u2013 de la \u00ab\u00a0Lex Weber\u00a0\u00bb<\/a><\/li>\n<li><\/li>\n<\/ul>\n<\/div><\/section><br \/>\n\n<style type=\"text\/css\" data-created_by=\"avia_inline_auto\" id=\"style-css-av-kmnjbesu-0b99c3914e4d4bb7c6733e89b3dba7bf\">\n.avia-image-container.av-kmnjbesu-0b99c3914e4d4bb7c6733e89b3dba7bf img.avia_image{\nbox-shadow:none;\n}\n.avia-image-container.av-kmnjbesu-0b99c3914e4d4bb7c6733e89b3dba7bf .av-image-caption-overlay-center{\ncolor:#ffffff;\n}\n<\/style>\n<div  class='avia-image-container av-kmnjbesu-0b99c3914e4d4bb7c6733e89b3dba7bf av-styling- avia-align-center  avia-builder-el-2  el_after_av_textblock  avia-builder-el-last '   itemprop=\"image\" itemscope=\"itemscope\" itemtype=\"https:\/\/schema.org\/ImageObject\" ><div class=\"avia-image-container-inner\"><div class=\"avia-image-overlay-wrap\"><img decoding=\"async\" fetchpriority=\"high\" class='wp-image-187 avia-img-lazy-loading-not-187 avia_image ' src=\"https:\/\/www.thomas-egger.ch\/wp-content\/uploads\/2021\/03\/ernen_1.jpg\" alt='' title='ernen_1'  height=\"742\" width=\"990\"  itemprop=\"thumbnailUrl\" srcset=\"https:\/\/www.thomas-egger.ch\/wp-content\/uploads\/2021\/03\/ernen_1.jpg 990w, https:\/\/www.thomas-egger.ch\/wp-content\/uploads\/2021\/03\/ernen_1-768x576.jpg 768w, https:\/\/www.thomas-egger.ch\/wp-content\/uploads\/2021\/03\/ernen_1-705x528.jpg 705w\" sizes=\"(max-width: 990px) 100vw, 990px\" \/><\/div><\/div><\/div><\/p><\/div>\n","protected":false},"excerpt":{"rendered":"","protected":false},"author":4,"featured_media":0,"parent":352,"menu_order":0,"comment_status":"closed","ping_status":"closed","template":"","meta":{"footnotes":""},"class_list":["post-190","page","type-page","status-publish","hentry"],"yoast_head":"<!-- This site is optimized with the Yoast SEO plugin v27.4 - https:\/\/yoast.com\/product\/yoast-seo-wordpress\/ -->\n<title>Succ\u00e8s avec la loi d\u2019application sur la \u00ab Lex Weber \u00bb - Thomas Egger<\/title>\n<meta name=\"robots\" content=\"index, follow, max-snippet:-1, max-image-preview:large, max-video-preview:-1\" \/>\n<link rel=\"canonical\" href=\"https:\/\/www.thomas-egger.ch\/fr\/tres-bonnes-connaissances-des-dossiers-politiques\/succes-avec-la-loi-dapplication-sur-la-lex-weber\/\" \/>\n<meta property=\"og:locale\" content=\"fr_FR\" \/>\n<meta property=\"og:type\" content=\"article\" \/>\n<meta property=\"og:title\" content=\"Succ\u00e8s avec la loi d\u2019application sur la \u00ab Lex Weber \u00bb - Thomas Egger\" \/>\n<meta property=\"og:url\" content=\"https:\/\/www.thomas-egger.ch\/fr\/tres-bonnes-connaissances-des-dossiers-politiques\/succes-avec-la-loi-dapplication-sur-la-lex-weber\/\" \/>\n<meta property=\"og:site_name\" content=\"Thomas Egger\" \/>\n<meta property=\"article:modified_time\" content=\"2025-08-13T05:48:39+00:00\" \/>\n<meta name=\"twitter:card\" content=\"summary_large_image\" \/>\n<meta name=\"twitter:label1\" content=\"Dur\u00e9e de lecture estim\u00e9e\" \/>\n\t<meta name=\"twitter:data1\" content=\"3 minutes\" \/>\n<script type=\"application\/ld+json\" class=\"yoast-schema-graph\">{\"@context\":\"https:\\\/\\\/schema.org\",\"@graph\":[{\"@type\":\"WebPage\",\"@id\":\"https:\\\/\\\/www.thomas-egger.ch\\\/fr\\\/tres-bonnes-connaissances-des-dossiers-politiques\\\/succes-avec-la-loi-dapplication-sur-la-lex-weber\\\/\",\"url\":\"https:\\\/\\\/www.thomas-egger.ch\\\/fr\\\/tres-bonnes-connaissances-des-dossiers-politiques\\\/succes-avec-la-loi-dapplication-sur-la-lex-weber\\\/\",\"name\":\"Succ\u00e8s avec la loi d\u2019application sur la \u00ab Lex Weber \u00bb - Thomas Egger\",\"isPartOf\":{\"@id\":\"https:\\\/\\\/www.thomas-egger.ch\\\/fr\\\/#website\"},\"datePublished\":\"2021-03-24T14:24:14+00:00\",\"dateModified\":\"2025-08-13T05:48:39+00:00\",\"breadcrumb\":{\"@id\":\"https:\\\/\\\/www.thomas-egger.ch\\\/fr\\\/tres-bonnes-connaissances-des-dossiers-politiques\\\/succes-avec-la-loi-dapplication-sur-la-lex-weber\\\/#breadcrumb\"},\"inLanguage\":\"fr-FR\",\"potentialAction\":[{\"@type\":\"ReadAction\",\"target\":[\"https:\\\/\\\/www.thomas-egger.ch\\\/fr\\\/tres-bonnes-connaissances-des-dossiers-politiques\\\/succes-avec-la-loi-dapplication-sur-la-lex-weber\\\/\"]}]},{\"@type\":\"BreadcrumbList\",\"@id\":\"https:\\\/\\\/www.thomas-egger.ch\\\/fr\\\/tres-bonnes-connaissances-des-dossiers-politiques\\\/succes-avec-la-loi-dapplication-sur-la-lex-weber\\\/#breadcrumb\",\"itemListElement\":[{\"@type\":\"ListItem\",\"position\":1,\"name\":\"Startseite\",\"item\":\"https:\\\/\\\/www.thomas-egger.ch\\\/fr\\\/home\\\/\"},{\"@type\":\"ListItem\",\"position\":2,\"name\":\"Tr\u00e8s bonnes connaissances des dossiers politiques\",\"item\":\"https:\\\/\\\/www.thomas-egger.ch\\\/fr\\\/tres-bonnes-connaissances-des-dossiers-politiques\\\/\"},{\"@type\":\"ListItem\",\"position\":3,\"name\":\"Succ\u00e8s avec la loi d\u2019application sur la \u00ab Lex Weber \u00bb\"}]},{\"@type\":\"WebSite\",\"@id\":\"https:\\\/\\\/www.thomas-egger.ch\\\/fr\\\/#website\",\"url\":\"https:\\\/\\\/www.thomas-egger.ch\\\/fr\\\/\",\"name\":\"Thomas Egger\",\"description\":\"\",\"potentialAction\":[{\"@type\":\"SearchAction\",\"target\":{\"@type\":\"EntryPoint\",\"urlTemplate\":\"https:\\\/\\\/www.thomas-egger.ch\\\/fr\\\/?s={search_term_string}\"},\"query-input\":{\"@type\":\"PropertyValueSpecification\",\"valueRequired\":true,\"valueName\":\"search_term_string\"}}],\"inLanguage\":\"fr-FR\"}]}<\/script>\n<!-- \/ Yoast SEO plugin. -->","yoast_head_json":{"title":"Succ\u00e8s avec la loi d\u2019application sur la \u00ab Lex Weber \u00bb - Thomas Egger","robots":{"index":"index","follow":"follow","max-snippet":"max-snippet:-1","max-image-preview":"max-image-preview:large","max-video-preview":"max-video-preview:-1"},"canonical":"https:\/\/www.thomas-egger.ch\/fr\/tres-bonnes-connaissances-des-dossiers-politiques\/succes-avec-la-loi-dapplication-sur-la-lex-weber\/","og_locale":"fr_FR","og_type":"article","og_title":"Succ\u00e8s avec la loi d\u2019application sur la \u00ab Lex Weber \u00bb - Thomas Egger","og_url":"https:\/\/www.thomas-egger.ch\/fr\/tres-bonnes-connaissances-des-dossiers-politiques\/succes-avec-la-loi-dapplication-sur-la-lex-weber\/","og_site_name":"Thomas Egger","article_modified_time":"2025-08-13T05:48:39+00:00","twitter_card":"summary_large_image","twitter_misc":{"Dur\u00e9e de lecture estim\u00e9e":"3 minutes"},"schema":{"@context":"https:\/\/schema.org","@graph":[{"@type":"WebPage","@id":"https:\/\/www.thomas-egger.ch\/fr\/tres-bonnes-connaissances-des-dossiers-politiques\/succes-avec-la-loi-dapplication-sur-la-lex-weber\/","url":"https:\/\/www.thomas-egger.ch\/fr\/tres-bonnes-connaissances-des-dossiers-politiques\/succes-avec-la-loi-dapplication-sur-la-lex-weber\/","name":"Succ\u00e8s avec la loi d\u2019application sur la \u00ab Lex Weber \u00bb - Thomas Egger","isPartOf":{"@id":"https:\/\/www.thomas-egger.ch\/fr\/#website"},"datePublished":"2021-03-24T14:24:14+00:00","dateModified":"2025-08-13T05:48:39+00:00","breadcrumb":{"@id":"https:\/\/www.thomas-egger.ch\/fr\/tres-bonnes-connaissances-des-dossiers-politiques\/succes-avec-la-loi-dapplication-sur-la-lex-weber\/#breadcrumb"},"inLanguage":"fr-FR","potentialAction":[{"@type":"ReadAction","target":["https:\/\/www.thomas-egger.ch\/fr\/tres-bonnes-connaissances-des-dossiers-politiques\/succes-avec-la-loi-dapplication-sur-la-lex-weber\/"]}]},{"@type":"BreadcrumbList","@id":"https:\/\/www.thomas-egger.ch\/fr\/tres-bonnes-connaissances-des-dossiers-politiques\/succes-avec-la-loi-dapplication-sur-la-lex-weber\/#breadcrumb","itemListElement":[{"@type":"ListItem","position":1,"name":"Startseite","item":"https:\/\/www.thomas-egger.ch\/fr\/home\/"},{"@type":"ListItem","position":2,"name":"Tr\u00e8s bonnes connaissances des dossiers politiques","item":"https:\/\/www.thomas-egger.ch\/fr\/tres-bonnes-connaissances-des-dossiers-politiques\/"},{"@type":"ListItem","position":3,"name":"Succ\u00e8s avec la loi d\u2019application sur la \u00ab Lex Weber \u00bb"}]},{"@type":"WebSite","@id":"https:\/\/www.thomas-egger.ch\/fr\/#website","url":"https:\/\/www.thomas-egger.ch\/fr\/","name":"Thomas Egger","description":"","potentialAction":[{"@type":"SearchAction","target":{"@type":"EntryPoint","urlTemplate":"https:\/\/www.thomas-egger.ch\/fr\/?s={search_term_string}"},"query-input":{"@type":"PropertyValueSpecification","valueRequired":true,"valueName":"search_term_string"}}],"inLanguage":"fr-FR"}]}},"_links":{"self":[{"href":"https:\/\/www.thomas-egger.ch\/fr\/wp-json\/wp\/v2\/pages\/190","targetHints":{"allow":["GET"]}}],"collection":[{"href":"https:\/\/www.thomas-egger.ch\/fr\/wp-json\/wp\/v2\/pages"}],"about":[{"href":"https:\/\/www.thomas-egger.ch\/fr\/wp-json\/wp\/v2\/types\/page"}],"author":[{"embeddable":true,"href":"https:\/\/www.thomas-egger.ch\/fr\/wp-json\/wp\/v2\/users\/4"}],"replies":[{"embeddable":true,"href":"https:\/\/www.thomas-egger.ch\/fr\/wp-json\/wp\/v2\/comments?post=190"}],"version-history":[{"count":14,"href":"https:\/\/www.thomas-egger.ch\/fr\/wp-json\/wp\/v2\/pages\/190\/revisions"}],"predecessor-version":[{"id":3599,"href":"https:\/\/www.thomas-egger.ch\/fr\/wp-json\/wp\/v2\/pages\/190\/revisions\/3599"}],"up":[{"embeddable":true,"href":"https:\/\/www.thomas-egger.ch\/fr\/wp-json\/wp\/v2\/pages\/352"}],"wp:attachment":[{"href":"https:\/\/www.thomas-egger.ch\/fr\/wp-json\/wp\/v2\/media?parent=190"}],"curies":[{"name":"wp","href":"https:\/\/api.w.org\/{rel}","templated":true}]}}