{"id":253,"date":"2021-03-24T16:08:15","date_gmt":"2021-03-24T15:08:15","guid":{"rendered":"https:\/\/neu.thomas-egger.ch\/mieux-utiliser-et-valoriser-le-bois\/"},"modified":"2024-09-10T14:49:00","modified_gmt":"2024-09-10T12:49:00","slug":"mieux-utiliser-et-valoriser-le-bois","status":"publish","type":"page","link":"https:\/\/www.thomas-egger.ch\/fr\/tres-bonnes-connaissances-des-dossiers-politiques\/mieux-utiliser-et-valoriser-le-bois\/","title":{"rendered":"Mieux utiliser et valoriser le bois"},"content":{"rendered":"\n<style type=\"text\/css\" data-created_by=\"avia_inline_auto\" id=\"style-css-av-azsnc-0d39347585f0387016d40fbc4e50f767\">\n.flex_column.av-azsnc-0d39347585f0387016d40fbc4e50f767{\nborder-radius:0px 0px 0px 0px;\npadding:0px 0px 0px 0px;\n}\n<\/style>\n<div  class='flex_column av-azsnc-0d39347585f0387016d40fbc4e50f767 av_two_third  avia-builder-el-0  avia-builder-el-no-sibling  first flex_column_div av-zero-column-padding  '     ><section  class='av_textblock_section av-kmnkxw6n-91279fe359c759b0b63264a7e1f57590 '   itemscope=\"itemscope\" itemtype=\"https:\/\/schema.org\/CreativeWork\" ><div class='avia_textblock'  itemprop=\"text\" ><h1>Mieux utiliser et valoriser le bois<\/h1>\n<p>La for\u00eat couvre 31% de la surface du territoire national. Le bois est une ressource importante pour les constructions et pour la production d\u2019\u00e9nergie. Mais cette ressource est sous-exploit\u00e9e. Il faut renforcer la cha\u00eene de valeur ajout\u00e9e du bois. Au lieu de mettre de plus en plus de surfaces sous protection (r\u00e9serves foresti\u00e8res), il faudrait davantage investir dans la desserte des surfaces foresti\u00e8res. C\u2019est une n\u00e9cessit\u00e9 pour pr\u00e9server les for\u00eats de protection (r\u00f4le important contre les dangers naturels) et pour faciliter l\u2019intervention des pompiers, lors d\u2019incendies tels que nous avons connu \u00e0 Lo\u00e8che et \u00e0 Vi\u00e8ge.<\/p>\n<p>De plus, comme elle est sous-exploit\u00e9e, la for\u00eat ne cesse de progresser. Cette \u00e9volution se fait au d\u00e9triment des surfaces agricoles. En tant que membre du groupe d\u2019accompagnement pour le programme forestier 2020 de la Conf\u00e9d\u00e9ration, j\u2019ai pu influencer cette politique foresti\u00e8re. Avec le Conseiller aux Etats Ren\u00e9 Imoberdorf (CSPO, Vi\u00e8ge), nous sommes parvenus \u00e0 changer la loi sur la for\u00eat, afin qu\u2019il ne soit plus n\u00e9cessaire de compenser chaque arbre abattu dans des zone o\u00f9 la for\u00eat progresse naturellement. Dans ce cadre, les communes peuvent fixer des limites statiques de la for\u00eat.<\/p>\n<p>Et de 2020 \u00e0 2024, j&rsquo;ai pu apporter une contribution \u00e0 la mise en valeur du bois en Valais en tant que pr\u00e9sident de Lignum Valais-Wallis.<\/p>\n<ul>\n<li><a href=\"https:\/\/www.thomas-egger.ch\/wp-content\/uploads\/2021\/03\/tagungsberichtzurwertschoepfungsketteholz.pdf\" target=\"_blank\" rel=\"noopener\">La cha\u00eene de valeur ajout\u00e9e du bois<\/a><\/li>\n<li>4 octobre 2019:\u00a0L&rsquo;\u00e9conomie foresti\u00e8re valaisanne veut renforcer la collaboration et m&rsquo;a\u00a0<a href=\"https:\/\/www.thomas-egger.ch\/wp-content\/uploads\/2021\/03\/charge.pdf\" target=\"_blank\" rel=\"noopener\">charg\u00e9<\/a>\u00a0d&rsquo;accompagner le processus.<\/li>\n<li>18 novembre 2020:\u00a0Elu en tant que pr\u00e9sident de la nouvelle Lignum Valais-Wallis.\u00a0<a href=\"https:\/\/www.lenouvelliste.ch\/articles\/valais\/canton\/avec-lignum-valais-wallis-la-filiere-bois-est-enfin-unifiee-en-valais-1007211\" target=\"_blank\" rel=\"noopener\">Article<\/a>\u00a0dans le Nouvelliste.<\/li>\n<li>19 novembre 2021:\u00a0Premi\u00e8re Assembl\u00e9e G\u00e9n\u00e9rale de la nouvelle association Lignum Valais-Wallis \u00e0 Brigue. Article dans le\u00a0<a href=\"https:\/\/www.thomas-egger.ch\/wp-content\/uploads\/2021\/11\/Valais_-les-5-defis-de-la-filiere-du-bois.pdf\" target=\"_blank\" rel=\"noopener\">Nouvelliste<\/a>\u00a0et\u00a0<a href=\"https:\/\/www.thomas-egger.ch\/wp-content\/uploads\/2021\/11\/MM-GV-2021-Lignum-VS_fr.pdf\" target=\"_blank\" rel=\"noopener\">Communiqu\u00e9 de presse.\u00a0<\/a><\/li>\n<li>10 juin 2022:\u00a0Assembl\u00e9e g\u00e9n\u00e9rale de\u00a0<a href=\"https:\/\/www.lignum-vs.ch\" target=\"_blank\" rel=\"noopener\">Lignum Valais-Wallis<\/a> \u00e0 Troistorrents.<\/li>\n<li>27 juin 2023: Bois et Tourismus forment une symbiose naturelle. <a href=\"https:\/\/www.thomas-egger.ch\/wp-content\/uploads\/2023\/06\/Artikel.07-2023.pdf\" target=\"_blank\" rel=\"noopener\">Article<\/a> dans la revue Montagna.<\/li>\n<li>14 \u2013 16 septembre 2023: Le bois et le tourisme forment une symbiose naturelle. <a href=\"https:\/\/www.thomas-egger.ch\/wp-content\/uploads\/2023\/09\/CdP-RRB23.pdf\" target=\"_blank\" rel=\"noopener\">R\u00e9sultats<\/a> des <a href=\"https:\/\/rrb23.rencontresromandesdubois.ch\" target=\"_blank\" rel=\"noopener\">Rencontres Romandes du Bois 2023<\/a> au Ch\u00e2ble.<\/li>\n<li>14 mars 2024: Une nouvelle <a href=\"https:\/\/www.thomas-egger.ch\/wp-content\/uploads\/2024\/03\/Lignum_Brochure_Bois_Tourisme_F.pdf\" target=\"_blank\" rel=\"noopener\">brochure<\/a> de Lignum Valais-Wallis d\u00e9montre le potentiel de synergies entre bois et tourisme.<\/li>\n<li>14 mars 2024: En Valais, il y a un grand nombre de constructions modernes en bois endog\u00e8ne. Mais elles ne sont pas assez connues. Une nouvelle <a href=\"https:\/\/www.thomas-egger.ch\/wp-content\/uploads\/2024\/03\/PV118943_Broschuere_Lignum_FR_GzD_3.pdf\" target=\"_blank\" rel=\"noopener\">brochure<\/a> de Lignum Valais-Wallis les met en avant.<\/li>\n<li>10 septembre 2024:\u00a0Renforcer les chaines \u00e0 valeur ajout\u00e9e du bois. <a href=\"https:\/\/www.thomas-egger.ch\/wp-content\/uploads\/2024\/09\/Holz-Artikel.8-9.24.pdf\" target=\"_blank\" rel=\"noopener\">Article<\/a>\u00a0dans la revue Montagna.<\/li>\n<\/ul>\n<\/div><\/section><br \/>\n\n<style type=\"text\/css\" data-created_by=\"avia_inline_auto\" id=\"style-css-av-kmnkydc1-28ecd123d4abcfa4267cb3f6b9463e5e\">\n.avia-image-container.av-kmnkydc1-28ecd123d4abcfa4267cb3f6b9463e5e img.avia_image{\nbox-shadow:none;\n}\n.avia-image-container.av-kmnkydc1-28ecd123d4abcfa4267cb3f6b9463e5e .av-image-caption-overlay-center{\ncolor:#ffffff;\n}\n<\/style>\n<div  class='avia-image-container av-kmnkydc1-28ecd123d4abcfa4267cb3f6b9463e5e av-styling- avia-align-center  avia-builder-el-2  el_after_av_textblock  avia-builder-el-last '   itemprop=\"image\" itemscope=\"itemscope\" itemtype=\"https:\/\/schema.org\/ImageObject\" ><div class=\"avia-image-container-inner\"><div class=\"avia-image-overlay-wrap\"><img decoding=\"async\" fetchpriority=\"high\" class='wp-image-250 avia-img-lazy-loading-not-250 avia_image ' src=\"https:\/\/www.thomas-egger.ch\/wp-content\/uploads\/2021\/03\/holzweg2.jpg\" alt='' title='holzweg2'  height=\"742\" width=\"990\"  itemprop=\"thumbnailUrl\" srcset=\"https:\/\/www.thomas-egger.ch\/wp-content\/uploads\/2021\/03\/holzweg2.jpg 990w, https:\/\/www.thomas-egger.ch\/wp-content\/uploads\/2021\/03\/holzweg2-768x576.jpg 768w, https:\/\/www.thomas-egger.ch\/wp-content\/uploads\/2021\/03\/holzweg2-705x528.jpg 705w\" sizes=\"(max-width: 990px) 100vw, 990px\" \/><\/div><\/div><\/div><\/p><\/div>\n","protected":false},"excerpt":{"rendered":"","protected":false},"author":4,"featured_media":0,"parent":352,"menu_order":0,"comment_status":"closed","ping_status":"closed","template":"","meta":{"footnotes":""},"class_list":["post-253","page","type-page","status-publish","hentry"],"yoast_head":"<!-- This site is optimized with the Yoast SEO plugin v27.4 - https:\/\/yoast.com\/product\/yoast-seo-wordpress\/ -->\n<title>Mieux utiliser et valoriser le bois - Thomas Egger<\/title>\n<meta name=\"robots\" content=\"index, follow, max-snippet:-1, max-image-preview:large, max-video-preview:-1\" \/>\n<link rel=\"canonical\" href=\"https:\/\/www.thomas-egger.ch\/fr\/tres-bonnes-connaissances-des-dossiers-politiques\/mieux-utiliser-et-valoriser-le-bois\/\" \/>\n<meta property=\"og:locale\" content=\"fr_FR\" \/>\n<meta property=\"og:type\" content=\"article\" \/>\n<meta property=\"og:title\" content=\"Mieux utiliser et valoriser le bois - Thomas Egger\" \/>\n<meta property=\"og:url\" content=\"https:\/\/www.thomas-egger.ch\/fr\/tres-bonnes-connaissances-des-dossiers-politiques\/mieux-utiliser-et-valoriser-le-bois\/\" \/>\n<meta property=\"og:site_name\" content=\"Thomas Egger\" \/>\n<meta property=\"article:modified_time\" content=\"2024-09-10T12:49:00+00:00\" \/>\n<meta name=\"twitter:card\" content=\"summary_large_image\" \/>\n<meta name=\"twitter:label1\" content=\"Dur\u00e9e de lecture estim\u00e9e\" \/>\n\t<meta name=\"twitter:data1\" content=\"3 minutes\" \/>\n<script type=\"application\/ld+json\" class=\"yoast-schema-graph\">{\"@context\":\"https:\\\/\\\/schema.org\",\"@graph\":[{\"@type\":\"WebPage\",\"@id\":\"https:\\\/\\\/www.thomas-egger.ch\\\/fr\\\/tres-bonnes-connaissances-des-dossiers-politiques\\\/mieux-utiliser-et-valoriser-le-bois\\\/\",\"url\":\"https:\\\/\\\/www.thomas-egger.ch\\\/fr\\\/tres-bonnes-connaissances-des-dossiers-politiques\\\/mieux-utiliser-et-valoriser-le-bois\\\/\",\"name\":\"Mieux utiliser et valoriser le bois - Thomas Egger\",\"isPartOf\":{\"@id\":\"https:\\\/\\\/www.thomas-egger.ch\\\/fr\\\/#website\"},\"datePublished\":\"2021-03-24T15:08:15+00:00\",\"dateModified\":\"2024-09-10T12:49:00+00:00\",\"breadcrumb\":{\"@id\":\"https:\\\/\\\/www.thomas-egger.ch\\\/fr\\\/tres-bonnes-connaissances-des-dossiers-politiques\\\/mieux-utiliser-et-valoriser-le-bois\\\/#breadcrumb\"},\"inLanguage\":\"fr-FR\",\"potentialAction\":[{\"@type\":\"ReadAction\",\"target\":[\"https:\\\/\\\/www.thomas-egger.ch\\\/fr\\\/tres-bonnes-connaissances-des-dossiers-politiques\\\/mieux-utiliser-et-valoriser-le-bois\\\/\"]}]},{\"@type\":\"BreadcrumbList\",\"@id\":\"https:\\\/\\\/www.thomas-egger.ch\\\/fr\\\/tres-bonnes-connaissances-des-dossiers-politiques\\\/mieux-utiliser-et-valoriser-le-bois\\\/#breadcrumb\",\"itemListElement\":[{\"@type\":\"ListItem\",\"position\":1,\"name\":\"Startseite\",\"item\":\"https:\\\/\\\/www.thomas-egger.ch\\\/fr\\\/home\\\/\"},{\"@type\":\"ListItem\",\"position\":2,\"name\":\"Tr\u00e8s bonnes connaissances des dossiers politiques\",\"item\":\"https:\\\/\\\/www.thomas-egger.ch\\\/fr\\\/tres-bonnes-connaissances-des-dossiers-politiques\\\/\"},{\"@type\":\"ListItem\",\"position\":3,\"name\":\"Mieux utiliser et valoriser le bois\"}]},{\"@type\":\"WebSite\",\"@id\":\"https:\\\/\\\/www.thomas-egger.ch\\\/fr\\\/#website\",\"url\":\"https:\\\/\\\/www.thomas-egger.ch\\\/fr\\\/\",\"name\":\"Thomas Egger\",\"description\":\"\",\"potentialAction\":[{\"@type\":\"SearchAction\",\"target\":{\"@type\":\"EntryPoint\",\"urlTemplate\":\"https:\\\/\\\/www.thomas-egger.ch\\\/fr\\\/?s={search_term_string}\"},\"query-input\":{\"@type\":\"PropertyValueSpecification\",\"valueRequired\":true,\"valueName\":\"search_term_string\"}}],\"inLanguage\":\"fr-FR\"}]}<\/script>\n<!-- \/ Yoast SEO plugin. -->","yoast_head_json":{"title":"Mieux utiliser et valoriser le bois - Thomas Egger","robots":{"index":"index","follow":"follow","max-snippet":"max-snippet:-1","max-image-preview":"max-image-preview:large","max-video-preview":"max-video-preview:-1"},"canonical":"https:\/\/www.thomas-egger.ch\/fr\/tres-bonnes-connaissances-des-dossiers-politiques\/mieux-utiliser-et-valoriser-le-bois\/","og_locale":"fr_FR","og_type":"article","og_title":"Mieux utiliser et valoriser le bois - Thomas Egger","og_url":"https:\/\/www.thomas-egger.ch\/fr\/tres-bonnes-connaissances-des-dossiers-politiques\/mieux-utiliser-et-valoriser-le-bois\/","og_site_name":"Thomas Egger","article_modified_time":"2024-09-10T12:49:00+00:00","twitter_card":"summary_large_image","twitter_misc":{"Dur\u00e9e de lecture estim\u00e9e":"3 minutes"},"schema":{"@context":"https:\/\/schema.org","@graph":[{"@type":"WebPage","@id":"https:\/\/www.thomas-egger.ch\/fr\/tres-bonnes-connaissances-des-dossiers-politiques\/mieux-utiliser-et-valoriser-le-bois\/","url":"https:\/\/www.thomas-egger.ch\/fr\/tres-bonnes-connaissances-des-dossiers-politiques\/mieux-utiliser-et-valoriser-le-bois\/","name":"Mieux utiliser et valoriser le bois - Thomas Egger","isPartOf":{"@id":"https:\/\/www.thomas-egger.ch\/fr\/#website"},"datePublished":"2021-03-24T15:08:15+00:00","dateModified":"2024-09-10T12:49:00+00:00","breadcrumb":{"@id":"https:\/\/www.thomas-egger.ch\/fr\/tres-bonnes-connaissances-des-dossiers-politiques\/mieux-utiliser-et-valoriser-le-bois\/#breadcrumb"},"inLanguage":"fr-FR","potentialAction":[{"@type":"ReadAction","target":["https:\/\/www.thomas-egger.ch\/fr\/tres-bonnes-connaissances-des-dossiers-politiques\/mieux-utiliser-et-valoriser-le-bois\/"]}]},{"@type":"BreadcrumbList","@id":"https:\/\/www.thomas-egger.ch\/fr\/tres-bonnes-connaissances-des-dossiers-politiques\/mieux-utiliser-et-valoriser-le-bois\/#breadcrumb","itemListElement":[{"@type":"ListItem","position":1,"name":"Startseite","item":"https:\/\/www.thomas-egger.ch\/fr\/home\/"},{"@type":"ListItem","position":2,"name":"Tr\u00e8s bonnes connaissances des dossiers politiques","item":"https:\/\/www.thomas-egger.ch\/fr\/tres-bonnes-connaissances-des-dossiers-politiques\/"},{"@type":"ListItem","position":3,"name":"Mieux utiliser et valoriser le bois"}]},{"@type":"WebSite","@id":"https:\/\/www.thomas-egger.ch\/fr\/#website","url":"https:\/\/www.thomas-egger.ch\/fr\/","name":"Thomas Egger","description":"","potentialAction":[{"@type":"SearchAction","target":{"@type":"EntryPoint","urlTemplate":"https:\/\/www.thomas-egger.ch\/fr\/?s={search_term_string}"},"query-input":{"@type":"PropertyValueSpecification","valueRequired":true,"valueName":"search_term_string"}}],"inLanguage":"fr-FR"}]}},"_links":{"self":[{"href":"https:\/\/www.thomas-egger.ch\/fr\/wp-json\/wp\/v2\/pages\/253","targetHints":{"allow":["GET"]}}],"collection":[{"href":"https:\/\/www.thomas-egger.ch\/fr\/wp-json\/wp\/v2\/pages"}],"about":[{"href":"https:\/\/www.thomas-egger.ch\/fr\/wp-json\/wp\/v2\/types\/page"}],"author":[{"embeddable":true,"href":"https:\/\/www.thomas-egger.ch\/fr\/wp-json\/wp\/v2\/users\/4"}],"replies":[{"embeddable":true,"href":"https:\/\/www.thomas-egger.ch\/fr\/wp-json\/wp\/v2\/comments?post=253"}],"version-history":[{"count":18,"href":"https:\/\/www.thomas-egger.ch\/fr\/wp-json\/wp\/v2\/pages\/253\/revisions"}],"predecessor-version":[{"id":3181,"href":"https:\/\/www.thomas-egger.ch\/fr\/wp-json\/wp\/v2\/pages\/253\/revisions\/3181"}],"up":[{"embeddable":true,"href":"https:\/\/www.thomas-egger.ch\/fr\/wp-json\/wp\/v2\/pages\/352"}],"wp:attachment":[{"href":"https:\/\/www.thomas-egger.ch\/fr\/wp-json\/wp\/v2\/media?parent=253"}],"curies":[{"name":"wp","href":"https:\/\/api.w.org\/{rel}","templated":true}]}}