{"id":271,"date":"2021-03-24T16:13:52","date_gmt":"2021-03-24T15:13:52","guid":{"rendered":"https:\/\/neu.thomas-egger.ch\/la-perequation-financiere-comme-element-central-du-federalisme-suisse\/"},"modified":"2024-08-05T22:05:38","modified_gmt":"2024-08-05T20:05:38","slug":"la-perequation-financiere-comme-element-central-du-federalisme-suisse","status":"publish","type":"page","link":"https:\/\/www.thomas-egger.ch\/fr\/tres-bonnes-connaissances-des-dossiers-politiques\/la-perequation-financiere-comme-element-central-du-federalisme-suisse\/","title":{"rendered":"La p\u00e9r\u00e9quation financi\u00e8re comme \u00e9l\u00e9ment central du f\u00e9d\u00e9ralisme suisse"},"content":{"rendered":"\n<style type=\"text\/css\" data-created_by=\"avia_inline_auto\" id=\"style-css-av-nsoq-088f408de45b538b0b41dee830337fe9\">\n.flex_column.av-nsoq-088f408de45b538b0b41dee830337fe9{\nborder-radius:0px 0px 0px 0px;\npadding:0px 0px 0px 0px;\n}\n<\/style>\n<div  class='flex_column av-nsoq-088f408de45b538b0b41dee830337fe9 av_two_third  avia-builder-el-0  avia-builder-el-no-sibling  first flex_column_div av-zero-column-padding  '     ><section  class='av_textblock_section av-kmnl4k2v-dbba2c6e6da1b52ff9f30418dd65e6ac '   itemscope=\"itemscope\" itemtype=\"https:\/\/schema.org\/CreativeWork\" ><div class='avia_textblock'  itemprop=\"text\" ><h1>La p\u00e9r\u00e9quation financi\u00e8re comme \u00e9l\u00e9ment central du f\u00e9d\u00e9ralisme suisse<\/h1>\n<p>La r\u00e9forme de 2008, au sujet de la p\u00e9r\u00e9quation financi\u00e8re et de la r\u00e9partition des t\u00e2ches entre la Conf\u00e9d\u00e9ration et les cantons (RPT), a constitu\u00e9 le plus important projet de r\u00e9forme du f\u00e9d\u00e9ralisme, depuis 1848. Malheureusement, les cantons \u00e0 forte capacit\u00e9 financi\u00e8re remettent r\u00e9guli\u00e8rement ce syst\u00e8me en question. Je d\u00e9fends les int\u00e9r\u00eats des cantons \u00e0 faible capacit\u00e9 financi\u00e8re, dont le canton du Valais. Pour notre canton, d\u2019\u00e9normes sommes sont en jeu, puisqu\u2019il re\u00e7oit chaque ann\u00e9e quelque 500 millions de francs, par le biais de la RPT.<\/p>\n<ul>\n<li><a href=\"https:\/\/www.thomas-egger.ch\/wp-content\/uploads\/2021\/03\/stellungnahmezumzweitenwirksamkeitsberichtnfa.pdf\" target=\"_blank\" rel=\"noopener\">Prise de position sur le deuxi\u00e8me rapport d\u2019efficacit\u00e9 de la RPT<\/a><\/li>\n<li><a href=\"https:\/\/www.thomas-egger.ch\/wp-content\/uploads\/2021\/03\/beurteilungdeserstenwirksamkeitsberichtesnfa.pdf\" target=\"_blank\" rel=\"noopener\">Rapport au sujet du premier rapport d\u2019efficacit\u00e9 de la RPT avec une analyse d\u00e9taill\u00e9e en fran\u00e7ais<\/a><\/li>\n<li>7 mai 2018: NON \u00e0 une r\u00e9forme de la RPT sur le dos des cantons \u00e0 faible capacit\u00e9 financi\u00e8re.\u00a0<a href=\"https:\/\/www.thomas-egger.ch\/wp-content\/uploads\/2021\/03\/artikel-2.pdf\" target=\"_blank\" rel=\"noopener\">Article<\/a>\u00a0dans Montagna.<\/li>\n<li>18 juillet 2018:<strong>\u00a0<\/strong>Le d\u00e9bat sur la r\u00e9forme de la p\u00e9r\u00e9quation financi\u00e8re est lanc\u00e9. Interview dans\u00a0<a id=\"9707203ampstationa9e7621504c6959e35c3ecbe7f6bed0446cdf8da\" href=\"https:\/\/www.rts.ch\/play\/radio\/forum\/audio\/reforme-de-la-perequation-financiere-thomas-egger-repond-a-heinz-taennler?id=9707203&amp;station=a9e7621504c6959e35c3ecbe7f6bed0446cdf8da\" target=\"_blank\" rel=\"noopener\">Forum<\/a>\u00a0sur RTS et sur\u00a0<a href=\"http:\/\/podcasts.radiofr.ch\/5f99c09d88dda140a231c2ee7592c8a2.mp3\" target=\"_blank\" rel=\"noopener\">RadioFR<\/a>.<\/li>\n<li>21 janvier 2019:\u00a0La Commission des finances a accept\u00e9 \u00e0 l&rsquo;unanimit\u00e9 ma\u00a0<a href=\"https:\/\/www.parlament.ch\/press-releases\/Pages\/2019\/mm-fk-n-2019-01-21.aspx?lang=1036\" target=\"_blank\" rel=\"noopener\">proposition<\/a>\u00a0pour un postulat de commission pour am\u00e9liorer le syst\u00e8me des contrats de prestations entre Conf\u00e9d\u00e9ration et cantons.<\/li>\n<li>7 mai 2019:\u00a0Les cantons contributeurs se sont impos\u00e9s dans le d\u00e9bat sur la r\u00e9forme de la p\u00e9r\u00e9quation financi\u00e8re.\u00a0<a href=\"https:\/\/www.thomas-egger.ch\/wp-content\/uploads\/2021\/03\/article-3.jpg\" target=\"_blank\" rel=\"noopener\">Article<\/a>\u00a0dans le Nouvelliste.<\/li>\n<li>30 ao\u00fbt 2019:<strong>\u00a0<\/strong><a href=\"http:\/\/www.sab.ch\/fr\/home\/news-detail-fr\/news\/gute-infrastrukturen-sind-investitionen-in-die-zukunft.html?cHash=bb15bf6bf92774e7aa28ec0f6aa4d4eb\" target=\"_blank\" rel=\"noopener\">Journ\u00e9e d&rsquo;\u00e9tude<\/a>\u00a0sur le financement des infrastructures en r\u00e9gions de montagne aux Diablerets.<\/li>\n<li>11 d\u00e9cembre 2019:\u00a0Journ\u00e9e internationale de la montagne:\u00a0<a href=\"http:\/\/www.sab.ch\/fr\/home\/news-detail-fr\/news\/25-jahre-bergversetzer-eine-bruecke-zwischen-stadt-und-land.html?cHash=96d1689f998ce002775677c0fd8a1167\" target=\"_blank\" rel=\"noopener\">Discussion<\/a>\u00a0sur podium \u00e0 Berne sur la coop\u00e9ration ville &#8211; campagne.<\/li>\n<li>27 juin 2024:\u00a0Dans la\u00a0<a href=\"https:\/\/www.sab.ch\/wp-content\/uploads\/2024\/06\/NFA-vierter-Wirksamkeitsbericht-SN-SAB.pdf\" target=\"_blank\" rel=\"noopener\">p\u00e9r\u00e9quation financi\u00e8re,<\/a> les charges sp\u00e9cifiques des cantons de montagne doivent \u00eatre compens\u00e9es d&rsquo;avantage.<\/li>\n<li>1er ao\u00fbt 2024: <a href=\"https:\/\/sgg-ssup.ch\/fr\/news\/bundesfeier-auf-dem-ruetli-die-vielfalt-schaetzen-das-verbindende-suchen\/\" target=\"_blank\" rel=\"noopener\">F\u00eate nationale<\/a> sur le Gr\u00fctli co-organis\u00e9e par le SAB et l&rsquo;Union des villes suisses.<\/li>\n<\/ul>\n<\/div><\/section><br \/>\n\n<style type=\"text\/css\" data-created_by=\"avia_inline_auto\" id=\"style-css-av-kmnl4wlf-78e1136f994b93f2fd25d22c0e64af74\">\n.avia-image-container.av-kmnl4wlf-78e1136f994b93f2fd25d22c0e64af74 img.avia_image{\nbox-shadow:none;\n}\n.avia-image-container.av-kmnl4wlf-78e1136f994b93f2fd25d22c0e64af74 .av-image-caption-overlay-center{\ncolor:#ffffff;\n}\n<\/style>\n<div  class='avia-image-container av-kmnl4wlf-78e1136f994b93f2fd25d22c0e64af74 av-styling- avia-align-center  avia-builder-el-2  el_after_av_textblock  avia-builder-el-last '   itemprop=\"image\" itemscope=\"itemscope\" itemtype=\"https:\/\/schema.org\/ImageObject\" ><div class=\"avia-image-container-inner\"><div class=\"avia-image-overlay-wrap\"><img decoding=\"async\" fetchpriority=\"high\" class='wp-image-268 avia-img-lazy-loading-not-268 avia_image ' src=\"https:\/\/www.thomas-egger.ch\/wp-content\/uploads\/2021\/03\/img_3833.jpg\" alt='' title='img_3833'  height=\"742\" width=\"990\"  itemprop=\"thumbnailUrl\" srcset=\"https:\/\/www.thomas-egger.ch\/wp-content\/uploads\/2021\/03\/img_3833.jpg 990w, https:\/\/www.thomas-egger.ch\/wp-content\/uploads\/2021\/03\/img_3833-768x576.jpg 768w, https:\/\/www.thomas-egger.ch\/wp-content\/uploads\/2021\/03\/img_3833-705x528.jpg 705w\" sizes=\"(max-width: 990px) 100vw, 990px\" \/><\/div><\/div><\/div><\/p><\/div>\n","protected":false},"excerpt":{"rendered":"","protected":false},"author":4,"featured_media":0,"parent":352,"menu_order":0,"comment_status":"closed","ping_status":"closed","template":"","meta":{"footnotes":""},"class_list":["post-271","page","type-page","status-publish","hentry"],"yoast_head":"<!-- This site is optimized with the Yoast SEO plugin v27.4 - https:\/\/yoast.com\/product\/yoast-seo-wordpress\/ -->\n<title>La p\u00e9r\u00e9quation financi\u00e8re comme \u00e9l\u00e9ment central du f\u00e9d\u00e9ralisme suisse - Thomas Egger<\/title>\n<meta name=\"robots\" content=\"index, follow, max-snippet:-1, max-image-preview:large, max-video-preview:-1\" \/>\n<link rel=\"canonical\" href=\"https:\/\/www.thomas-egger.ch\/fr\/tres-bonnes-connaissances-des-dossiers-politiques\/la-perequation-financiere-comme-element-central-du-federalisme-suisse\/\" \/>\n<meta property=\"og:locale\" content=\"fr_FR\" \/>\n<meta property=\"og:type\" content=\"article\" \/>\n<meta property=\"og:title\" content=\"La p\u00e9r\u00e9quation financi\u00e8re comme \u00e9l\u00e9ment central du f\u00e9d\u00e9ralisme suisse - Thomas Egger\" \/>\n<meta property=\"og:url\" content=\"https:\/\/www.thomas-egger.ch\/fr\/tres-bonnes-connaissances-des-dossiers-politiques\/la-perequation-financiere-comme-element-central-du-federalisme-suisse\/\" \/>\n<meta property=\"og:site_name\" content=\"Thomas Egger\" \/>\n<meta property=\"article:modified_time\" content=\"2024-08-05T20:05:38+00:00\" \/>\n<meta name=\"twitter:card\" content=\"summary_large_image\" \/>\n<meta name=\"twitter:label1\" content=\"Dur\u00e9e de lecture estim\u00e9e\" \/>\n\t<meta name=\"twitter:data1\" content=\"2 minutes\" \/>\n<script type=\"application\/ld+json\" class=\"yoast-schema-graph\">{\"@context\":\"https:\\\/\\\/schema.org\",\"@graph\":[{\"@type\":\"WebPage\",\"@id\":\"https:\\\/\\\/www.thomas-egger.ch\\\/fr\\\/tres-bonnes-connaissances-des-dossiers-politiques\\\/la-perequation-financiere-comme-element-central-du-federalisme-suisse\\\/\",\"url\":\"https:\\\/\\\/www.thomas-egger.ch\\\/fr\\\/tres-bonnes-connaissances-des-dossiers-politiques\\\/la-perequation-financiere-comme-element-central-du-federalisme-suisse\\\/\",\"name\":\"La p\u00e9r\u00e9quation financi\u00e8re comme \u00e9l\u00e9ment central du f\u00e9d\u00e9ralisme suisse - Thomas Egger\",\"isPartOf\":{\"@id\":\"https:\\\/\\\/www.thomas-egger.ch\\\/fr\\\/#website\"},\"datePublished\":\"2021-03-24T15:13:52+00:00\",\"dateModified\":\"2024-08-05T20:05:38+00:00\",\"breadcrumb\":{\"@id\":\"https:\\\/\\\/www.thomas-egger.ch\\\/fr\\\/tres-bonnes-connaissances-des-dossiers-politiques\\\/la-perequation-financiere-comme-element-central-du-federalisme-suisse\\\/#breadcrumb\"},\"inLanguage\":\"fr-FR\",\"potentialAction\":[{\"@type\":\"ReadAction\",\"target\":[\"https:\\\/\\\/www.thomas-egger.ch\\\/fr\\\/tres-bonnes-connaissances-des-dossiers-politiques\\\/la-perequation-financiere-comme-element-central-du-federalisme-suisse\\\/\"]}]},{\"@type\":\"BreadcrumbList\",\"@id\":\"https:\\\/\\\/www.thomas-egger.ch\\\/fr\\\/tres-bonnes-connaissances-des-dossiers-politiques\\\/la-perequation-financiere-comme-element-central-du-federalisme-suisse\\\/#breadcrumb\",\"itemListElement\":[{\"@type\":\"ListItem\",\"position\":1,\"name\":\"Startseite\",\"item\":\"https:\\\/\\\/www.thomas-egger.ch\\\/fr\\\/home\\\/\"},{\"@type\":\"ListItem\",\"position\":2,\"name\":\"Tr\u00e8s bonnes connaissances des dossiers politiques\",\"item\":\"https:\\\/\\\/www.thomas-egger.ch\\\/fr\\\/tres-bonnes-connaissances-des-dossiers-politiques\\\/\"},{\"@type\":\"ListItem\",\"position\":3,\"name\":\"La p\u00e9r\u00e9quation financi\u00e8re comme \u00e9l\u00e9ment central du f\u00e9d\u00e9ralisme suisse\"}]},{\"@type\":\"WebSite\",\"@id\":\"https:\\\/\\\/www.thomas-egger.ch\\\/fr\\\/#website\",\"url\":\"https:\\\/\\\/www.thomas-egger.ch\\\/fr\\\/\",\"name\":\"Thomas Egger\",\"description\":\"\",\"potentialAction\":[{\"@type\":\"SearchAction\",\"target\":{\"@type\":\"EntryPoint\",\"urlTemplate\":\"https:\\\/\\\/www.thomas-egger.ch\\\/fr\\\/?s={search_term_string}\"},\"query-input\":{\"@type\":\"PropertyValueSpecification\",\"valueRequired\":true,\"valueName\":\"search_term_string\"}}],\"inLanguage\":\"fr-FR\"}]}<\/script>\n<!-- \/ Yoast SEO plugin. -->","yoast_head_json":{"title":"La p\u00e9r\u00e9quation financi\u00e8re comme \u00e9l\u00e9ment central du f\u00e9d\u00e9ralisme suisse - Thomas Egger","robots":{"index":"index","follow":"follow","max-snippet":"max-snippet:-1","max-image-preview":"max-image-preview:large","max-video-preview":"max-video-preview:-1"},"canonical":"https:\/\/www.thomas-egger.ch\/fr\/tres-bonnes-connaissances-des-dossiers-politiques\/la-perequation-financiere-comme-element-central-du-federalisme-suisse\/","og_locale":"fr_FR","og_type":"article","og_title":"La p\u00e9r\u00e9quation financi\u00e8re comme \u00e9l\u00e9ment central du f\u00e9d\u00e9ralisme suisse - Thomas Egger","og_url":"https:\/\/www.thomas-egger.ch\/fr\/tres-bonnes-connaissances-des-dossiers-politiques\/la-perequation-financiere-comme-element-central-du-federalisme-suisse\/","og_site_name":"Thomas Egger","article_modified_time":"2024-08-05T20:05:38+00:00","twitter_card":"summary_large_image","twitter_misc":{"Dur\u00e9e de lecture estim\u00e9e":"2 minutes"},"schema":{"@context":"https:\/\/schema.org","@graph":[{"@type":"WebPage","@id":"https:\/\/www.thomas-egger.ch\/fr\/tres-bonnes-connaissances-des-dossiers-politiques\/la-perequation-financiere-comme-element-central-du-federalisme-suisse\/","url":"https:\/\/www.thomas-egger.ch\/fr\/tres-bonnes-connaissances-des-dossiers-politiques\/la-perequation-financiere-comme-element-central-du-federalisme-suisse\/","name":"La p\u00e9r\u00e9quation financi\u00e8re comme \u00e9l\u00e9ment central du f\u00e9d\u00e9ralisme suisse - Thomas Egger","isPartOf":{"@id":"https:\/\/www.thomas-egger.ch\/fr\/#website"},"datePublished":"2021-03-24T15:13:52+00:00","dateModified":"2024-08-05T20:05:38+00:00","breadcrumb":{"@id":"https:\/\/www.thomas-egger.ch\/fr\/tres-bonnes-connaissances-des-dossiers-politiques\/la-perequation-financiere-comme-element-central-du-federalisme-suisse\/#breadcrumb"},"inLanguage":"fr-FR","potentialAction":[{"@type":"ReadAction","target":["https:\/\/www.thomas-egger.ch\/fr\/tres-bonnes-connaissances-des-dossiers-politiques\/la-perequation-financiere-comme-element-central-du-federalisme-suisse\/"]}]},{"@type":"BreadcrumbList","@id":"https:\/\/www.thomas-egger.ch\/fr\/tres-bonnes-connaissances-des-dossiers-politiques\/la-perequation-financiere-comme-element-central-du-federalisme-suisse\/#breadcrumb","itemListElement":[{"@type":"ListItem","position":1,"name":"Startseite","item":"https:\/\/www.thomas-egger.ch\/fr\/home\/"},{"@type":"ListItem","position":2,"name":"Tr\u00e8s bonnes connaissances des dossiers politiques","item":"https:\/\/www.thomas-egger.ch\/fr\/tres-bonnes-connaissances-des-dossiers-politiques\/"},{"@type":"ListItem","position":3,"name":"La p\u00e9r\u00e9quation financi\u00e8re comme \u00e9l\u00e9ment central du f\u00e9d\u00e9ralisme suisse"}]},{"@type":"WebSite","@id":"https:\/\/www.thomas-egger.ch\/fr\/#website","url":"https:\/\/www.thomas-egger.ch\/fr\/","name":"Thomas Egger","description":"","potentialAction":[{"@type":"SearchAction","target":{"@type":"EntryPoint","urlTemplate":"https:\/\/www.thomas-egger.ch\/fr\/?s={search_term_string}"},"query-input":{"@type":"PropertyValueSpecification","valueRequired":true,"valueName":"search_term_string"}}],"inLanguage":"fr-FR"}]}},"_links":{"self":[{"href":"https:\/\/www.thomas-egger.ch\/fr\/wp-json\/wp\/v2\/pages\/271","targetHints":{"allow":["GET"]}}],"collection":[{"href":"https:\/\/www.thomas-egger.ch\/fr\/wp-json\/wp\/v2\/pages"}],"about":[{"href":"https:\/\/www.thomas-egger.ch\/fr\/wp-json\/wp\/v2\/types\/page"}],"author":[{"embeddable":true,"href":"https:\/\/www.thomas-egger.ch\/fr\/wp-json\/wp\/v2\/users\/4"}],"replies":[{"embeddable":true,"href":"https:\/\/www.thomas-egger.ch\/fr\/wp-json\/wp\/v2\/comments?post=271"}],"version-history":[{"count":8,"href":"https:\/\/www.thomas-egger.ch\/fr\/wp-json\/wp\/v2\/pages\/271\/revisions"}],"predecessor-version":[{"id":3150,"href":"https:\/\/www.thomas-egger.ch\/fr\/wp-json\/wp\/v2\/pages\/271\/revisions\/3150"}],"up":[{"embeddable":true,"href":"https:\/\/www.thomas-egger.ch\/fr\/wp-json\/wp\/v2\/pages\/352"}],"wp:attachment":[{"href":"https:\/\/www.thomas-egger.ch\/fr\/wp-json\/wp\/v2\/media?parent=271"}],"curies":[{"name":"wp","href":"https:\/\/api.w.org\/{rel}","templated":true}]}}