{"id":279,"date":"2021-03-24T16:16:11","date_gmt":"2021-03-24T15:16:11","guid":{"rendered":"https:\/\/neu.thomas-egger.ch\/pour-un-service-public-fort\/"},"modified":"2025-12-08T20:46:05","modified_gmt":"2025-12-08T19:46:05","slug":"pour-un-service-public-fort","status":"publish","type":"page","link":"https:\/\/www.thomas-egger.ch\/fr\/tres-bonnes-connaissances-des-dossiers-politiques\/pour-un-service-public-fort\/","title":{"rendered":"Pour un Service public fort"},"content":{"rendered":"\n<style type=\"text\/css\" data-created_by=\"avia_inline_auto\" id=\"style-css-av-10ulm-edeeaf90eed25b084334a956c5494904\">\n.flex_column.av-10ulm-edeeaf90eed25b084334a956c5494904{\nborder-radius:0px 0px 0px 0px;\npadding:0px 0px 0px 0px;\n}\n<\/style>\n<div  class='flex_column av-10ulm-edeeaf90eed25b084334a956c5494904 av_two_third  avia-builder-el-0  avia-builder-el-no-sibling  first flex_column_div av-zero-column-padding  '     ><section  class='av_textblock_section av-kmnl8mc7-347129942e59020042f38b3e37ebed68 '   itemscope=\"itemscope\" itemtype=\"https:\/\/schema.org\/CreativeWork\" ><div class='avia_textblock'  itemprop=\"text\" ><h1>Pour un Service public fort<\/h1>\n<p>Un service public performant constitue un besoin essentiel pour la population et les entreprises. La desserte avec des connexions \u00e0 large bande, doit faire partie d\u2019un service public moderne. Le SAB a r\u00e9ussi \u00e0 fixer un d\u00e9bit minimal de 80 Mbit\/s dans les bases l\u00e9gales. Nous avons en plus d\u00e9montr\u00e9, dans un guide consacr\u00e9 \u00e0 la tr\u00e8s large bande, comment l\u2019\u00e9quipement en fibres optiques et autres nouvelles technologies pouvait \u00eatre encourag\u00e9. Ce guide a \u00e9t\u00e9 d\u00e9velopp\u00e9 par un groupe de travail que j\u2019avais l\u2019honneur de pr\u00e9sider et auquel la Conf\u00e9d\u00e9ration, les cantons et les prestataires de services ont contribu\u00e9. Avec les Parlementaires f\u00e9d\u00e9raux, nous avons r\u00e9ussi \u00e0 maintenir le monopole r\u00e9siduel de la Poste dans la loi correspondante. Ce monopole r\u00e9siduel est important, afin que la Poste puisse maintenir son r\u00e9seau de bureaux. Le mandat pour ce r\u00e9seau \u00e9mane \u00e9galement du SAB. En outre, j\u2019ai aussi r\u00e9ussi \u00e0 glisser une nouvelle prescription dans l\u2019ordonnance sur la Poste qui contraint le g\u00e9ant jaune \u00e0 \u00e9tablir ses heures d\u2019ouverture, en fonction des besoins de la client\u00e8le. En ce qui concerne les transports publics r\u00e9gionaux, nous sommes parvenus, jusqu\u2019\u00e0 pr\u00e9sent, \u00e0 \u00e9viter tous les programmes d\u2019\u00e9pargne. Enfin, le projet \u00ab Bus alpin \u00bb d\u00e9montre que les transports publics ont un avenir dans les r\u00e9gions de montagne !<\/p>\n<ul>\n<li>8 d\u00e9cembre 2025: Non \u00e0 l&rsquo;<a href=\"https:\/\/www.sab.ch\/wp-content\/uploads\/2025\/12\/CP1238_Initiative-SSR-fr.pdf\">initiative contra la SSR<\/a> et article sur\u00a0<a href=\"https:\/\/www.thomas-egger.ch\/wp-content\/uploads\/2025\/12\/Artikel-Montagna-Medienpolitik-12.2025.pdf\" target=\"_blank\" rel=\"noopener\">l&rsquo;avenir des m\u00e9dias en Suisse<\/a> dans la revue Montagna.<\/li>\n<li>2 septembre 2025: les soins m\u00e9dicaux de base sont un facteur important pour le d\u00e9veloppement r\u00e9gional. <a href=\"https:\/\/www.sab.ch\/wp-content\/uploads\/2025\/09\/Positionspapier-medizinische-Grundversorgung-fr_aout2025.pdf\" target=\"_blank\" rel=\"noopener\">Document de position<\/a> du SAB et <a href=\"https:\/\/www.thomas-egger.ch\/wp-content\/uploads\/2025\/09\/Montagna-8_9_2025-medizinische-Versorgung.pdf\" target=\"_blank\" rel=\"noopener\">article<\/a> dans la revue Montagna.<\/li>\n<li>2 juillet 2025: Pas de d\u00e9mant\u00e8lement du service public postal. Orientation des media \u00e0 Mendrisio. Reportage sur <a href=\"https:\/\/www.rsi.ch\/info\/ticino-grigioni-e-insubria\/Il-grido-d\u2019aiuto-delle-regioni-di-montagna--2949455.html\" target=\"_blank\" rel=\"noopener\">RSI<\/a> et dans le <a href=\"https:\/\/www.cdt.ch\/news\/ticino\/la-posta-non-retroceda-nelle-regioni-di-montagna-398823\" target=\"_blank\" rel=\"noopener\">Corriere del Ticino<\/a>.<\/li>\n<li>13 d\u00e9cembre 2024: Quel avenir pour les magasins de village? R\u00e9ponses dans l&rsquo;interview dans le <a href=\"https:\/\/www.rts.ch\/audio-podcast\/2024\/audio\/les-commerces-des-villages-de-montagne-sont-sous-pression-interview-de-thomas-egger-28726759.html\" target=\"_blank\" rel=\"noopener\">12H30<\/a> sur RTS.<\/li>\n<li>18 janvier 2024:<a href=\"https:\/\/www.sab.ch\/fr\/politique\/telecommunications\/\" target=\"_blank\" rel=\"noopener\">Journ\u00e9e d&rsquo;\u00e9tude<\/a> sur la num\u00e9risation et les Services publics \u00e0 Berne.<\/li>\n<li>29 juin 2023: Le concept des Smart villages a aussi \u00e9t\u00e9 adopt\u00e9 par le Pays d&rsquo;Enhaut. <a href=\"https:\/\/latele.ch\/emissions\/focus\/focus-s-2023-e-6?s=1\" target=\"_blank\" rel=\"noopener\">Reportage<\/a> dans La T\u00e9l\u00e9.<\/li>\n<li>2 mai 2023:\u00a0Un <a href=\"https:\/\/www.sab.ch\/fr\/developper-le-service-universel-de-la-poste\/\" target=\"_blank\" rel=\"noopener\">livre blanc<\/a> sur l&rsquo;avenir du service universel de la Poste avec une <a href=\"https:\/\/www.rts.ch\/info\/suisse\/13991999-les-regions-de-montagne-craignent-le-demantelement-de-la-poste.html\" target=\"_blank\" rel=\"noopener\">interview<\/a> \u00e0 la RTS.<\/li>\n<li>27 avril 2023:<a href=\"https:\/\/canal9.ch\/fr\/epiceries-coeurs-et-ames-des-quartiers-et-des-villages\/\" target=\"_blank\" rel=\"noopener\">Reportage<\/a> et interview sur l&rsquo;importance des magasins de village sur Canal9.<\/li>\n<li>1er mars 2023: les magasins de village &#8211; un pillier du service public. <a href=\"https:\/\/www.thomas-egger.ch\/wp-content\/uploads\/2023\/03\/Artikel-Dorflaeden-Montagna-3-23.pdf\" target=\"_blank\" rel=\"noopener\">Article<\/a>\u00a0dans la revue Montagna.<\/li>\n<li>24 f\u00e9vrier 2022:\u00a0Non au\u00a0d\u00e9mant\u00e8lement de la Poste.\u00a0<a href=\"http:\/\/www.sab.ch\/fileadmin\/user_upload\/customers\/sab\/Pressemitteilungen\/2022\/fr\/CP1193_service_universel_postal.pdf\" target=\"_blank\" rel=\"noopener\">R\u00e9action<\/a> aux propositions du groupe d&rsquo;experts.<\/li>\n<li>10 janvier 2022:<a href=\"http:\/\/www.sab.ch\/fileadmin\/user_upload\/customers\/sab\/Pressemitteilungen\/2022\/fr\/Communique_de_presse_SAB_medias_def.pdf\" target=\"_blank\" rel=\"noopener\">Oui<\/a> au train de mesures en faveur des m\u00e9dias.<\/li>\n<li>5 octobre 2021: La num\u00e9risation et le services publics. <a href=\"https:\/\/www.alpine-region.eu\/publications\/how-digitalization-changes-delivery-services-general-interest-sgi\" target=\"_blank\" rel=\"noopener\">Rapport<\/a> du Think Tank alpin (en anglais).<\/li>\n<li>8 juin 2021:\u00a0<a href=\"https:\/\/vimeo.com\/560731733\" target=\"_blank\" rel=\"noopener\">Pr\u00e9sentation<\/a> de l&rsquo;approche des Smart villages lors du <a href=\"https:\/\/www.digitalesmv.de\/noerd\" target=\"_blank\" rel=\"noopener\">congr\u00e8s<\/a>\u00a0sur la num\u00e9risation dans le Mecklenburg-Vorpommern (online).<\/li>\n<li>20 avril 2021:\u00a0Pour un d\u00e9veloppement rapide de la 5G en r\u00e9gions de montagne. <a href=\"https:\/\/www.thomas-egger.ch\/wp-content\/uploads\/2021\/04\/5G-Broschuere_F-Kopie.pdf\" target=\"_blank\" rel=\"noopener\">Article<\/a> dans une publication de l&rsquo;Association des Communes Suisses.<\/li>\n<li>3 f\u00e9vrier 2021:\u00a0La num\u00e9risation permet de nouvelles approches pour fournir des services publics. Voici quelques\u00a0<a href=\"https:\/\/www.thomas-egger.ch\/wp-content\/uploads\/2021\/03\/beispiele-1.pdf\" target=\"_blank\" rel=\"noopener\">exemples<\/a>\u00a0de l&rsquo;espace alpin.<\/li>\n<li>10 novembre 2020:\u00a0International Policy Conference concernant les\u00a0\u00ab\u00a0Smart villages\u00a0\u00bb\u00a0et lancement d&rsquo;une\u00a0<a href=\"http:\/\/www.sab.ch\/fr\/prestations\/developpement-regional\/smart-villages.html\" target=\"_blank\" rel=\"noopener\">nouvelle opportunit\u00e9<\/a>\u00a0de soutien pour devenir un village intelligent en Suisse.<\/li>\n<li>31 ao\u00fbt 2020: Gr\u00e2ce au travail du SAB, les cabanes du CAS et les alpages sont\u00a0<a href=\"http:\/\/www.sab.ch\/fileadmin\/user_upload\/customers\/sab\/Pressemitteilungen\/2020\/Schlussbericht_Umstellung_auf_IP_Final.pdf\" target=\"_blank\" rel=\"noopener\">connect\u00e9s au monde digital<\/a>.\u00a0<a href=\"https:\/\/www.thomas-egger.ch\/wp-content\/uploads\/2021\/03\/resume.pdf\" target=\"_blank\" rel=\"noopener\">R\u00e9sum\u00e9<\/a>.<\/li>\n<li>15 juillet 2020:<strong>\u00a0<\/strong>Le maintien des\u00a0<a href=\"http:\/\/www.sab.ch\/fr\/home\/news-detail-fr\/news\/berggemeinden-zeigen-sich-im-infrastrukturmanagement-innovativ.html?cHash=989ad7591f7efbca09e50163030c1be3\" target=\"_blank\" rel=\"noopener\">infrastructures<\/a>\u00a0est un d\u00e9fi \u00e9norme pour les communes de montagne.\u00a0<a href=\"https:\/\/www.lacote.ch\/articles\/suisse\/innovantes-les-communes-de-montagne-devraient-etre-plus-soutenues-956676\" target=\"_blank\" rel=\"noopener\">Article<\/a>\u00a0dans \u00ab\u00a0La C\u00f4te\u00a0\u00bb.<\/li>\n<li>24 avril 2020:\u00a0Un d\u00e9veloppement rapide de la 5G est dans l&rsquo;int\u00e9r\u00eat des r\u00e9gions de montagne.\u00a0<a href=\"http:\/\/www.sab.ch\/fileadmin\/user_upload\/customers\/sab\/Positionspapiere\/2020\/positionspapier_5G_franz.pdf\" target=\"_blank\" rel=\"noopener\">Document<\/a>\u00a0de position.<\/li>\n<li>17 octobre 2019:\u00a0Le Service public est un facteur\u00a0cl\u00e9 pour\u00a0la coh\u00e9sion nationale.\u00a0<a href=\"https:\/\/www.thomas-egger.ch\/wp-content\/uploads\/2021\/03\/artikel2-2.jpg\" target=\"_blank\" rel=\"noopener\">Articl<\/a>e\u00a0dans la Quotidiana.<\/li>\n<li>3 septembre 2019:\u00a0La num\u00e9risation offre de nouvelles opportunit\u00e9s pour les communes de montagne. Reportage dans le Telegiornale de RSI.<\/li>\n<li>31 ao\u00fbt 2019:\u00a0Pour l&rsquo;\u00e9galit\u00e9 des chances &#8211; pour un\u00a0<a href=\"https:\/\/youtu.be\/oXZCSdEzldE\" target=\"_blank\" rel=\"noopener\">service public<\/a>\u00a0performant!<\/li>\n<li>29 ao\u00fbt 2019:\u00a0<a href=\"https:\/\/www.cci-valais.ch\/event\/108\/agenda\/petits-dejeuners-valais---wallis-4.0-:-5g-revolution-ou-evolution-r\/\" target=\"_blank\" rel=\"noopener\">D\u00e9bat<\/a>\u00a0sur les enjeux et opportunit\u00e9s de la 5G \u00e0 Sion.<\/li>\n<li>10 avril 2019:<strong>\u00a0<\/strong><a href=\"https:\/\/regionalentwicklung-raumordnung.de\/tagungen\/tagung-des-landkeistags-rheinland-pfalz\" target=\"_blank\" rel=\"noopener\">Expos\u00e9<\/a>\u00a0sur l&rsquo;avenir des Services publics en r\u00e9gions rurales \u00e0 Ochtendung \/ Rheinland-Pfalz. Reportage sur\u00a0<a href=\"https:\/\/classic.ardmediathek.de\/tv\/SWR-Aktuell-Rheinland-Pfalz\/Sendung-19-30-Uhr-vom-10-4-2019\/SWR-Rheinland-Pfalz\/Video?bcastId=205724&amp;documentId=61907360\" target=\"_blank\" rel=\"noopener\">SWR<\/a>.<\/li>\n<li>14 f\u00e9vrier 2019: le Conseil f\u00e9d\u00e9ral ne veut pas faire de concessions par rapport \u00e0 l&#8217;emplacement des bo\u00eetes aux lettres. Article dans la\u00a0<a href=\"https:\/\/www.laliberte.ch\/news-agence\/detail\/pas-question-de-ceder-sur-l-emplacement-des-boites-aux-lettres\/483341\" target=\"_blank\" rel=\"noopener\">Libert\u00e9<\/a>.<\/li>\n<li>D\u00e9cembre 2018: quel avenir pour le service public?\u00a0<a href=\"https:\/\/www.thomas-egger.ch\/wp-content\/uploads\/2021\/03\/artikel6.pdf\" target=\"_blank\" rel=\"noopener\">Article<\/a>\u00a0dans la revue Montagna.<\/li>\n<li>14 d\u00e9cembre 2018:<br \/>\n<a href=\"https:\/\/www.parlament.ch\/fr\/ratsbetrieb\/suche-curia-vista\/geschaeft?AffairId=20184286\" target=\"_blank\" rel=\"noopener\">Motion<\/a>: Emplacement des bo\u00eetes \u00e0 lettres.<br \/>\n<a href=\"https:\/\/www.parlament.ch\/fr\/ratsbetrieb\/suche-curia-vista\/geschaeft?AffairId=20185598\" target=\"_blank\" rel=\"noopener\">Question<\/a>:\u00a0Etat actuel de l&rsquo;enqu\u00eate men\u00e9e par Fedpol sur l&rsquo;affaire Car postal Suisse SA.<\/li>\n<li>9 octobre 2018: Mod\u00e9ration de la conf\u00e9rence finale du projet INTESI \u00e0 Innsbruck.\u00a0<a href=\"http:\/\/www.sab.ch\/fr\/prestations\/cooperation-internationale\/intesi.html\" target=\"_blank\" rel=\"noopener\">R\u00e9sultats<\/a>.<\/li>\n<li>16 mai 2018:\u00a0La Poste doit maintenir un r\u00e9seau de bureaux de poste tr\u00e8s dense. C&rsquo;est le r\u00e9sultat d&rsquo;un groupe de travail de la Conf\u00e9d\u00e9ration, auquel je pouvais participer. Article dans\u00a0<a href=\"https:\/\/www.thomas-egger.ch\/wp-content\/uploads\/2021\/03\/lenouvelliste.jpg\" target=\"_blank\" rel=\"noopener\">Le Nouvelliste<\/a>\u00a0et\u00a0<a href=\"http:\/\/www.sab.ch\/fr\/home\/news-detail-fr\/news\/erreichbarkeit-des-poststellennetzes-rasch-verbessern.html?cHash=2636b3aa06de157a2bb0f4dd15031f13\" target=\"_blank\" rel=\"noopener\">communiqu\u00e9<\/a>\u00a0du SAB.<\/li>\n<li>2018 &#8211; 2020: Initiant et chef du projet du projet international \u00ab\u00a0SmartVillages\u00a0\u00bb.<\/li>\n<li>10 novembre 2017:\u00a0<a href=\"http:\/\/www.sab.ch\/fr\/home\/news-detail-fr\/news\/medienvielfalt-in-bergregionen-bedroht.html?cHash=bfeefcfdbcd608b47c828bc323b7f4f4\" target=\"_blank\" rel=\"noopener\">Journ\u00e9e d&rsquo;\u00e9tude<\/a>\u00a0\u00e0 Fribourg:\u00a0Tout le monde a besoin des m\u00e9dias &#8211; les r\u00e9gions de montagne aussi<\/li>\n<li>25 septembre 2017. Le Conseil national dit clairement non \u00e0 l&rsquo;Initiative \u00ab\u00a0NoBillag\u00a0\u00bb. Mes\u00a0<a href=\"https:\/\/www.parlament.ch\/de\/ratsbetrieb\/amtliches-bulletin\/amtliches-bulletin-die-videos?TranscriptId=219414\" target=\"_blank\" rel=\"noopener\">arguments<\/a>\u00a0en vid\u00e9o.<\/li>\n<li>Non \u00e0 une nouvelle d\u00e9finition des r\u00e9gions de prime, article dans Le\u00a0<a href=\"https:\/\/www.thomas-egger.ch\/wp-content\/uploads\/2021\/03\/nouvelliste.pdf\" target=\"_blank\" rel=\"noopener\">Nouvelliste<\/a>\u00a0du 21 janvier 2017.<\/li>\n<li>Pr\u00e9sentation du projet\u00a0<a href=\"http:\/\/intesi.at\/\" target=\"_blank\" rel=\"noopener\">INTESI<\/a>\u00a0(Integrated strategies for services of general interest)<\/li>\n<li>Quelle suite \u00e0 donner au dossier du Service public apr\u00e8s la votation du 5 juin 2016. Reportage sur\u00a0<a href=\"http:\/\/www.canalalpha.ch\/actu\/le-sab-au-service-des-regions-de-montagne\/\" target=\"_blank\" rel=\"noopener\">Canal Alpha<\/a>.<\/li>\n<li>Commentaire sur les votations du 5 juin 2016 sur \u00ab\u00a0ProServicePublic\u00a0\u00bb sur\u00a0<a href=\"http:\/\/kanal9.ch\/tagesinfo-vom-06-06-2016\/\" target=\"_blank\" rel=\"noopener\">Kanal9<\/a><\/li>\n<li>Interview contre l&rsquo;initiative populaire \u00ab\u00a0en faveur du Service public\u00a0\u00bb dans\u00a0<a href=\"https:\/\/www.thomas-egger.ch\/wp-content\/uploads\/2021\/03\/zeitgeschehen-1.pdf\" target=\"_blank\" rel=\"noopener\">Zeitgeschehen<\/a><\/li>\n<li>Le service universel dans les espaces ruraux en 2030. Reportage sur un expos\u00e9 \u00e0\u00a0<a href=\"https:\/\/www.thomas-egger.ch\/wp-content\/uploads\/2021\/03\/referatinwolhusen.pdf\" target=\"_blank\" rel=\"noopener\">Wolhusen<\/a>.<\/li>\n<li>Site sp\u00e9cifique concernant le\u00a0<a href=\"http:\/\/www.servicepublic.ch\/\" target=\"_blank\" rel=\"noopener\">Service public<\/a>, avec les arguments contre l&rsquo;initiative populaire \u00ab\u00a0ProServicePublic\u00a0\u00bb.<\/li>\n<li>Allocution du 1er ao\u00fbt 2015 \u00e0 Zeneggen sur le th\u00e8me du\u00a0<a href=\"https:\/\/www.thomas-egger.ch\/wp-content\/uploads\/2021\/03\/grundversorgung.pdf\" target=\"_blank\" rel=\"noopener\">Service universel<\/a><\/li>\n<li><a href=\"http:\/\/treslargebande.ch\/fr\/\" target=\"_blank\" rel=\"noopener\">Guide bande large<\/a><\/li>\n<li><a href=\"https:\/\/www.thomas-egger.ch\/wp-content\/uploads\/2021\/03\/widereinendigitalengraben.pdf\" target=\"_blank\" rel=\"noopener\">Contre la cr\u00e9ation d\u2019un foss\u00e9 digital<\/a><\/li>\n<li><a href=\"https:\/\/www.thomas-egger.ch\/wp-content\/uploads\/2021\/03\/gegendieirrefuehrendevolksinitiativeproservicepublic.pdf\" target=\"_blank\" rel=\"noopener\">Contre l\u2019initiative trompeuse \u00ab ProServicePublic \u00bb<\/a><\/li>\n<li>Pr\u00e9sentation du projet\u00a0<a href=\"https:\/\/www.thomas-egger.ch\/wp-content\/uploads\/2021\/03\/access.pdf\" target=\"_blank\" rel=\"noopener\">ACCESS<\/a>\u00a0dans une publication de la Conf\u00e9d\u00e9ration<\/li>\n<li><a href=\"http:\/\/www.busalpin.ch\/\" target=\"_blank\" rel=\"noopener\">Bus alpin<\/a><\/li>\n<\/ul>\n<\/div><\/section><br \/>\n\n<style type=\"text\/css\" data-created_by=\"avia_inline_auto\" id=\"style-css-av-kmnl8w02-f1da3b14f2d7df90d959d557f5ade635\">\n.avia-image-container.av-kmnl8w02-f1da3b14f2d7df90d959d557f5ade635 img.avia_image{\nbox-shadow:none;\n}\n.avia-image-container.av-kmnl8w02-f1da3b14f2d7df90d959d557f5ade635 .av-image-caption-overlay-center{\ncolor:#ffffff;\n}\n<\/style>\n<div  class='avia-image-container av-kmnl8w02-f1da3b14f2d7df90d959d557f5ade635 av-styling- avia-align-center  avia-builder-el-2  el_after_av_textblock  avia-builder-el-last '   itemprop=\"image\" itemscope=\"itemscope\" itemtype=\"https:\/\/schema.org\/ImageObject\" ><div class=\"avia-image-container-inner\"><div class=\"avia-image-overlay-wrap\"><img decoding=\"async\" fetchpriority=\"high\" class='wp-image-276 avia-img-lazy-loading-not-276 avia_image ' src=\"https:\/\/www.thomas-egger.ch\/wp-content\/uploads\/2021\/03\/st-luc3.jpg\" alt='' title='st-luc3'  height=\"742\" width=\"990\"  itemprop=\"thumbnailUrl\" srcset=\"https:\/\/www.thomas-egger.ch\/wp-content\/uploads\/2021\/03\/st-luc3.jpg 990w, https:\/\/www.thomas-egger.ch\/wp-content\/uploads\/2021\/03\/st-luc3-768x576.jpg 768w, https:\/\/www.thomas-egger.ch\/wp-content\/uploads\/2021\/03\/st-luc3-705x528.jpg 705w\" sizes=\"(max-width: 990px) 100vw, 990px\" \/><\/div><\/div><\/div><\/p><\/div>\n","protected":false},"excerpt":{"rendered":"","protected":false},"author":4,"featured_media":0,"parent":352,"menu_order":0,"comment_status":"closed","ping_status":"closed","template":"","meta":{"footnotes":""},"class_list":["post-279","page","type-page","status-publish","hentry"],"yoast_head":"<!-- This site is optimized with the Yoast SEO plugin v27.4 - https:\/\/yoast.com\/product\/yoast-seo-wordpress\/ -->\n<title>Pour un Service public fort - Thomas Egger<\/title>\n<meta name=\"robots\" content=\"index, follow, max-snippet:-1, max-image-preview:large, max-video-preview:-1\" \/>\n<link rel=\"canonical\" href=\"https:\/\/www.thomas-egger.ch\/fr\/tres-bonnes-connaissances-des-dossiers-politiques\/pour-un-service-public-fort\/\" \/>\n<meta property=\"og:locale\" content=\"fr_FR\" \/>\n<meta property=\"og:type\" content=\"article\" \/>\n<meta property=\"og:title\" content=\"Pour un Service public fort - Thomas Egger\" \/>\n<meta property=\"og:url\" content=\"https:\/\/www.thomas-egger.ch\/fr\/tres-bonnes-connaissances-des-dossiers-politiques\/pour-un-service-public-fort\/\" \/>\n<meta property=\"og:site_name\" content=\"Thomas Egger\" \/>\n<meta property=\"article:modified_time\" content=\"2025-12-08T19:46:05+00:00\" \/>\n<meta name=\"twitter:card\" content=\"summary_large_image\" \/>\n<meta name=\"twitter:label1\" content=\"Dur\u00e9e de lecture estim\u00e9e\" \/>\n\t<meta name=\"twitter:data1\" content=\"6 minutes\" \/>\n<script type=\"application\/ld+json\" class=\"yoast-schema-graph\">{\"@context\":\"https:\\\/\\\/schema.org\",\"@graph\":[{\"@type\":\"WebPage\",\"@id\":\"https:\\\/\\\/www.thomas-egger.ch\\\/fr\\\/tres-bonnes-connaissances-des-dossiers-politiques\\\/pour-un-service-public-fort\\\/\",\"url\":\"https:\\\/\\\/www.thomas-egger.ch\\\/fr\\\/tres-bonnes-connaissances-des-dossiers-politiques\\\/pour-un-service-public-fort\\\/\",\"name\":\"Pour un Service public fort - Thomas Egger\",\"isPartOf\":{\"@id\":\"https:\\\/\\\/www.thomas-egger.ch\\\/fr\\\/#website\"},\"datePublished\":\"2021-03-24T15:16:11+00:00\",\"dateModified\":\"2025-12-08T19:46:05+00:00\",\"breadcrumb\":{\"@id\":\"https:\\\/\\\/www.thomas-egger.ch\\\/fr\\\/tres-bonnes-connaissances-des-dossiers-politiques\\\/pour-un-service-public-fort\\\/#breadcrumb\"},\"inLanguage\":\"fr-FR\",\"potentialAction\":[{\"@type\":\"ReadAction\",\"target\":[\"https:\\\/\\\/www.thomas-egger.ch\\\/fr\\\/tres-bonnes-connaissances-des-dossiers-politiques\\\/pour-un-service-public-fort\\\/\"]}]},{\"@type\":\"BreadcrumbList\",\"@id\":\"https:\\\/\\\/www.thomas-egger.ch\\\/fr\\\/tres-bonnes-connaissances-des-dossiers-politiques\\\/pour-un-service-public-fort\\\/#breadcrumb\",\"itemListElement\":[{\"@type\":\"ListItem\",\"position\":1,\"name\":\"Startseite\",\"item\":\"https:\\\/\\\/www.thomas-egger.ch\\\/fr\\\/home\\\/\"},{\"@type\":\"ListItem\",\"position\":2,\"name\":\"Tr\u00e8s bonnes connaissances des dossiers politiques\",\"item\":\"https:\\\/\\\/www.thomas-egger.ch\\\/fr\\\/tres-bonnes-connaissances-des-dossiers-politiques\\\/\"},{\"@type\":\"ListItem\",\"position\":3,\"name\":\"Pour un Service public fort\"}]},{\"@type\":\"WebSite\",\"@id\":\"https:\\\/\\\/www.thomas-egger.ch\\\/fr\\\/#website\",\"url\":\"https:\\\/\\\/www.thomas-egger.ch\\\/fr\\\/\",\"name\":\"Thomas Egger\",\"description\":\"\",\"potentialAction\":[{\"@type\":\"SearchAction\",\"target\":{\"@type\":\"EntryPoint\",\"urlTemplate\":\"https:\\\/\\\/www.thomas-egger.ch\\\/fr\\\/?s={search_term_string}\"},\"query-input\":{\"@type\":\"PropertyValueSpecification\",\"valueRequired\":true,\"valueName\":\"search_term_string\"}}],\"inLanguage\":\"fr-FR\"}]}<\/script>\n<!-- \/ Yoast SEO plugin. -->","yoast_head_json":{"title":"Pour un Service public fort - Thomas Egger","robots":{"index":"index","follow":"follow","max-snippet":"max-snippet:-1","max-image-preview":"max-image-preview:large","max-video-preview":"max-video-preview:-1"},"canonical":"https:\/\/www.thomas-egger.ch\/fr\/tres-bonnes-connaissances-des-dossiers-politiques\/pour-un-service-public-fort\/","og_locale":"fr_FR","og_type":"article","og_title":"Pour un Service public fort - Thomas Egger","og_url":"https:\/\/www.thomas-egger.ch\/fr\/tres-bonnes-connaissances-des-dossiers-politiques\/pour-un-service-public-fort\/","og_site_name":"Thomas Egger","article_modified_time":"2025-12-08T19:46:05+00:00","twitter_card":"summary_large_image","twitter_misc":{"Dur\u00e9e de lecture estim\u00e9e":"6 minutes"},"schema":{"@context":"https:\/\/schema.org","@graph":[{"@type":"WebPage","@id":"https:\/\/www.thomas-egger.ch\/fr\/tres-bonnes-connaissances-des-dossiers-politiques\/pour-un-service-public-fort\/","url":"https:\/\/www.thomas-egger.ch\/fr\/tres-bonnes-connaissances-des-dossiers-politiques\/pour-un-service-public-fort\/","name":"Pour un Service public fort - Thomas Egger","isPartOf":{"@id":"https:\/\/www.thomas-egger.ch\/fr\/#website"},"datePublished":"2021-03-24T15:16:11+00:00","dateModified":"2025-12-08T19:46:05+00:00","breadcrumb":{"@id":"https:\/\/www.thomas-egger.ch\/fr\/tres-bonnes-connaissances-des-dossiers-politiques\/pour-un-service-public-fort\/#breadcrumb"},"inLanguage":"fr-FR","potentialAction":[{"@type":"ReadAction","target":["https:\/\/www.thomas-egger.ch\/fr\/tres-bonnes-connaissances-des-dossiers-politiques\/pour-un-service-public-fort\/"]}]},{"@type":"BreadcrumbList","@id":"https:\/\/www.thomas-egger.ch\/fr\/tres-bonnes-connaissances-des-dossiers-politiques\/pour-un-service-public-fort\/#breadcrumb","itemListElement":[{"@type":"ListItem","position":1,"name":"Startseite","item":"https:\/\/www.thomas-egger.ch\/fr\/home\/"},{"@type":"ListItem","position":2,"name":"Tr\u00e8s bonnes connaissances des dossiers politiques","item":"https:\/\/www.thomas-egger.ch\/fr\/tres-bonnes-connaissances-des-dossiers-politiques\/"},{"@type":"ListItem","position":3,"name":"Pour un Service public fort"}]},{"@type":"WebSite","@id":"https:\/\/www.thomas-egger.ch\/fr\/#website","url":"https:\/\/www.thomas-egger.ch\/fr\/","name":"Thomas Egger","description":"","potentialAction":[{"@type":"SearchAction","target":{"@type":"EntryPoint","urlTemplate":"https:\/\/www.thomas-egger.ch\/fr\/?s={search_term_string}"},"query-input":{"@type":"PropertyValueSpecification","valueRequired":true,"valueName":"search_term_string"}}],"inLanguage":"fr-FR"}]}},"_links":{"self":[{"href":"https:\/\/www.thomas-egger.ch\/fr\/wp-json\/wp\/v2\/pages\/279","targetHints":{"allow":["GET"]}}],"collection":[{"href":"https:\/\/www.thomas-egger.ch\/fr\/wp-json\/wp\/v2\/pages"}],"about":[{"href":"https:\/\/www.thomas-egger.ch\/fr\/wp-json\/wp\/v2\/types\/page"}],"author":[{"embeddable":true,"href":"https:\/\/www.thomas-egger.ch\/fr\/wp-json\/wp\/v2\/users\/4"}],"replies":[{"embeddable":true,"href":"https:\/\/www.thomas-egger.ch\/fr\/wp-json\/wp\/v2\/comments?post=279"}],"version-history":[{"count":35,"href":"https:\/\/www.thomas-egger.ch\/fr\/wp-json\/wp\/v2\/pages\/279\/revisions"}],"predecessor-version":[{"id":3812,"href":"https:\/\/www.thomas-egger.ch\/fr\/wp-json\/wp\/v2\/pages\/279\/revisions\/3812"}],"up":[{"embeddable":true,"href":"https:\/\/www.thomas-egger.ch\/fr\/wp-json\/wp\/v2\/pages\/352"}],"wp:attachment":[{"href":"https:\/\/www.thomas-egger.ch\/fr\/wp-json\/wp\/v2\/media?parent=279"}],"curies":[{"name":"wp","href":"https:\/\/api.w.org\/{rel}","templated":true}]}}