{"id":295,"date":"2021-03-24T16:37:55","date_gmt":"2021-03-24T15:37:55","guid":{"rendered":"https:\/\/neu.thomas-egger.ch\/respecter-les-competences-dans-lamenagement-du-territoire\/"},"modified":"2025-05-25T21:05:28","modified_gmt":"2025-05-25T19:05:28","slug":"respecter-les-competences-dans-lamenagement-du-territoire","status":"publish","type":"page","link":"https:\/\/www.thomas-egger.ch\/fr\/tres-bonnes-connaissances-des-dossiers-politiques\/respecter-les-competences-dans-lamenagement-du-territoire\/","title":{"rendered":"Respecter les comp\u00e9tences dans l\u2019am\u00e9nagement du territoire"},"content":{"rendered":"\n<style type=\"text\/css\" data-created_by=\"avia_inline_auto\" id=\"style-css-av-6xutm-bb6909e5b3c1a319605096017193f067\">\n.flex_column.av-6xutm-bb6909e5b3c1a319605096017193f067{\nborder-radius:0px 0px 0px 0px;\npadding:0px 0px 0px 0px;\n}\n<\/style>\n<div  class='flex_column av-6xutm-bb6909e5b3c1a319605096017193f067 av_two_third  avia-builder-el-0  avia-builder-el-no-sibling  first flex_column_div av-zero-column-padding  '     ><section  class='av_textblock_section av-kmnlk7n4-13fb9612abbf61721d116401e393e970 '   itemscope=\"itemscope\" itemtype=\"https:\/\/schema.org\/CreativeWork\" ><div class='avia_textblock'  itemprop=\"text\" ><h1>Respecter les comp\u00e9tences dans l\u2019am\u00e9nagement du territoire<\/h1>\n<p>Notre am\u00e9nagement du territoire, bas\u00e9 sur une s\u00e9paration claire entre zones urbanis\u00e9es et zones non-urbanis\u00e9es, est une particularit\u00e9 de la Suisse. La Conf\u00e9d\u00e9ration ne peut d\u00e9finir que les grandes lignes de l\u2019am\u00e9nagement du territoire, alors que sa concr\u00e9tisation est de la comp\u00e9tence des cantons et des communes. Cette r\u00e9partition des comp\u00e9tences doit \u00eatre maintenue \u00e0 l\u2019avenir. Toute tentative de la Conf\u00e9d\u00e9ration pour prendre plus d\u2019influence sur l\u2019am\u00e9nagement du territoire doit \u00eatre rejet\u00e9e. Dans cet esprit, il faut p.ex. rejeter la deuxi\u00e8me r\u00e9vision de la loi sur l&rsquo;am\u00e9nagement du territoire, actuellement en consultation<\/p>\n<ul>\n<li><a href=\"https:\/\/www.thomas-egger.ch\/wp-content\/uploads\/2021\/03\/lesconclusionsdelajourneedetudedu15janvier2015ayverdonsurlesconstructionshorszonesabatirsetrouventici.pdf\" target=\"_blank\" rel=\"noopener\">Les conclusions de la journ\u00e9e d\u2019\u00e9tude du 15 janvier 2015 \u00e0 Yverdon sur les constructions hors zones \u00e0 b\u00e2tir se trouvent ici<\/a><\/li>\n<li>Pour en savoir plus, lisez le reportage sur mon intervention lors du\u00a0<a href=\"http:\/\/www.schweizerbauwirtschaft.ch\/Artikel-Einzelansicht.20+M5f3ef3a9cf7.0.html\" target=\"_blank\" rel=\"noopener\">Politforum de Thoune<\/a><\/li>\n<li><a href=\"https:\/\/www.thomas-egger.ch\/wp-content\/uploads\/2021\/03\/interviewimwalliserbotenvom15.mai2013.pdf\" target=\"_blank\" rel=\"noopener\">Interview dans le Walliser Bote du 15 mai 2013<\/a><\/li>\n<li><a href=\"http:\/\/www.hauptstadtregion.ch\/fr\/portraits\/thomas-egger\" target=\"_blank\" rel=\"noopener\">Interview<\/a>\u00a0sur la R\u00e9gion capitale suisse<\/li>\n<li>Non \u00e0 la deuxi\u00e8me r\u00e9vision de la\u00a0<a href=\"https:\/\/www.thomas-egger.ch\/wp-content\/uploads\/2021\/03\/zweitenteilrevision.pdf\" target=\"_blank\" rel=\"noopener\">Loi sur l&rsquo;am\u00e9nagement du territoire<\/a><\/li>\n<li>7 juin 2018: Non \u00e0 l&rsquo;initiative populaire sur le\u00a0<a href=\"https:\/\/www.parlament.ch\/fr\/ratsbetrieb\/amtliches-bulletin\/amtliches-bulletin-die-videos?TranscriptId=231198\" target=\"_blank\" rel=\"noopener\">mitage du territoire<\/a>.<\/li>\n<li>11 d\u00e9cembre 2018: Lancement de la\u00a0<a href=\"http:\/\/www.sgv-usam.ch\/fr\/manifestations\/conferences-de-presse\/non-a-linitiative-sur-le-mitage.html\" target=\"_blank\" rel=\"noopener\">campagne<\/a>\u00a0contre l&rsquo;initiative sur le mitage du territoire.<\/li>\n<li>14 d\u00e9cembre 2018:\u00a0NON \u00e0\u00a0l&rsquo;initiative sur le mitage du territoire.\u00a0<a href=\"https:\/\/www.thomas-egger.ch\/wp-content\/uploads\/2021\/03\/interview2.pdf\" target=\"_blank\" rel=\"noopener\">Interview<\/a>\u00a0dans le Journal des Arts et m\u00e9tiers.<\/li>\n<li>29 janvier 2019:\u00a0NON \u00e0 l&rsquo;initiative extr\u00eame contre le mitage du territoire. Le grand\u00a0<a href=\"https:\/\/www.lenouvelliste.ch\/dossiers\/votations-federales-du-10-fevrier-2019\/articles\/initiative-contre-le-mitage-on-betonne-un-pays-ou-son-developpement-face-a-face-entre-thomas-egger-et-jean-pascal-fournier-815815\" target=\"_blank\" rel=\"noopener\">d\u00e9bat<\/a>\u00a0dans le Nouvelliste.<\/li>\n<li>10 f\u00e9vrier 2019:\u00a0L&rsquo;initiative contre le mitage du territoire est clairement refus\u00e9e \u00e0 64%. R\u00e9action dans\u00a0<a id=\"10188383ampfbclidIwAR1Wk09ItiSGwZR8d1uC0ZZ_96GzhmCXBYbQ9xLmQwwX31-JPftr_yH2UM0\" href=\"https:\/\/www.rts.ch\/play\/radio\/forum\/audio\/debat-sur-les-consequences-du-refus-a-linitiative-stop-mitage?id=10188383&amp;fbclid=IwAR1Wk09ItiSGwZR8d1uC0ZZ_96GzhmCXBYbQ9xLmQwwX31-JPftr_yH2UM0\" target=\"_blank\" rel=\"noopener\">Forum<\/a>\u00a0sur RTS et dans le\u00a0<a href=\"https:\/\/www.thomas-egger.ch\/wp-content\/uploads\/2021\/03\/journaldujura.pdf\" target=\"_blank\" rel=\"noopener\">Journal du Jura<\/a>.<\/li>\n<li>28 janvier 2020:<strong>\u00a0<\/strong>NON \u00e0 l&rsquo;initiative sur les logements.\u00a0<a href=\"https:\/\/www.thomas-egger.ch\/wp-content\/uploads\/2021\/03\/artikel1-4.pdf\" target=\"_blank\" rel=\"noopener\">Article<\/a>\u00a0dans Montagna.<\/li>\n<li>19 f\u00e9vrier 2020:\u00a0Volontaires montagne &#8211; le service du SAB qui relie ville et campagne.\u00a0<a href=\"https:\/\/www.thomas-egger.ch\/wp-content\/uploads\/2021\/03\/artikel2-2.pdf\" target=\"_blank\" rel=\"noopener\">Interview<\/a>\u00a0dans Montagna.<\/li>\n<li>12 novembre 2021:\u00a0L&rsquo;application trop restrictive de la LAT par le Tribunal f\u00e9d\u00e9ral doit \u00eatre corrig\u00e9e.\u00a0<a href=\"https:\/\/www.thomas-egger.ch\/wp-content\/uploads\/2021\/11\/Agrihebdo-tribunal-federal-hors-zones-a-batir-scaled.jpg\" target=\"_blank\" rel=\"noopener\">Article<\/a> dans Agrihebdo.<\/li>\n<li>3 octobre 2022:Comment les communes peuvent s&rsquo;engager en faveur de cr\u00e9er des logements \u00e0 prix abordables.\u00a0<a href=\"https:\/\/www.thomas-egger.ch\/wp-content\/uploads\/2022\/10\/Montagna-10_2022_Artikel-Wohnraumfoerderung.pdf\" target=\"_blank\" rel=\"noopener\">Interview<\/a> dans la revue Montagna.<\/li>\n<li>31 octobre 2022:\u00a0Pr\u00e9sentation du guide \u00ab\u00a0<a href=\"https:\/\/www.thomas-egger.ch\/wp-content\/uploads\/2022\/11\/Broschuere_bundesamt_fuer_Wohnungswesen_FRANZ.pdf\" target=\"_blank\" rel=\"noopener\">Des logements attrayants dan les r\u00e9gions de montagne<\/a>\u00a0\u00bb \u00e0 Berne.<\/li>\n<li>28 septembre 2023:\u00a0La r\u00e9vision de la Loi sur l&rsquo;am\u00e9nagement du territoire (LAT2) permet une plus grande souplesse pour les constructions hors zones \u00e0 b\u00e2tir.\u00a0<a href=\"https:\/\/www.thomas-egger.ch\/wp-content\/uploads\/2023\/09\/TE-montagna-10-2023.pdf\" target=\"_blank\" rel=\"noopener\">Article<\/a>\u00a0dans la revue Montagna.<\/li>\n<li>2 avril 2024:\u00a0Non \u00e0 l&rsquo;initiative sur la biodiversit\u00e9.\u00a0<a href=\"https:\/\/www.thomas-egger.ch\/wp-content\/uploads\/2024\/04\/Artikel-4-2024_Biodiversitaetsinitiative.pdf\" target=\"_blank\" rel=\"noopener\">Article<\/a>\u00a0dans la revue Montagna.<\/li>\n<li>1er mai 2024:\u00a0Solutions pour la <a href=\"https:\/\/www.thomas-egger.ch\/wp-content\/uploads\/2024\/05\/Wohnungsnot-montagna-05-2024.pdf\" target=\"_blank\" rel=\"noopener\">p\u00e9nurie de logements<\/a>\u00a0et en particulier pour les <a href=\"https:\/\/www.thomas-egger.ch\/wp-content\/uploads\/2024\/05\/Angestelltenwohnungen_montagna-05-2024.pdf\" target=\"_blank\" rel=\"noopener\">logements pour les employ\u00e9s dans le tourisme. <\/a>Articles dans la revue Montagna.<\/li>\n<li>16 mai 2024:\u00a0AirBnB et ses effets sur la\u00a0p\u00e9nurie en logements en r\u00e9gions de montagne. <a href=\"https:\/\/www.thomas-egger.ch\/wp-content\/uploads\/2024\/05\/Airbnb-cartonne-en-montagne-au-risque-daggraver-la-penurie-de-logements-Le-Temps.pdf\" target=\"_blank\" rel=\"noopener\">Article<\/a> dans Le Temps.<\/li>\n<li>15 janvier 2025: P\u00e9nurie de logements en r\u00e9gions de montagne. <a href=\"https:\/\/www.thomas-egger.ch\/wp-content\/uploads\/2025\/01\/nouvelliste-wohnungsknappheit-scaled.jpg\" target=\"_blank\" rel=\"noopener\">Interview<\/a> dans le Nouvelliste et sur <a href=\"https:\/\/www.rhonefm.ch\/valais\/la-penurie-de-logements-concerne-aussi-les-regions-de-montagne-847940\" target=\"_blank\" rel=\"noopener\">Rh\u00f4ne FM<\/a>. <a href=\"https:\/\/www.rts.ch\/play\/tv\/19h30\/video\/les-regions-de-montagne-sont-aussi-touchees-par-la-penurie-de-logement--exemple-en-valais?urn=urn:rts:video:15423857\" target=\"_blank\" rel=\"noopener\">Reportage<\/a> dans le 19:30 sur RTS.<\/li>\n<li>5 mai 2025: Comment valoriser les coeurs de villages dans les communes de montagne? <a href=\"https:\/\/www.thomas-egger.ch\/wp-content\/uploads\/2025\/05\/Montagna-Dorfkerne-05-2025.pdf\" target=\"_blank\" rel=\"noopener\">Article<\/a> dans la revue Montagna.<\/li>\n<li>25 Mai 2025: De nombreuses communes de montagne sont confront\u00e9es \u00e0 une p\u00e9nurie de logements. <a href=\"https:\/\/www.watson.ch\/fr\/suisse\/immobilier\/743841411-penurie-de-logements-en-montagne-le-marche-est-vide\" target=\"_blank\" rel=\"noopener\">Interview<\/a> dans Watson.<\/li>\n<\/ul>\n<\/div><\/section><br \/>\n\n<style type=\"text\/css\" data-created_by=\"avia_inline_auto\" id=\"style-css-av-kmnlkj3i-773aa0ca57a0849189a6093332b17d90\">\n.avia-image-container.av-kmnlkj3i-773aa0ca57a0849189a6093332b17d90 img.avia_image{\nbox-shadow:none;\n}\n.avia-image-container.av-kmnlkj3i-773aa0ca57a0849189a6093332b17d90 .av-image-caption-overlay-center{\ncolor:#ffffff;\n}\n<\/style>\n<div  class='avia-image-container av-kmnlkj3i-773aa0ca57a0849189a6093332b17d90 av-styling- avia-align-center  avia-builder-el-2  el_after_av_textblock  avia-builder-el-last '   itemprop=\"image\" itemscope=\"itemscope\" itemtype=\"https:\/\/schema.org\/ImageObject\" ><div class=\"avia-image-container-inner\"><div class=\"avia-image-overlay-wrap\"><img decoding=\"async\" fetchpriority=\"high\" class='wp-image-292 avia-img-lazy-loading-not-292 avia_image ' src=\"https:\/\/www.thomas-egger.ch\/wp-content\/uploads\/2021\/03\/ernen_8.jpg\" alt='' title='ernen_8'  height=\"742\" width=\"990\"  itemprop=\"thumbnailUrl\" srcset=\"https:\/\/www.thomas-egger.ch\/wp-content\/uploads\/2021\/03\/ernen_8.jpg 990w, https:\/\/www.thomas-egger.ch\/wp-content\/uploads\/2021\/03\/ernen_8-768x576.jpg 768w, https:\/\/www.thomas-egger.ch\/wp-content\/uploads\/2021\/03\/ernen_8-705x528.jpg 705w\" sizes=\"(max-width: 990px) 100vw, 990px\" \/><\/div><\/div><\/div><\/p><\/div>\n","protected":false},"excerpt":{"rendered":"","protected":false},"author":4,"featured_media":0,"parent":352,"menu_order":0,"comment_status":"closed","ping_status":"closed","template":"","meta":{"footnotes":""},"class_list":["post-295","page","type-page","status-publish","hentry"],"yoast_head":"<!-- This site is optimized with the Yoast SEO plugin v27.4 - https:\/\/yoast.com\/product\/yoast-seo-wordpress\/ -->\n<title>Respecter les comp\u00e9tences dans l\u2019am\u00e9nagement du territoire - Thomas Egger<\/title>\n<meta name=\"robots\" content=\"index, follow, max-snippet:-1, max-image-preview:large, max-video-preview:-1\" \/>\n<link rel=\"canonical\" href=\"https:\/\/www.thomas-egger.ch\/fr\/tres-bonnes-connaissances-des-dossiers-politiques\/respecter-les-competences-dans-lamenagement-du-territoire\/\" \/>\n<meta property=\"og:locale\" content=\"fr_FR\" \/>\n<meta property=\"og:type\" content=\"article\" \/>\n<meta property=\"og:title\" content=\"Respecter les comp\u00e9tences dans l\u2019am\u00e9nagement du territoire - Thomas Egger\" \/>\n<meta property=\"og:url\" content=\"https:\/\/www.thomas-egger.ch\/fr\/tres-bonnes-connaissances-des-dossiers-politiques\/respecter-les-competences-dans-lamenagement-du-territoire\/\" \/>\n<meta property=\"og:site_name\" content=\"Thomas Egger\" \/>\n<meta property=\"article:modified_time\" content=\"2025-05-25T19:05:28+00:00\" \/>\n<meta name=\"twitter:card\" content=\"summary_large_image\" \/>\n<meta name=\"twitter:label1\" content=\"Dur\u00e9e de lecture estim\u00e9e\" \/>\n\t<meta name=\"twitter:data1\" content=\"3 minutes\" \/>\n<script type=\"application\/ld+json\" class=\"yoast-schema-graph\">{\"@context\":\"https:\\\/\\\/schema.org\",\"@graph\":[{\"@type\":\"WebPage\",\"@id\":\"https:\\\/\\\/www.thomas-egger.ch\\\/fr\\\/tres-bonnes-connaissances-des-dossiers-politiques\\\/respecter-les-competences-dans-lamenagement-du-territoire\\\/\",\"url\":\"https:\\\/\\\/www.thomas-egger.ch\\\/fr\\\/tres-bonnes-connaissances-des-dossiers-politiques\\\/respecter-les-competences-dans-lamenagement-du-territoire\\\/\",\"name\":\"Respecter les comp\u00e9tences dans l\u2019am\u00e9nagement du territoire - Thomas Egger\",\"isPartOf\":{\"@id\":\"https:\\\/\\\/www.thomas-egger.ch\\\/fr\\\/#website\"},\"datePublished\":\"2021-03-24T15:37:55+00:00\",\"dateModified\":\"2025-05-25T19:05:28+00:00\",\"breadcrumb\":{\"@id\":\"https:\\\/\\\/www.thomas-egger.ch\\\/fr\\\/tres-bonnes-connaissances-des-dossiers-politiques\\\/respecter-les-competences-dans-lamenagement-du-territoire\\\/#breadcrumb\"},\"inLanguage\":\"fr-FR\",\"potentialAction\":[{\"@type\":\"ReadAction\",\"target\":[\"https:\\\/\\\/www.thomas-egger.ch\\\/fr\\\/tres-bonnes-connaissances-des-dossiers-politiques\\\/respecter-les-competences-dans-lamenagement-du-territoire\\\/\"]}]},{\"@type\":\"BreadcrumbList\",\"@id\":\"https:\\\/\\\/www.thomas-egger.ch\\\/fr\\\/tres-bonnes-connaissances-des-dossiers-politiques\\\/respecter-les-competences-dans-lamenagement-du-territoire\\\/#breadcrumb\",\"itemListElement\":[{\"@type\":\"ListItem\",\"position\":1,\"name\":\"Startseite\",\"item\":\"https:\\\/\\\/www.thomas-egger.ch\\\/fr\\\/home\\\/\"},{\"@type\":\"ListItem\",\"position\":2,\"name\":\"Tr\u00e8s bonnes connaissances des dossiers politiques\",\"item\":\"https:\\\/\\\/www.thomas-egger.ch\\\/fr\\\/tres-bonnes-connaissances-des-dossiers-politiques\\\/\"},{\"@type\":\"ListItem\",\"position\":3,\"name\":\"Respecter les comp\u00e9tences dans l\u2019am\u00e9nagement du territoire\"}]},{\"@type\":\"WebSite\",\"@id\":\"https:\\\/\\\/www.thomas-egger.ch\\\/fr\\\/#website\",\"url\":\"https:\\\/\\\/www.thomas-egger.ch\\\/fr\\\/\",\"name\":\"Thomas Egger\",\"description\":\"\",\"potentialAction\":[{\"@type\":\"SearchAction\",\"target\":{\"@type\":\"EntryPoint\",\"urlTemplate\":\"https:\\\/\\\/www.thomas-egger.ch\\\/fr\\\/?s={search_term_string}\"},\"query-input\":{\"@type\":\"PropertyValueSpecification\",\"valueRequired\":true,\"valueName\":\"search_term_string\"}}],\"inLanguage\":\"fr-FR\"}]}<\/script>\n<!-- \/ Yoast SEO plugin. -->","yoast_head_json":{"title":"Respecter les comp\u00e9tences dans l\u2019am\u00e9nagement du territoire - Thomas Egger","robots":{"index":"index","follow":"follow","max-snippet":"max-snippet:-1","max-image-preview":"max-image-preview:large","max-video-preview":"max-video-preview:-1"},"canonical":"https:\/\/www.thomas-egger.ch\/fr\/tres-bonnes-connaissances-des-dossiers-politiques\/respecter-les-competences-dans-lamenagement-du-territoire\/","og_locale":"fr_FR","og_type":"article","og_title":"Respecter les comp\u00e9tences dans l\u2019am\u00e9nagement du territoire - Thomas Egger","og_url":"https:\/\/www.thomas-egger.ch\/fr\/tres-bonnes-connaissances-des-dossiers-politiques\/respecter-les-competences-dans-lamenagement-du-territoire\/","og_site_name":"Thomas Egger","article_modified_time":"2025-05-25T19:05:28+00:00","twitter_card":"summary_large_image","twitter_misc":{"Dur\u00e9e de lecture estim\u00e9e":"3 minutes"},"schema":{"@context":"https:\/\/schema.org","@graph":[{"@type":"WebPage","@id":"https:\/\/www.thomas-egger.ch\/fr\/tres-bonnes-connaissances-des-dossiers-politiques\/respecter-les-competences-dans-lamenagement-du-territoire\/","url":"https:\/\/www.thomas-egger.ch\/fr\/tres-bonnes-connaissances-des-dossiers-politiques\/respecter-les-competences-dans-lamenagement-du-territoire\/","name":"Respecter les comp\u00e9tences dans l\u2019am\u00e9nagement du territoire - Thomas Egger","isPartOf":{"@id":"https:\/\/www.thomas-egger.ch\/fr\/#website"},"datePublished":"2021-03-24T15:37:55+00:00","dateModified":"2025-05-25T19:05:28+00:00","breadcrumb":{"@id":"https:\/\/www.thomas-egger.ch\/fr\/tres-bonnes-connaissances-des-dossiers-politiques\/respecter-les-competences-dans-lamenagement-du-territoire\/#breadcrumb"},"inLanguage":"fr-FR","potentialAction":[{"@type":"ReadAction","target":["https:\/\/www.thomas-egger.ch\/fr\/tres-bonnes-connaissances-des-dossiers-politiques\/respecter-les-competences-dans-lamenagement-du-territoire\/"]}]},{"@type":"BreadcrumbList","@id":"https:\/\/www.thomas-egger.ch\/fr\/tres-bonnes-connaissances-des-dossiers-politiques\/respecter-les-competences-dans-lamenagement-du-territoire\/#breadcrumb","itemListElement":[{"@type":"ListItem","position":1,"name":"Startseite","item":"https:\/\/www.thomas-egger.ch\/fr\/home\/"},{"@type":"ListItem","position":2,"name":"Tr\u00e8s bonnes connaissances des dossiers politiques","item":"https:\/\/www.thomas-egger.ch\/fr\/tres-bonnes-connaissances-des-dossiers-politiques\/"},{"@type":"ListItem","position":3,"name":"Respecter les comp\u00e9tences dans l\u2019am\u00e9nagement du territoire"}]},{"@type":"WebSite","@id":"https:\/\/www.thomas-egger.ch\/fr\/#website","url":"https:\/\/www.thomas-egger.ch\/fr\/","name":"Thomas Egger","description":"","potentialAction":[{"@type":"SearchAction","target":{"@type":"EntryPoint","urlTemplate":"https:\/\/www.thomas-egger.ch\/fr\/?s={search_term_string}"},"query-input":{"@type":"PropertyValueSpecification","valueRequired":true,"valueName":"search_term_string"}}],"inLanguage":"fr-FR"}]}},"_links":{"self":[{"href":"https:\/\/www.thomas-egger.ch\/fr\/wp-json\/wp\/v2\/pages\/295","targetHints":{"allow":["GET"]}}],"collection":[{"href":"https:\/\/www.thomas-egger.ch\/fr\/wp-json\/wp\/v2\/pages"}],"about":[{"href":"https:\/\/www.thomas-egger.ch\/fr\/wp-json\/wp\/v2\/types\/page"}],"author":[{"embeddable":true,"href":"https:\/\/www.thomas-egger.ch\/fr\/wp-json\/wp\/v2\/users\/4"}],"replies":[{"embeddable":true,"href":"https:\/\/www.thomas-egger.ch\/fr\/wp-json\/wp\/v2\/comments?post=295"}],"version-history":[{"count":30,"href":"https:\/\/www.thomas-egger.ch\/fr\/wp-json\/wp\/v2\/pages\/295\/revisions"}],"predecessor-version":[{"id":3517,"href":"https:\/\/www.thomas-egger.ch\/fr\/wp-json\/wp\/v2\/pages\/295\/revisions\/3517"}],"up":[{"embeddable":true,"href":"https:\/\/www.thomas-egger.ch\/fr\/wp-json\/wp\/v2\/pages\/352"}],"wp:attachment":[{"href":"https:\/\/www.thomas-egger.ch\/fr\/wp-json\/wp\/v2\/media?parent=295"}],"curies":[{"name":"wp","href":"https:\/\/api.w.org\/{rel}","templated":true}]}}