{"id":311,"date":"2021-03-24T16:42:20","date_gmt":"2021-03-24T15:42:20","guid":{"rendered":"https:\/\/neu.thomas-egger.ch\/changement-climatique-necessite-de-prendre-des-mesures-dadaptation\/"},"modified":"2025-08-30T06:14:59","modified_gmt":"2025-08-30T04:14:59","slug":"changement-climatique-necessite-de-prendre-des-mesures-dadaptation","status":"publish","type":"page","link":"https:\/\/www.thomas-egger.ch\/fr\/tres-bonnes-connaissances-des-dossiers-politiques\/changement-climatique-necessite-de-prendre-des-mesures-dadaptation\/","title":{"rendered":"Changement climatique \u2013 n\u00e9cessit\u00e9 de prendre des mesures d\u2019adaptation"},"content":{"rendered":"\n<style type=\"text\/css\" data-created_by=\"avia_inline_auto\" id=\"style-css-av-a1aeq-d5e156d1d41cf575de826f85e51d380b\">\n.flex_column.av-a1aeq-d5e156d1d41cf575de826f85e51d380b{\nborder-radius:0px 0px 0px 0px;\npadding:0px 0px 0px 0px;\n}\n<\/style>\n<div  class='flex_column av-a1aeq-d5e156d1d41cf575de826f85e51d380b av_two_third  avia-builder-el-0  avia-builder-el-no-sibling  first flex_column_div av-zero-column-padding  '     ><section  class='av_textblock_section av-kmnm6fql-a3cd246f1ecbb54bb59afe081e7b0805 '   itemscope=\"itemscope\" itemtype=\"https:\/\/schema.org\/CreativeWork\" ><div class='avia_textblock'  itemprop=\"text\" ><h1>Changement climatique \u2013 n\u00e9cessit\u00e9 de prendre des mesures d\u2019adaptation<\/h1>\n<p>Le climat change. Il ne faut plus discuter de combien de micro-degr\u00e9s le climat va varier. Il faut plut\u00f4t se poser la question suivante\u00a0: comment g\u00e9rer ce d\u00e9fi, surtout au sein des r\u00e9gions de montagne qui sont particuli\u00e8rement touch\u00e9es par ce ph\u00e9nom\u00e8ne. Le SAB a r\u00e9ussi \u00e0 glisser un article sur l\u2019adaptation au changement climatique, dans la loi sur le CO2. Cet article constitue la base pour les activit\u00e9s de la Conf\u00e9d\u00e9ration et des cantons dans ce domaine. Pour les stations touristiques, nous avons inventori\u00e9 quelques bonnes pratiques d\u00e9di\u00e9es au changement climatique. Mais les exp\u00e9riences et les bonnes pratiques sont encore trop rares. Il faut intensifier le travail dans ce domaine. C\u2019\u00e9tait d\u2019ailleurs aussi la conclusion de la conf\u00e9rence internationale sur ce th\u00e8me que j\u2019ai eu l\u2019honneur de mod\u00e9rer \u00e0 Vienne, en 2014.<\/p>\n<ul>\n<li><a href=\"https:\/\/www.thomas-egger.ch\/wp-content\/uploads\/2021\/03\/handlungsbedarfbetreffendklimawandelanpassung.pdf\" target=\"_blank\" rel=\"noopener\">La n\u00e9cessit\u00e9 pour prendre des actions par rapport au changement climatique<\/a><\/li>\n<li><a href=\"https:\/\/www.thomas-egger.ch\/wp-content\/uploads\/2021\/03\/desbonnespratiquespourladaptationdutourismeauchangementclimatique.pdf\" target=\"_blank\" rel=\"noopener\">Des bonnes pratiques pour l\u2019adaptation du tourisme au changement climatique<\/a><\/li>\n<li><a href=\"https:\/\/www.thomas-egger.ch\/wp-content\/uploads\/2021\/03\/conclusionsdelajourneedetudeorganiseeen2013parlesabsurlechangementclimatique.pdf\" target=\"_blank\" rel=\"noopener\">Conclusions de la journ\u00e9e d\u2019\u00e9tude organis\u00e9e en 2013 par le SAB sur le changement climatique<\/a><\/li>\n<li><a href=\"http:\/\/www.c3alps.eu\/index.php\/en\/final-conference\/agenda\" target=\"_blank\" rel=\"noopener\">Conf\u00e9rence internationale \u00e0 Vienne<\/a><\/li>\n<li>16 octobre 2018:\u00a0Mod\u00e9ration du\u00a0<a href=\"http:\/\/www.sab.ch\/home\/news-detail\/news\/seminar-auf-dem-weg-zum-integrierten-wassermanagement-in-den-alpen.html?cHash=6e0c8c37efcb12901ccd64ab41308bbe\" target=\"_blank\" rel=\"noopener\">s\u00e9minaire<\/a>\u00a0sur le management int\u00e9gr\u00e9 des eaux \u00e0 Coire.<\/li>\n<li>17 juin 2020:\u00a0Est-ce que la Loi sur le CO2 va cr\u00e9er un nouveau foss\u00e9e ville &#8211; campagne.\u00a0<a href=\"https:\/\/www.thomas-egger.ch\/wp-content\/uploads\/2021\/03\/article-1-1.pdf\" target=\"_blank\" rel=\"noopener\">Article<\/a>\u00a0et Interview dans le Magazine Echo.<\/li>\n<li>3 d\u00e9cembre 2020:\u00a0Non \u00e0 l&rsquo;initiative \u00ab\u00a0pour les glaciers\u00a0\u00bb.\u00a0<a href=\"https:\/\/www.thomas-egger.ch\/wp-content\/uploads\/2021\/03\/artikel-4.pdf\" target=\"_blank\" rel=\"noopener\">Article<\/a>\u00a0dans la revue Montagna.<\/li>\n<li>9 juin 2021:\u00a0Les communes face au changement climatique. <a href=\"https:\/\/www.youtube.com\/watch?v=_9pZ1jksMgA\" target=\"_blank\" rel=\"noopener\">Expos\u00e9\u00a0<\/a>lors du congr\u00e8s sur l&rsquo;\u00e9nergie de SG (online).<\/li>\n<li>2 f\u00e9vrier 2023:\u00a0Pour un management int\u00e9gr\u00e9 de la ressource eau. <a href=\"https:\/\/www.thomas-egger.ch\/wp-content\/uploads\/2023\/02\/Wasser-Artikel-Montagna-1-2-2023.pdf\" target=\"_blank\" rel=\"noopener\">Article<\/a>\u00a0dans la revue Montagna.<\/li>\n<li>1er Juni 2023:\u00a0Comment les comment peuvent-elles se pr\u00e9parer pour de futures p\u00e9riodes de s\u00e9cheresse ? <a href=\"https:\/\/www.thomas-egger.ch\/wp-content\/uploads\/2023\/06\/6-2023.Wasser.pdf\" target=\"_blank\" rel=\"noopener\">Article<\/a> dans la revue Montagna.<\/li>\n<li>23 novembre 2023:\u00a0Participation \u00e0 une <a href=\"https:\/\/blueark.ch\/news\/300-specialistes-4e-blueark-conference\/\" target=\"_blank\" rel=\"noopener\">table ronde<\/a> sur l&rsquo;eau au Ch\u00e2ble.<\/li>\n<li>21 mars 2024:\u00a0<a href=\"https:\/\/www.thomas-egger.ch\/wp-content\/uploads\/2024\/03\/Nationale-Wasserstrategie-francais.pdf\" target=\"_blank\" rel=\"noopener\">Expos\u00e9<\/a> lors du\u00a0<a href=\"https:\/\/www.aquaetgas.ch\/fr\/svgw-news\/eau\/20240430-journ\u00e9e-technique-eau-s\u00e9cheresse\/\" target=\"_blank\" rel=\"noopener\">Congr\u00e8s sur l&rsquo;eau<\/a> \u00e0 Bienne.<\/li>\n<li>16 juillet 2024: Les intemp\u00e9ries ont fortement touch\u00e9 des r\u00e9gions alpines. Mais pas question d&rsquo;abandonner des vall\u00e9es. Mes r\u00e9actions dans le <a href=\"https:\/\/www.24heures.ch\/doit-on-proteger-reconstruire-ou-abandonner-lespace-alpin-192059068921\" target=\"_blank\" rel=\"noopener\">24heures<\/a> et sur <a href=\"https:\/\/www.rhonefm.ch\/valais\/intemperies--des-voix-s-elevent-pour-renoncer-a-des-espaces-de-vie-alpins-reactions-en-valais-557504\" target=\"_blank\" rel=\"noopener\">Rh\u00f4ne FM<\/a>.<\/li>\n<li>1er janvier 2025: Retour sur les intemp\u00e9ries de l&rsquo;ann\u00e9e 2024 dans \u00e9mission \u00ab\u00a0<a href=\"https:\/\/www.rts.ch\/audio-podcast\/2025\/audio\/retrospectives-2024-le-ciel-est-tombe-sur-la-tete-des-regions-alpines-28742596.html\" target=\"_blank\" rel=\"noopener\">Forum<\/a>\u00a0\u00bb sur RTS.<\/li>\n<li>29 ao\u00fbt 2025: Interview dans le <a href=\"https:\/\/www.blick.ch\/fr\/suisse\/un-expert-reagit-au-sondage-blick-la-confederation-veut-economiser-sur-la-prevention-des-risques-naturels-cest-inadmissible-id21178360.html\" target=\"_blank\" rel=\"noopener\">Blick<\/a> sur les risques li\u00e9s aux dangers naturels en montagne.<\/li>\n<\/ul>\n<\/div><\/section><br \/>\n\n<style type=\"text\/css\" data-created_by=\"avia_inline_auto\" id=\"style-css-av-kmnm6vnw-749f594fc805d0f98e3eda8ebba1d675\">\n.avia-image-container.av-kmnm6vnw-749f594fc805d0f98e3eda8ebba1d675 img.avia_image{\nbox-shadow:none;\n}\n.avia-image-container.av-kmnm6vnw-749f594fc805d0f98e3eda8ebba1d675 .av-image-caption-overlay-center{\ncolor:#ffffff;\n}\n<\/style>\n<div  class='avia-image-container av-kmnm6vnw-749f594fc805d0f98e3eda8ebba1d675 av-styling- avia-align-center  avia-builder-el-2  el_after_av_textblock  avia-builder-el-last '   itemprop=\"image\" itemscope=\"itemscope\" itemtype=\"https:\/\/schema.org\/ImageObject\" ><div class=\"avia-image-container-inner\"><div class=\"avia-image-overlay-wrap\"><img decoding=\"async\" fetchpriority=\"high\" class='wp-image-308 avia-img-lazy-loading-not-308 avia_image ' src=\"https:\/\/www.thomas-egger.ch\/wp-content\/uploads\/2021\/03\/aletschgletscher09_2014h.jpg\" alt='' title='aletschgletscher09_2014h'  height=\"742\" width=\"990\"  itemprop=\"thumbnailUrl\" srcset=\"https:\/\/www.thomas-egger.ch\/wp-content\/uploads\/2021\/03\/aletschgletscher09_2014h.jpg 990w, https:\/\/www.thomas-egger.ch\/wp-content\/uploads\/2021\/03\/aletschgletscher09_2014h-768x576.jpg 768w, https:\/\/www.thomas-egger.ch\/wp-content\/uploads\/2021\/03\/aletschgletscher09_2014h-705x528.jpg 705w\" sizes=\"(max-width: 990px) 100vw, 990px\" \/><\/div><\/div><\/div><\/p><\/div>\n","protected":false},"excerpt":{"rendered":"","protected":false},"author":4,"featured_media":0,"parent":352,"menu_order":0,"comment_status":"closed","ping_status":"closed","template":"","meta":{"footnotes":""},"class_list":["post-311","page","type-page","status-publish","hentry"],"yoast_head":"<!-- This site is optimized with the Yoast SEO plugin v27.4 - https:\/\/yoast.com\/product\/yoast-seo-wordpress\/ -->\n<title>Changement climatique \u2013 n\u00e9cessit\u00e9 de prendre des mesures d\u2019adaptation - Thomas Egger<\/title>\n<meta name=\"robots\" content=\"index, follow, max-snippet:-1, max-image-preview:large, max-video-preview:-1\" \/>\n<link rel=\"canonical\" href=\"https:\/\/www.thomas-egger.ch\/fr\/tres-bonnes-connaissances-des-dossiers-politiques\/changement-climatique-necessite-de-prendre-des-mesures-dadaptation\/\" \/>\n<meta property=\"og:locale\" content=\"fr_FR\" \/>\n<meta property=\"og:type\" content=\"article\" \/>\n<meta property=\"og:title\" content=\"Changement climatique \u2013 n\u00e9cessit\u00e9 de prendre des mesures d\u2019adaptation - Thomas Egger\" \/>\n<meta property=\"og:url\" content=\"https:\/\/www.thomas-egger.ch\/fr\/tres-bonnes-connaissances-des-dossiers-politiques\/changement-climatique-necessite-de-prendre-des-mesures-dadaptation\/\" \/>\n<meta property=\"og:site_name\" content=\"Thomas Egger\" \/>\n<meta property=\"article:modified_time\" content=\"2025-08-30T04:14:59+00:00\" \/>\n<meta name=\"twitter:card\" content=\"summary_large_image\" \/>\n<meta name=\"twitter:label1\" content=\"Dur\u00e9e de lecture estim\u00e9e\" \/>\n\t<meta name=\"twitter:data1\" content=\"3 minutes\" \/>\n<script type=\"application\/ld+json\" class=\"yoast-schema-graph\">{\"@context\":\"https:\\\/\\\/schema.org\",\"@graph\":[{\"@type\":\"WebPage\",\"@id\":\"https:\\\/\\\/www.thomas-egger.ch\\\/fr\\\/tres-bonnes-connaissances-des-dossiers-politiques\\\/changement-climatique-necessite-de-prendre-des-mesures-dadaptation\\\/\",\"url\":\"https:\\\/\\\/www.thomas-egger.ch\\\/fr\\\/tres-bonnes-connaissances-des-dossiers-politiques\\\/changement-climatique-necessite-de-prendre-des-mesures-dadaptation\\\/\",\"name\":\"Changement climatique \u2013 n\u00e9cessit\u00e9 de prendre des mesures d\u2019adaptation - Thomas Egger\",\"isPartOf\":{\"@id\":\"https:\\\/\\\/www.thomas-egger.ch\\\/fr\\\/#website\"},\"datePublished\":\"2021-03-24T15:42:20+00:00\",\"dateModified\":\"2025-08-30T04:14:59+00:00\",\"breadcrumb\":{\"@id\":\"https:\\\/\\\/www.thomas-egger.ch\\\/fr\\\/tres-bonnes-connaissances-des-dossiers-politiques\\\/changement-climatique-necessite-de-prendre-des-mesures-dadaptation\\\/#breadcrumb\"},\"inLanguage\":\"fr-FR\",\"potentialAction\":[{\"@type\":\"ReadAction\",\"target\":[\"https:\\\/\\\/www.thomas-egger.ch\\\/fr\\\/tres-bonnes-connaissances-des-dossiers-politiques\\\/changement-climatique-necessite-de-prendre-des-mesures-dadaptation\\\/\"]}]},{\"@type\":\"BreadcrumbList\",\"@id\":\"https:\\\/\\\/www.thomas-egger.ch\\\/fr\\\/tres-bonnes-connaissances-des-dossiers-politiques\\\/changement-climatique-necessite-de-prendre-des-mesures-dadaptation\\\/#breadcrumb\",\"itemListElement\":[{\"@type\":\"ListItem\",\"position\":1,\"name\":\"Startseite\",\"item\":\"https:\\\/\\\/www.thomas-egger.ch\\\/fr\\\/home\\\/\"},{\"@type\":\"ListItem\",\"position\":2,\"name\":\"Tr\u00e8s bonnes connaissances des dossiers politiques\",\"item\":\"https:\\\/\\\/www.thomas-egger.ch\\\/fr\\\/tres-bonnes-connaissances-des-dossiers-politiques\\\/\"},{\"@type\":\"ListItem\",\"position\":3,\"name\":\"Changement climatique \u2013 n\u00e9cessit\u00e9 de prendre des mesures d\u2019adaptation\"}]},{\"@type\":\"WebSite\",\"@id\":\"https:\\\/\\\/www.thomas-egger.ch\\\/fr\\\/#website\",\"url\":\"https:\\\/\\\/www.thomas-egger.ch\\\/fr\\\/\",\"name\":\"Thomas Egger\",\"description\":\"\",\"potentialAction\":[{\"@type\":\"SearchAction\",\"target\":{\"@type\":\"EntryPoint\",\"urlTemplate\":\"https:\\\/\\\/www.thomas-egger.ch\\\/fr\\\/?s={search_term_string}\"},\"query-input\":{\"@type\":\"PropertyValueSpecification\",\"valueRequired\":true,\"valueName\":\"search_term_string\"}}],\"inLanguage\":\"fr-FR\"}]}<\/script>\n<!-- \/ Yoast SEO plugin. -->","yoast_head_json":{"title":"Changement climatique \u2013 n\u00e9cessit\u00e9 de prendre des mesures d\u2019adaptation - Thomas Egger","robots":{"index":"index","follow":"follow","max-snippet":"max-snippet:-1","max-image-preview":"max-image-preview:large","max-video-preview":"max-video-preview:-1"},"canonical":"https:\/\/www.thomas-egger.ch\/fr\/tres-bonnes-connaissances-des-dossiers-politiques\/changement-climatique-necessite-de-prendre-des-mesures-dadaptation\/","og_locale":"fr_FR","og_type":"article","og_title":"Changement climatique \u2013 n\u00e9cessit\u00e9 de prendre des mesures d\u2019adaptation - Thomas Egger","og_url":"https:\/\/www.thomas-egger.ch\/fr\/tres-bonnes-connaissances-des-dossiers-politiques\/changement-climatique-necessite-de-prendre-des-mesures-dadaptation\/","og_site_name":"Thomas Egger","article_modified_time":"2025-08-30T04:14:59+00:00","twitter_card":"summary_large_image","twitter_misc":{"Dur\u00e9e de lecture estim\u00e9e":"3 minutes"},"schema":{"@context":"https:\/\/schema.org","@graph":[{"@type":"WebPage","@id":"https:\/\/www.thomas-egger.ch\/fr\/tres-bonnes-connaissances-des-dossiers-politiques\/changement-climatique-necessite-de-prendre-des-mesures-dadaptation\/","url":"https:\/\/www.thomas-egger.ch\/fr\/tres-bonnes-connaissances-des-dossiers-politiques\/changement-climatique-necessite-de-prendre-des-mesures-dadaptation\/","name":"Changement climatique \u2013 n\u00e9cessit\u00e9 de prendre des mesures d\u2019adaptation - Thomas Egger","isPartOf":{"@id":"https:\/\/www.thomas-egger.ch\/fr\/#website"},"datePublished":"2021-03-24T15:42:20+00:00","dateModified":"2025-08-30T04:14:59+00:00","breadcrumb":{"@id":"https:\/\/www.thomas-egger.ch\/fr\/tres-bonnes-connaissances-des-dossiers-politiques\/changement-climatique-necessite-de-prendre-des-mesures-dadaptation\/#breadcrumb"},"inLanguage":"fr-FR","potentialAction":[{"@type":"ReadAction","target":["https:\/\/www.thomas-egger.ch\/fr\/tres-bonnes-connaissances-des-dossiers-politiques\/changement-climatique-necessite-de-prendre-des-mesures-dadaptation\/"]}]},{"@type":"BreadcrumbList","@id":"https:\/\/www.thomas-egger.ch\/fr\/tres-bonnes-connaissances-des-dossiers-politiques\/changement-climatique-necessite-de-prendre-des-mesures-dadaptation\/#breadcrumb","itemListElement":[{"@type":"ListItem","position":1,"name":"Startseite","item":"https:\/\/www.thomas-egger.ch\/fr\/home\/"},{"@type":"ListItem","position":2,"name":"Tr\u00e8s bonnes connaissances des dossiers politiques","item":"https:\/\/www.thomas-egger.ch\/fr\/tres-bonnes-connaissances-des-dossiers-politiques\/"},{"@type":"ListItem","position":3,"name":"Changement climatique \u2013 n\u00e9cessit\u00e9 de prendre des mesures d\u2019adaptation"}]},{"@type":"WebSite","@id":"https:\/\/www.thomas-egger.ch\/fr\/#website","url":"https:\/\/www.thomas-egger.ch\/fr\/","name":"Thomas Egger","description":"","potentialAction":[{"@type":"SearchAction","target":{"@type":"EntryPoint","urlTemplate":"https:\/\/www.thomas-egger.ch\/fr\/?s={search_term_string}"},"query-input":{"@type":"PropertyValueSpecification","valueRequired":true,"valueName":"search_term_string"}}],"inLanguage":"fr-FR"}]}},"_links":{"self":[{"href":"https:\/\/www.thomas-egger.ch\/fr\/wp-json\/wp\/v2\/pages\/311","targetHints":{"allow":["GET"]}}],"collection":[{"href":"https:\/\/www.thomas-egger.ch\/fr\/wp-json\/wp\/v2\/pages"}],"about":[{"href":"https:\/\/www.thomas-egger.ch\/fr\/wp-json\/wp\/v2\/types\/page"}],"author":[{"embeddable":true,"href":"https:\/\/www.thomas-egger.ch\/fr\/wp-json\/wp\/v2\/users\/4"}],"replies":[{"embeddable":true,"href":"https:\/\/www.thomas-egger.ch\/fr\/wp-json\/wp\/v2\/comments?post=311"}],"version-history":[{"count":22,"href":"https:\/\/www.thomas-egger.ch\/fr\/wp-json\/wp\/v2\/pages\/311\/revisions"}],"predecessor-version":[{"id":3634,"href":"https:\/\/www.thomas-egger.ch\/fr\/wp-json\/wp\/v2\/pages\/311\/revisions\/3634"}],"up":[{"embeddable":true,"href":"https:\/\/www.thomas-egger.ch\/fr\/wp-json\/wp\/v2\/pages\/352"}],"wp:attachment":[{"href":"https:\/\/www.thomas-egger.ch\/fr\/wp-json\/wp\/v2\/media?parent=311"}],"curies":[{"name":"wp","href":"https:\/\/api.w.org\/{rel}","templated":true}]}}