{"id":319,"date":"2021-03-24T16:44:18","date_gmt":"2021-03-24T15:44:18","guid":{"rendered":"https:\/\/neu.thomas-egger.ch\/le-loup-un-symbole\/"},"modified":"2023-11-16T09:04:34","modified_gmt":"2023-11-16T08:04:34","slug":"le-loup-un-symbole","status":"publish","type":"page","link":"https:\/\/www.thomas-egger.ch\/fr\/tres-bonnes-connaissances-des-dossiers-politiques\/le-loup-un-symbole\/","title":{"rendered":"Le loup \u2013 un symbole"},"content":{"rendered":"\n<style type=\"text\/css\" data-created_by=\"avia_inline_auto\" id=\"style-css-av-8ip4y-ba076fbc76a68446fdf4b9ec9e917312\">\n.flex_column.av-8ip4y-ba076fbc76a68446fdf4b9ec9e917312{\nborder-radius:0px 0px 0px 0px;\npadding:0px 0px 0px 0px;\n}\n<\/style>\n<div  class='flex_column av-8ip4y-ba076fbc76a68446fdf4b9ec9e917312 av_two_third  avia-builder-el-0  avia-builder-el-no-sibling  first flex_column_div av-zero-column-padding  '     ><section  class='av_textblock_section av-kmnm8vhj-6bc587648afa1b52c8c14a442a02df73 '   itemscope=\"itemscope\" itemtype=\"https:\/\/schema.org\/CreativeWork\" ><div class='avia_textblock'  itemprop=\"text\" ><h1>Le loup \u2013 un symbole<\/h1>\n<p>La cohabitation entre loup et l\u2019agriculture de montagne contemporaine n\u2019est pas possible. Je suis clairement d\u2019avis que la Suisse doit quitter la Convention de Berne (Motion Fournier) et d\u00e9poser, lors de sa r\u00e9admission, une r\u00e9serve par rapport au loup et aux autres grands pr\u00e9dateurs. En plus, la Suisse doit modifier la l\u00e9gislation sur la chasse, afin qu\u2019on puisse chasser le loup (Motion Imoberdorf). Mais la discussion sur le loup est embl\u00e9matique. Finalement, cela revient \u00e0 se poser cette question essentielle\u00a0: quel est le r\u00f4le des r\u00e9gions de montagne\u00a0? Est-ce une r\u00e9serve naturelle pour les loups\u00a0? Ma r\u00e9ponse\u00a0est non\u00a0! Les r\u00e9gions de montagne sont un espace de vie et d\u2019\u00e9changes \u00e9conomiques.<\/p>\n<ul>\n<li><a href=\"https:\/\/www.thomas-egger.ch\/wp-content\/uploads\/2021\/03\/documentdepositionsurleloup.pdf\" target=\"_blank\" rel=\"noopener\">Document de position sur le loup<\/a><\/li>\n<li><a href=\"http:\/\/www.rts.ch\/la-1ere\/programmes\/le-journal-du-matin\/5992995-le-journal-du-matin-du-17-07-2014.html#5992992\" target=\"_blank\" rel=\"noopener\">Ecoutez mon t\u00e9moignage dans le journal du matin du 17 juillet 2014<\/a><\/li>\n<li><a href=\"http:\/\/www.lenouvelliste.ch\/fr\/valais\/valais\/des-eleveurs-veulent-creer-une-association-nationale-contre-le-loup-498-1424312\" target=\"_blank\" rel=\"noopener\">Article dans le Nouvelliste du 4 mars 2015<\/a><\/li>\n<li>Interview du 22 avril 2015 sur le loup sur\u00a0<a href=\"http:\/\/canal9.ch\/aktu-la-peur-du-grand-mechant-loup\/\" target=\"_blank\" rel=\"noopener\">Canal9<\/a><\/li>\n<li>1er avril 2020:\u00a0OUI \u00e0 la r\u00e9vision de la loi sur la chasse.\u00a0<a href=\"https:\/\/www.thomas-egger.ch\/wp-content\/uploads\/2021\/03\/beitrag.pdf\" target=\"_blank\" rel=\"noopener\">Artice<\/a>\u00a0dans la revue Montagna.<\/li>\n<li>2 Novembre 2020:\u00a0Quelle suite apr\u00e8s le refus de la loi sur la chasse?\u00a0<a href=\"https:\/\/www.thomas-egger.ch\/wp-content\/uploads\/2021\/03\/artikel-1.pdf\" target=\"_blank\" rel=\"noopener\">Article<\/a>\u00a0dans la revue Montagna.<\/li>\n<li>19 janvier 2022:\u00a0Une solution pour la probl\u00e9matique des grand pr\u00e9dateurs se profile \u00e0 l&rsquo;horizon gr\u00e2ce \u00e0 un compromis entre les associations. <a href=\"https:\/\/www.rhonefm.ch\/actualites\/abattre-des-loups-avant-meme-quils-nattaquent-lidee-se-precise-berne\" target=\"_blank\" rel=\"noopener\">Interview<\/a> sur Rhone FM.<\/li>\n<li>16 novembre 2023:\u00a0Loup &#8211; il est urgent d&rsquo;agir. <a href=\"https:\/\/www.thomas-egger.ch\/wp-content\/uploads\/2023\/11\/Wolf-Kolumne-LeTemps.jpg\" target=\"_blank\" rel=\"noopener\">Tribune<\/a> dans le Temps.<\/li>\n<\/ul>\n<\/div><\/section><br \/>\n\n<style type=\"text\/css\" data-created_by=\"avia_inline_auto\" id=\"style-css-av-kmnm9azp-efe36ca8b948781be808097b6bf03c3e\">\n.avia-image-container.av-kmnm9azp-efe36ca8b948781be808097b6bf03c3e img.avia_image{\nbox-shadow:none;\n}\n.avia-image-container.av-kmnm9azp-efe36ca8b948781be808097b6bf03c3e .av-image-caption-overlay-center{\ncolor:#ffffff;\n}\n<\/style>\n<div  class='avia-image-container av-kmnm9azp-efe36ca8b948781be808097b6bf03c3e av-styling- avia-align-center  avia-builder-el-2  el_after_av_textblock  avia-builder-el-last '   itemprop=\"image\" itemscope=\"itemscope\" itemtype=\"https:\/\/schema.org\/ImageObject\" ><div class=\"avia-image-container-inner\"><div class=\"avia-image-overlay-wrap\"><img decoding=\"async\" fetchpriority=\"high\" class='wp-image-316 avia-img-lazy-loading-not-316 avia_image ' src=\"https:\/\/www.thomas-egger.ch\/wp-content\/uploads\/2021\/03\/breithorn_6.jpg\" alt='' title='breithorn_6'  height=\"742\" width=\"990\"  itemprop=\"thumbnailUrl\" srcset=\"https:\/\/www.thomas-egger.ch\/wp-content\/uploads\/2021\/03\/breithorn_6.jpg 990w, https:\/\/www.thomas-egger.ch\/wp-content\/uploads\/2021\/03\/breithorn_6-768x576.jpg 768w, https:\/\/www.thomas-egger.ch\/wp-content\/uploads\/2021\/03\/breithorn_6-705x528.jpg 705w\" sizes=\"(max-width: 990px) 100vw, 990px\" \/><\/div><\/div><\/div><\/p><\/div>\n","protected":false},"excerpt":{"rendered":"","protected":false},"author":4,"featured_media":0,"parent":352,"menu_order":0,"comment_status":"closed","ping_status":"closed","template":"","meta":{"footnotes":""},"class_list":["post-319","page","type-page","status-publish","hentry"],"yoast_head":"<!-- This site is optimized with the Yoast SEO plugin v27.4 - https:\/\/yoast.com\/product\/yoast-seo-wordpress\/ -->\n<title>Le loup \u2013 un symbole - Thomas Egger<\/title>\n<meta name=\"robots\" content=\"index, follow, max-snippet:-1, max-image-preview:large, max-video-preview:-1\" \/>\n<link rel=\"canonical\" href=\"https:\/\/www.thomas-egger.ch\/fr\/tres-bonnes-connaissances-des-dossiers-politiques\/le-loup-un-symbole\/\" \/>\n<meta property=\"og:locale\" content=\"fr_FR\" \/>\n<meta property=\"og:type\" content=\"article\" \/>\n<meta property=\"og:title\" content=\"Le loup \u2013 un symbole - Thomas Egger\" \/>\n<meta property=\"og:url\" content=\"https:\/\/www.thomas-egger.ch\/fr\/tres-bonnes-connaissances-des-dossiers-politiques\/le-loup-un-symbole\/\" \/>\n<meta property=\"og:site_name\" content=\"Thomas Egger\" \/>\n<meta property=\"article:modified_time\" content=\"2023-11-16T08:04:34+00:00\" \/>\n<meta name=\"twitter:card\" content=\"summary_large_image\" \/>\n<meta name=\"twitter:label1\" content=\"Dur\u00e9e de lecture estim\u00e9e\" \/>\n\t<meta name=\"twitter:data1\" content=\"2 minutes\" \/>\n<script type=\"application\/ld+json\" class=\"yoast-schema-graph\">{\"@context\":\"https:\\\/\\\/schema.org\",\"@graph\":[{\"@type\":\"WebPage\",\"@id\":\"https:\\\/\\\/www.thomas-egger.ch\\\/fr\\\/tres-bonnes-connaissances-des-dossiers-politiques\\\/le-loup-un-symbole\\\/\",\"url\":\"https:\\\/\\\/www.thomas-egger.ch\\\/fr\\\/tres-bonnes-connaissances-des-dossiers-politiques\\\/le-loup-un-symbole\\\/\",\"name\":\"Le loup \u2013 un symbole - Thomas Egger\",\"isPartOf\":{\"@id\":\"https:\\\/\\\/www.thomas-egger.ch\\\/fr\\\/#website\"},\"datePublished\":\"2021-03-24T15:44:18+00:00\",\"dateModified\":\"2023-11-16T08:04:34+00:00\",\"breadcrumb\":{\"@id\":\"https:\\\/\\\/www.thomas-egger.ch\\\/fr\\\/tres-bonnes-connaissances-des-dossiers-politiques\\\/le-loup-un-symbole\\\/#breadcrumb\"},\"inLanguage\":\"fr-FR\",\"potentialAction\":[{\"@type\":\"ReadAction\",\"target\":[\"https:\\\/\\\/www.thomas-egger.ch\\\/fr\\\/tres-bonnes-connaissances-des-dossiers-politiques\\\/le-loup-un-symbole\\\/\"]}]},{\"@type\":\"BreadcrumbList\",\"@id\":\"https:\\\/\\\/www.thomas-egger.ch\\\/fr\\\/tres-bonnes-connaissances-des-dossiers-politiques\\\/le-loup-un-symbole\\\/#breadcrumb\",\"itemListElement\":[{\"@type\":\"ListItem\",\"position\":1,\"name\":\"Startseite\",\"item\":\"https:\\\/\\\/www.thomas-egger.ch\\\/fr\\\/home\\\/\"},{\"@type\":\"ListItem\",\"position\":2,\"name\":\"Tr\u00e8s bonnes connaissances des dossiers politiques\",\"item\":\"https:\\\/\\\/www.thomas-egger.ch\\\/fr\\\/tres-bonnes-connaissances-des-dossiers-politiques\\\/\"},{\"@type\":\"ListItem\",\"position\":3,\"name\":\"Le loup \u2013 un symbole\"}]},{\"@type\":\"WebSite\",\"@id\":\"https:\\\/\\\/www.thomas-egger.ch\\\/fr\\\/#website\",\"url\":\"https:\\\/\\\/www.thomas-egger.ch\\\/fr\\\/\",\"name\":\"Thomas Egger\",\"description\":\"\",\"potentialAction\":[{\"@type\":\"SearchAction\",\"target\":{\"@type\":\"EntryPoint\",\"urlTemplate\":\"https:\\\/\\\/www.thomas-egger.ch\\\/fr\\\/?s={search_term_string}\"},\"query-input\":{\"@type\":\"PropertyValueSpecification\",\"valueRequired\":true,\"valueName\":\"search_term_string\"}}],\"inLanguage\":\"fr-FR\"}]}<\/script>\n<!-- \/ Yoast SEO plugin. -->","yoast_head_json":{"title":"Le loup \u2013 un symbole - Thomas Egger","robots":{"index":"index","follow":"follow","max-snippet":"max-snippet:-1","max-image-preview":"max-image-preview:large","max-video-preview":"max-video-preview:-1"},"canonical":"https:\/\/www.thomas-egger.ch\/fr\/tres-bonnes-connaissances-des-dossiers-politiques\/le-loup-un-symbole\/","og_locale":"fr_FR","og_type":"article","og_title":"Le loup \u2013 un symbole - Thomas Egger","og_url":"https:\/\/www.thomas-egger.ch\/fr\/tres-bonnes-connaissances-des-dossiers-politiques\/le-loup-un-symbole\/","og_site_name":"Thomas Egger","article_modified_time":"2023-11-16T08:04:34+00:00","twitter_card":"summary_large_image","twitter_misc":{"Dur\u00e9e de lecture estim\u00e9e":"2 minutes"},"schema":{"@context":"https:\/\/schema.org","@graph":[{"@type":"WebPage","@id":"https:\/\/www.thomas-egger.ch\/fr\/tres-bonnes-connaissances-des-dossiers-politiques\/le-loup-un-symbole\/","url":"https:\/\/www.thomas-egger.ch\/fr\/tres-bonnes-connaissances-des-dossiers-politiques\/le-loup-un-symbole\/","name":"Le loup \u2013 un symbole - Thomas Egger","isPartOf":{"@id":"https:\/\/www.thomas-egger.ch\/fr\/#website"},"datePublished":"2021-03-24T15:44:18+00:00","dateModified":"2023-11-16T08:04:34+00:00","breadcrumb":{"@id":"https:\/\/www.thomas-egger.ch\/fr\/tres-bonnes-connaissances-des-dossiers-politiques\/le-loup-un-symbole\/#breadcrumb"},"inLanguage":"fr-FR","potentialAction":[{"@type":"ReadAction","target":["https:\/\/www.thomas-egger.ch\/fr\/tres-bonnes-connaissances-des-dossiers-politiques\/le-loup-un-symbole\/"]}]},{"@type":"BreadcrumbList","@id":"https:\/\/www.thomas-egger.ch\/fr\/tres-bonnes-connaissances-des-dossiers-politiques\/le-loup-un-symbole\/#breadcrumb","itemListElement":[{"@type":"ListItem","position":1,"name":"Startseite","item":"https:\/\/www.thomas-egger.ch\/fr\/home\/"},{"@type":"ListItem","position":2,"name":"Tr\u00e8s bonnes connaissances des dossiers politiques","item":"https:\/\/www.thomas-egger.ch\/fr\/tres-bonnes-connaissances-des-dossiers-politiques\/"},{"@type":"ListItem","position":3,"name":"Le loup \u2013 un symbole"}]},{"@type":"WebSite","@id":"https:\/\/www.thomas-egger.ch\/fr\/#website","url":"https:\/\/www.thomas-egger.ch\/fr\/","name":"Thomas Egger","description":"","potentialAction":[{"@type":"SearchAction","target":{"@type":"EntryPoint","urlTemplate":"https:\/\/www.thomas-egger.ch\/fr\/?s={search_term_string}"},"query-input":{"@type":"PropertyValueSpecification","valueRequired":true,"valueName":"search_term_string"}}],"inLanguage":"fr-FR"}]}},"_links":{"self":[{"href":"https:\/\/www.thomas-egger.ch\/fr\/wp-json\/wp\/v2\/pages\/319","targetHints":{"allow":["GET"]}}],"collection":[{"href":"https:\/\/www.thomas-egger.ch\/fr\/wp-json\/wp\/v2\/pages"}],"about":[{"href":"https:\/\/www.thomas-egger.ch\/fr\/wp-json\/wp\/v2\/types\/page"}],"author":[{"embeddable":true,"href":"https:\/\/www.thomas-egger.ch\/fr\/wp-json\/wp\/v2\/users\/4"}],"replies":[{"embeddable":true,"href":"https:\/\/www.thomas-egger.ch\/fr\/wp-json\/wp\/v2\/comments?post=319"}],"version-history":[{"count":8,"href":"https:\/\/www.thomas-egger.ch\/fr\/wp-json\/wp\/v2\/pages\/319\/revisions"}],"predecessor-version":[{"id":2760,"href":"https:\/\/www.thomas-egger.ch\/fr\/wp-json\/wp\/v2\/pages\/319\/revisions\/2760"}],"up":[{"embeddable":true,"href":"https:\/\/www.thomas-egger.ch\/fr\/wp-json\/wp\/v2\/pages\/352"}],"wp:attachment":[{"href":"https:\/\/www.thomas-egger.ch\/fr\/wp-json\/wp\/v2\/media?parent=319"}],"curies":[{"name":"wp","href":"https:\/\/api.w.org\/{rel}","templated":true}]}}