{"id":339,"date":"2021-03-24T16:49:19","date_gmt":"2021-03-24T15:49:19","guid":{"rendered":"https:\/\/neu.thomas-egger.ch\/candidature-pour-le-conseil-national-2019\/"},"modified":"2021-03-29T14:20:36","modified_gmt":"2021-03-29T12:20:36","slug":"candidature-pour-le-conseil-national-2019","status":"publish","type":"page","link":"https:\/\/www.thomas-egger.ch\/fr\/tres-bonnes-connaissances-des-dossiers-politiques\/candidature-pour-le-conseil-national-2019\/","title":{"rendered":"Candidature pour le Conseil national 2019"},"content":{"rendered":"\n<style type=\"text\/css\" data-created_by=\"avia_inline_auto\" id=\"style-css-av-vbki-c021672a7d1e8b5cf69df867528203aa\">\n.flex_column.av-vbki-c021672a7d1e8b5cf69df867528203aa{\nborder-radius:0px 0px 0px 0px;\npadding:0px 0px 0px 0px;\n}\n<\/style>\n<div  class='flex_column av-vbki-c021672a7d1e8b5cf69df867528203aa av_two_third  avia-builder-el-0  avia-builder-el-no-sibling  first flex_column_div av-zero-column-padding  '     ><section  class='av_textblock_section av-kmnme62k-24cdbc2edb95585ca89f13c0f81f1f31 '   itemscope=\"itemscope\" itemtype=\"https:\/\/schema.org\/CreativeWork\" ><div class='avia_textblock'  itemprop=\"text\" ><h2>Candidature pour le Conseil national 2019<\/h2>\n<p>En juin 2017, j&rsquo;ai eu l&rsquo;honneur de remplacer Roberto Schmidt au Conseil national. En 2019, j&rsquo;ai men\u00e9 la campagne pour maintenir ce si\u00e8ge du CSPO au Conseil national. Voici quelques \u00e9l\u00e9ments de cette campagne:<\/p>\n<p><strong>7 novembre 2019<\/strong><br \/>\nCongr\u00e8s du\u00a0<a href=\"http:\/\/www.cspo.ch\/\" target=\"_blank\" rel=\"noopener\">CSPO<\/a>\u00a0\u00e0 M\u00f6rel.<\/p>\n<p><strong>22 octobre 2019<br \/>\n<\/strong>Ce que signifie la \u00ab\u00a0vague verte\u00a0\u00bb pour d\u00e9fendre les int\u00e9r\u00eats des r\u00e9gions de montagne \u00e0 Berne. Une\u00a0<a href=\"https:\/\/www.thomas-egger.ch\/wp-content\/uploads\/2021\/03\/analyse.jpeg\" target=\"_blank\" rel=\"noopener\">analyse<\/a>\u00a0dans Le Temps.\u00a0<strong><br \/>\n<\/strong><\/p>\n<p><strong>20 octobre 2019<br \/>\n<\/strong>Le CSPO perd son si\u00e8ge au Conseil national. Les\u00a0<a href=\"https:\/\/www.lenouvelliste.ch\/dossiers\/elections-federales-2019-vues-du-valais\/articles\/federales-2019-vues-du-valais-les-verts-decrochent-leur-1er-siege-au-conseil-national-874916\" target=\"_blank\" rel=\"noopener\">r\u00e9sultats<\/a>\u00a0dans Le Nouvelliste.<\/p>\n<p><strong>16 octobre 2019<br \/>\n<\/strong>Selon le dernier\u00a0<a href=\"https:\/\/www.letemps.ch\/suisse\/verts-nont-jamais-gauche\" target=\"_blank\" rel=\"noopener\">rating<\/a>\u00a0du Temps. je suis positionn\u00e9 au plein milieu du Conseil national.<\/p>\n<p><strong>3 octobre 2019<br \/>\n<\/strong>Merci pour les recommendations pour les El\u00e9ctions f\u00e9d\u00e9rales \u00e0:\u00a0<a href=\"https:\/\/www.thomas-egger.ch\/wp-content\/uploads\/2021\/03\/aerorevue-1.pdf\" target=\"_blank\" rel=\"noopener\">Aerorevue<\/a>,\u00a0<a href=\"https:\/\/www.thomas-egger.ch\/wp-content\/uploads\/2021\/03\/agrihebdo.jpeg\" target=\"_blank\" rel=\"noopener\">Agrihebdo<\/a>,\u00a0<a href=\"https:\/\/www.gastrosuisse.ch\/fr\/federation\/positions\/elections-federales-2019\/#vs\" target=\"_blank\" rel=\"noopener\">Gastrosuisse<\/a>,\u00a0<a href=\"https:\/\/www.hotelleriesuisse.ch\/fr\/pub\/politik\/elections\/Recommandations%20%C3%A9lectorales\/valais_.htm\" target=\"_blank\" rel=\"noopener\">HotellerieSuisse<\/a>,\u00a0<a href=\"https:\/\/www.thomas-egger.ch\/wp-content\/uploads\/2021\/03\/hev-oberwallis.jpeg\" target=\"_blank\" rel=\"noopener\">HEV-Oberwallis<\/a>,\u00a0<a href=\"https:\/\/www.jardinpolitique.ch\/fr\/valais-f\/\" target=\"_blank\" rel=\"noopener\">Jardin Suisse<\/a>,\u00a0<a href=\"http:\/\/www.baumeister.ch\/fr\/politique-economie\/elections-2019\" target=\"_blank\" rel=\"noopener\">Soci\u00e9t\u00e9 suisse des entrepreneurs<\/a>\u00a0et l&rsquo;<a href=\"http:\/\/www.uvam-vs.ch\/images\/PDF\/charte_signataires_fr.pdf\" target=\"_blank\" rel=\"noopener\">Union valaisanne des arts et m\u00e9tiers<\/a>.<\/p>\n<p><strong>24 septembre 2019<br \/>\n<\/strong>Le\u00a0<a href=\"https:\/\/www.cci-valais.ch\/event\/119\/agenda\/le-grand-debat-de-l\" target=\"_blank\" rel=\"noopener\">Grand D\u00e9bat<\/a>\u00a0sur l&rsquo;\u00e9conomie organis\u00e9 par la Chambre valaisanne de Commerce et d&rsquo;Industrie.<\/p>\n<p><strong>23 septembre 2019<br \/>\n<\/strong>&#8211; R\u00e9trosp\u00e9ctive sur le\u00a0<a href=\"https:\/\/www.lenouvelliste.ch\/articles\/valais\/canton\/federales-2019-face-a-face-sur-la-thematique-de-la-formation-entre-valeriane-grichting-plr-et-thomas-egger-pdc-868659?utm_source=dlvr.it&amp;utm_medium=twitter\" target=\"_blank\" rel=\"noopener\">D\u00e9bat<\/a>\u00a0organis\u00e9 par le Nouvelliste sur l&rsquo;innovation et la recherche.<br \/>\n&#8211; Le d\u00e9fi des candidats de cantons bilingues.\u00a0<a href=\"https:\/\/www.rts.ch\/info\/regions\/valais\/10728131-seduire-romands-et-alemaniques-le-defi-des-candidats-de-cantons-bilingues.html\" target=\"_blank\" rel=\"noopener\">Reportage<\/a>\u00a0de\u00a0la RTS.<\/p>\n<p><strong>16 septembre 2019<\/strong><br \/>\nLe grand\u00a0<a href=\"https:\/\/www.lenouvelliste.ch\/dossiers\/elections-federales-2019-vues-du-valais\/articles\/rencontre-du-nouvelliste-des-echanges-de-bucheurs-867309\" target=\"_blank\" rel=\"noopener\">d\u00e9bat<\/a>\u00a0organis\u00e9 par le Nouvelliste \u00e0 Sion.<\/p>\n<p><strong>14 septembre 2019<br \/>\n<\/strong><a href=\"https:\/\/www.lenouvelliste.ch\/dossiers\/elections-federales-2019-vues-du-valais\/articles\/quand-on-vient-de-la-haut-il-faut-compter-sur-ceux-d-en-bas-866594\" target=\"_blank\" rel=\"noopener\">Reportage<\/a>\u00a0sur ma campagne dans le Valais romand.\u00a0<strong><br \/>\n<\/strong><\/p>\n<p><strong>31 ao\u00fbt 2019<br \/>\n<\/strong>Pour l&rsquo;\u00e9galit\u00e9 des chances &#8211; pour un\u00a0<a href=\"https:\/\/youtu.be\/oXZCSdEzldE\" target=\"_blank\" rel=\"noopener\">service public<\/a>\u00a0performant!<\/p>\n<h2>Candidature pour le Conseil national 2015<\/h2>\n<p>En 2015, j&rsquo;ai \u00e9t\u00e9 candidat pour le Conseil national pour le CSPO. Lors des \u00e9l\u00e9ctions du 18 octobre 2015 j&rsquo;ai fait un tr\u00e8s bon r\u00e9sultat derri\u00e8re notre nouveau Conseiller national Roberto Schmidt. Pour en savoir plus sur ma candidature, lire les articles suivants :<\/p>\n<ul>\n<li>Interview lors du\u00a0<a href=\"https:\/\/www.thomas-egger.ch\/wp-content\/uploads\/2021\/03\/congresdenomination.pdf\" target=\"_blank\" rel=\"noopener\">Congr\u00e8s de nomination<\/a><\/li>\n<li><a href=\"https:\/\/www.thomas-egger.ch\/wp-content\/uploads\/2021\/03\/depliant.pdf\" target=\"_blank\" rel=\"noopener\">D\u00e9pliant<\/a>\u00a0pr\u00e9sentant ma candidature<\/li>\n<li>Potrait dans le\u00a0<a href=\"https:\/\/www.thomas-egger.ch\/wp-content\/uploads\/2021\/03\/publireportage.jpg\" target=\"_blank\" rel=\"noopener\">Walliser Bote<\/a><\/li>\n<li>Article dans le\u00a0<a href=\"https:\/\/www.thomas-egger.ch\/wp-content\/uploads\/2021\/03\/nouvelliste-1.jpg\" target=\"_blank\" rel=\"noopener\">Nouvelliste<\/a>\u00a0sur ma campagne dans le Valais romand<\/li>\n<li>Article dans la\u00a0<a href=\"https:\/\/www.thomas-egger.ch\/wp-content\/uploads\/2021\/03\/misterberggebiet.jpg\" target=\"_blank\" rel=\"noopener\">hotelrevue<\/a><\/li>\n<li>Recommendation par\u00a0<a href=\"https:\/\/www.thomas-egger.ch\/wp-content\/uploads\/2021\/03\/hotelleriesuisse.jpg\" target=\"_blank\" rel=\"noopener\">hotelleriesuisse<\/a><\/li>\n<\/ul>\n<\/div><\/section><br \/>\n\n<style type=\"text\/css\" data-created_by=\"avia_inline_auto\" id=\"style-css-av-kmnmeowc-e82a3fdedd5f5557d4a7112700fd26a0\">\n.av-horizontal-gallery.av-kmnmeowc-e82a3fdedd5f5557d4a7112700fd26a0{\npadding:3.75% 0px;;\n}\n.av-horizontal-gallery.av-kmnmeowc-e82a3fdedd5f5557d4a7112700fd26a0 .av-horizontal-gallery-inner{\npadding-bottom:25%;\n}\n<\/style>\n<div  class='av-horizontal-gallery av-kmnmeowc-e82a3fdedd5f5557d4a7112700fd26a0 av-horizontal-gallery-large-gap av-horizontal-gallery-enlarge-effect  avia-builder-el-2  el_after_av_textblock  avia-builder-el-last  av-slideshow-ui av-control-default av-slideshow-manual av-loop-once av-loop-manual-endless av-horizontal-gallery-1' data-slideshow-data=\"{&quot;enlarge&quot;:1.3,&quot;animation&quot;:&quot;slide&quot;,&quot;autoplay&quot;:false,&quot;loop_autoplay&quot;:&quot;once&quot;,&quot;interval&quot;:5,&quot;loop_manual&quot;:&quot;manual-endless&quot;,&quot;autoplay_stopper&quot;:false,&quot;noNavigation&quot;:false,&quot;bg_slider&quot;:false,&quot;keep_padding&quot;:&quot;&quot;,&quot;hoverpause&quot;:false,&quot;show_slide_delay&quot;:0}\"  itemprop=\"image\" itemscope=\"itemscope\" itemtype=\"https:\/\/schema.org\/ImageObject\" ><div class='avia-slideshow-arrows avia-slideshow-controls' ><a href='#prev' class='prev-slide av-horizontal-gallery-prev avia-svg-icon avia-font-svg_entypo-fontello' data-av_svg_icon='left-open-big' data-av_iconset='svg_entypo-fontello' tabindex='-1' title=\"Pr\u00e9c\u00e9dent\"><svg version=\"1.1\" xmlns=\"http:\/\/www.w3.org\/2000\/svg\" width=\"15\" height=\"32\" viewBox=\"0 0 15 32\" preserveAspectRatio=\"xMidYMid meet\" aria-labelledby='av-svg-title-1' aria-describedby='av-svg-desc-1' role=\"graphics-symbol\" aria-hidden=\"true\">\n<title id='av-svg-title-1'>Pr\u00e9c\u00e9dent<\/title>\n<desc id='av-svg-desc-1'>Pr\u00e9c\u00e9dent<\/desc>\n<path d=\"M14.464 27.84q0.832 0.832 0 1.536-0.832 0.832-1.536 0l-12.544-12.608q-0.768-0.768 0-1.6l12.544-12.608q0.704-0.832 1.536 0 0.832 0.704 0 1.536l-11.456 11.904z\"><\/path>\n<\/svg><span class='avia_hidden_link_text'>Pr\u00e9c\u00e9dent<\/span><\/a><a href='#next' class='next-slide av-horizontal-gallery-next avia-svg-icon avia-font-svg_entypo-fontello' data-av_svg_icon='right-open-big' data-av_iconset='svg_entypo-fontello' tabindex='-1' title=\"Suivant\"><svg version=\"1.1\" xmlns=\"http:\/\/www.w3.org\/2000\/svg\" width=\"15\" height=\"32\" viewBox=\"0 0 15 32\" preserveAspectRatio=\"xMidYMid meet\" aria-labelledby='av-svg-title-2' aria-describedby='av-svg-desc-2' role=\"graphics-symbol\" aria-hidden=\"true\">\n<title id='av-svg-title-2'>Suivant<\/title>\n<desc id='av-svg-desc-2'>Suivant<\/desc>\n<path d=\"M0.416 27.84l11.456-11.84-11.456-11.904q-0.832-0.832 0-1.536 0.832-0.832 1.536 0l12.544 12.608q0.768 0.832 0 1.6l-12.544 12.608q-0.704 0.832-1.536 0-0.832-0.704 0-1.536z\"><\/path>\n<\/svg><span class='avia_hidden_link_text'>Suivant<\/span><\/a><\/div><div class='avia-slideshow-dots avia-slideshow-controls av-horizontal-gallery-dots fade-in'><a href='#1' class='goto-slide active' >1<\/a><a href='#2' class='goto-slide ' >2<\/a><a href='#3' class='goto-slide ' >3<\/a><\/div><div class='av-horizontal-gallery-inner' data-av-height='25'><div class=\"av-horizontal-gallery-slider\"><div class=\"av-horizontal-gallery-wrap noHover\"><img decoding=\"async\" fetchpriority=\"high\" class='wp-image-332 avia-img-lazy-loading-not-332 av-horizontal-gallery-img' width=\"990\" height=\"658\" src=\"https:\/\/www.thomas-egger.ch\/wp-content\/uploads\/2021\/03\/cspo-waehleranlassbrig20152.jpg\" title='cspo-waehleranlassbrig20152' alt='' srcset=\"https:\/\/www.thomas-egger.ch\/wp-content\/uploads\/2021\/03\/cspo-waehleranlassbrig20152.jpg 990w, https:\/\/www.thomas-egger.ch\/wp-content\/uploads\/2021\/03\/cspo-waehleranlassbrig20152-768x510.jpg 768w, https:\/\/www.thomas-egger.ch\/wp-content\/uploads\/2021\/03\/cspo-waehleranlassbrig20152-705x469.jpg 705w\" sizes=\"(max-width: 990px) 100vw, 990px\" \/><a href=\"https:\/\/www.thomas-egger.ch\/wp-content\/uploads\/2021\/03\/cspo-waehleranlassbrig20152.jpg\" data-srcset=\"https:\/\/www.thomas-egger.ch\/wp-content\/uploads\/2021\/03\/cspo-waehleranlassbrig20152.jpg 990w, https:\/\/www.thomas-egger.ch\/wp-content\/uploads\/2021\/03\/cspo-waehleranlassbrig20152-768x510.jpg 768w, https:\/\/www.thomas-egger.ch\/wp-content\/uploads\/2021\/03\/cspo-waehleranlassbrig20152-705x469.jpg 705w\" data-sizes=\"(max-width: 990px) 100vw, 990px\" class='av-horizontal-gallery-link avia-svg-icon avia-font-svg_entypo-fontello' data-av_svg_icon='resize-full' data-av_iconset='svg_entypo-fontello' title='cspo-waehleranlassbrig20152' alt='' aria-label='Ouvrir l\u2019image dans une Lightbox: cspo-waehleranlassbrig20152'><svg version=\"1.1\" xmlns=\"http:\/\/www.w3.org\/2000\/svg\" width=\"25\" height=\"32\" viewBox=\"0 0 25 32\" preserveAspectRatio=\"xMidYMid meet\" aria-labelledby='av-svg-title-3' aria-describedby='av-svg-desc-3' role=\"graphics-symbol\" aria-hidden=\"true\">\n<title id='av-svg-title-3'>Ouvrir l\u2019image dans une Lightbox: cspo-waehleranlassbrig20152<\/title>\n<desc id='av-svg-desc-3'>Ouvrir l\u2019image dans une Lightbox: cspo-waehleranlassbrig20152<\/desc>\n<path d=\"M15.232 3.328h10.112v10.112l-3.2-3.968-4.672 4.864-3.2-3.2 4.864-4.672zM7.872 17.536l3.2 3.2-4.864 4.672 3.904 3.2h-10.112v-10.112l3.2 3.904z\"><\/path>\n<\/svg><\/a><\/div><div class=\"av-horizontal-gallery-wrap noHover\"><img decoding=\"async\" fetchpriority=\"high\" class='wp-image-334 avia-img-lazy-loading-not-334 av-horizontal-gallery-img' width=\"990\" height=\"759\" src=\"https:\/\/www.thomas-egger.ch\/wp-content\/uploads\/2021\/03\/stechfestgiw.jpg\" title='stechfestgiw' alt='' srcset=\"https:\/\/www.thomas-egger.ch\/wp-content\/uploads\/2021\/03\/stechfestgiw.jpg 990w, https:\/\/www.thomas-egger.ch\/wp-content\/uploads\/2021\/03\/stechfestgiw-768x589.jpg 768w, https:\/\/www.thomas-egger.ch\/wp-content\/uploads\/2021\/03\/stechfestgiw-705x541.jpg 705w\" sizes=\"(max-width: 990px) 100vw, 990px\" \/><a href=\"https:\/\/www.thomas-egger.ch\/wp-content\/uploads\/2021\/03\/stechfestgiw.jpg\" data-srcset=\"https:\/\/www.thomas-egger.ch\/wp-content\/uploads\/2021\/03\/stechfestgiw.jpg 990w, https:\/\/www.thomas-egger.ch\/wp-content\/uploads\/2021\/03\/stechfestgiw-768x589.jpg 768w, https:\/\/www.thomas-egger.ch\/wp-content\/uploads\/2021\/03\/stechfestgiw-705x541.jpg 705w\" data-sizes=\"(max-width: 990px) 100vw, 990px\" class='av-horizontal-gallery-link avia-svg-icon avia-font-svg_entypo-fontello' data-av_svg_icon='resize-full' data-av_iconset='svg_entypo-fontello' title='stechfestgiw' alt='' aria-label='Ouvrir l\u2019image dans une Lightbox: stechfestgiw'><svg version=\"1.1\" xmlns=\"http:\/\/www.w3.org\/2000\/svg\" width=\"25\" height=\"32\" viewBox=\"0 0 25 32\" preserveAspectRatio=\"xMidYMid meet\" aria-labelledby='av-svg-title-4' aria-describedby='av-svg-desc-4' role=\"graphics-symbol\" aria-hidden=\"true\">\n<title id='av-svg-title-4'>Ouvrir l\u2019image dans une Lightbox: stechfestgiw<\/title>\n<desc id='av-svg-desc-4'>Ouvrir l\u2019image dans une Lightbox: stechfestgiw<\/desc>\n<path d=\"M15.232 3.328h10.112v10.112l-3.2-3.968-4.672 4.864-3.2-3.2 4.864-4.672zM7.872 17.536l3.2 3.2-4.864 4.672 3.904 3.2h-10.112v-10.112l3.2 3.904z\"><\/path>\n<\/svg><\/a><\/div><div class=\"av-horizontal-gallery-wrap noHover\"><img decoding=\"async\" fetchpriority=\"high\" class='wp-image-336 avia-img-lazy-loading-not-336 av-horizontal-gallery-img' width=\"310\" height=\"225\" src=\"https:\/\/www.thomas-egger.ch\/wp-content\/uploads\/2021\/03\/nominationsversammlung.jpg\" title='nominationsversammlung' alt='' \/><a href=\"https:\/\/www.thomas-egger.ch\/wp-content\/uploads\/2021\/03\/nominationsversammlung.jpg\" class='av-horizontal-gallery-link avia-svg-icon avia-font-svg_entypo-fontello' data-av_svg_icon='resize-full' data-av_iconset='svg_entypo-fontello' title='nominationsversammlung' alt='' aria-label='Ouvrir l\u2019image dans une Lightbox: nominationsversammlung'><svg version=\"1.1\" xmlns=\"http:\/\/www.w3.org\/2000\/svg\" width=\"25\" height=\"32\" viewBox=\"0 0 25 32\" preserveAspectRatio=\"xMidYMid meet\" aria-labelledby='av-svg-title-5' aria-describedby='av-svg-desc-5' role=\"graphics-symbol\" aria-hidden=\"true\">\n<title id='av-svg-title-5'>Ouvrir l\u2019image dans une Lightbox: nominationsversammlung<\/title>\n<desc id='av-svg-desc-5'>Ouvrir l\u2019image dans une Lightbox: nominationsversammlung<\/desc>\n<path d=\"M15.232 3.328h10.112v10.112l-3.2-3.968-4.672 4.864-3.2-3.2 4.864-4.672zM7.872 17.536l3.2 3.2-4.864 4.672 3.904 3.2h-10.112v-10.112l3.2 3.904z\"><\/path>\n<\/svg><\/a><\/div><\/div><\/div><\/div><\/p><\/div>\n","protected":false},"excerpt":{"rendered":"","protected":false},"author":4,"featured_media":0,"parent":352,"menu_order":0,"comment_status":"closed","ping_status":"closed","template":"","meta":{"footnotes":""},"class_list":["post-339","page","type-page","status-publish","hentry"],"yoast_head":"<!-- This site is optimized with the Yoast SEO plugin v27.4 - https:\/\/yoast.com\/product\/yoast-seo-wordpress\/ -->\n<title>Candidature pour le Conseil national 2019 - Thomas Egger<\/title>\n<meta name=\"robots\" content=\"index, follow, max-snippet:-1, max-image-preview:large, max-video-preview:-1\" \/>\n<link rel=\"canonical\" href=\"https:\/\/www.thomas-egger.ch\/fr\/tres-bonnes-connaissances-des-dossiers-politiques\/candidature-pour-le-conseil-national-2019\/\" \/>\n<meta property=\"og:locale\" content=\"fr_FR\" \/>\n<meta property=\"og:type\" content=\"article\" \/>\n<meta property=\"og:title\" content=\"Candidature pour le Conseil national 2019 - Thomas Egger\" \/>\n<meta property=\"og:url\" content=\"https:\/\/www.thomas-egger.ch\/fr\/tres-bonnes-connaissances-des-dossiers-politiques\/candidature-pour-le-conseil-national-2019\/\" \/>\n<meta property=\"og:site_name\" content=\"Thomas Egger\" \/>\n<meta property=\"article:modified_time\" content=\"2021-03-29T12:20:36+00:00\" \/>\n<meta name=\"twitter:card\" content=\"summary_large_image\" \/>\n<meta name=\"twitter:label1\" content=\"Dur\u00e9e de lecture estim\u00e9e\" \/>\n\t<meta name=\"twitter:data1\" content=\"3 minutes\" \/>\n<script type=\"application\/ld+json\" class=\"yoast-schema-graph\">{\"@context\":\"https:\\\/\\\/schema.org\",\"@graph\":[{\"@type\":\"WebPage\",\"@id\":\"https:\\\/\\\/www.thomas-egger.ch\\\/fr\\\/tres-bonnes-connaissances-des-dossiers-politiques\\\/candidature-pour-le-conseil-national-2019\\\/\",\"url\":\"https:\\\/\\\/www.thomas-egger.ch\\\/fr\\\/tres-bonnes-connaissances-des-dossiers-politiques\\\/candidature-pour-le-conseil-national-2019\\\/\",\"name\":\"Candidature pour le Conseil national 2019 - Thomas Egger\",\"isPartOf\":{\"@id\":\"https:\\\/\\\/www.thomas-egger.ch\\\/fr\\\/#website\"},\"datePublished\":\"2021-03-24T15:49:19+00:00\",\"dateModified\":\"2021-03-29T12:20:36+00:00\",\"breadcrumb\":{\"@id\":\"https:\\\/\\\/www.thomas-egger.ch\\\/fr\\\/tres-bonnes-connaissances-des-dossiers-politiques\\\/candidature-pour-le-conseil-national-2019\\\/#breadcrumb\"},\"inLanguage\":\"fr-FR\",\"potentialAction\":[{\"@type\":\"ReadAction\",\"target\":[\"https:\\\/\\\/www.thomas-egger.ch\\\/fr\\\/tres-bonnes-connaissances-des-dossiers-politiques\\\/candidature-pour-le-conseil-national-2019\\\/\"]}]},{\"@type\":\"BreadcrumbList\",\"@id\":\"https:\\\/\\\/www.thomas-egger.ch\\\/fr\\\/tres-bonnes-connaissances-des-dossiers-politiques\\\/candidature-pour-le-conseil-national-2019\\\/#breadcrumb\",\"itemListElement\":[{\"@type\":\"ListItem\",\"position\":1,\"name\":\"Startseite\",\"item\":\"https:\\\/\\\/www.thomas-egger.ch\\\/fr\\\/home\\\/\"},{\"@type\":\"ListItem\",\"position\":2,\"name\":\"Tr\u00e8s bonnes connaissances des dossiers politiques\",\"item\":\"https:\\\/\\\/www.thomas-egger.ch\\\/fr\\\/tres-bonnes-connaissances-des-dossiers-politiques\\\/\"},{\"@type\":\"ListItem\",\"position\":3,\"name\":\"Candidature pour le Conseil national 2019\"}]},{\"@type\":\"WebSite\",\"@id\":\"https:\\\/\\\/www.thomas-egger.ch\\\/fr\\\/#website\",\"url\":\"https:\\\/\\\/www.thomas-egger.ch\\\/fr\\\/\",\"name\":\"Thomas Egger\",\"description\":\"\",\"potentialAction\":[{\"@type\":\"SearchAction\",\"target\":{\"@type\":\"EntryPoint\",\"urlTemplate\":\"https:\\\/\\\/www.thomas-egger.ch\\\/fr\\\/?s={search_term_string}\"},\"query-input\":{\"@type\":\"PropertyValueSpecification\",\"valueRequired\":true,\"valueName\":\"search_term_string\"}}],\"inLanguage\":\"fr-FR\"}]}<\/script>\n<!-- \/ Yoast SEO plugin. -->","yoast_head_json":{"title":"Candidature pour le Conseil national 2019 - Thomas Egger","robots":{"index":"index","follow":"follow","max-snippet":"max-snippet:-1","max-image-preview":"max-image-preview:large","max-video-preview":"max-video-preview:-1"},"canonical":"https:\/\/www.thomas-egger.ch\/fr\/tres-bonnes-connaissances-des-dossiers-politiques\/candidature-pour-le-conseil-national-2019\/","og_locale":"fr_FR","og_type":"article","og_title":"Candidature pour le Conseil national 2019 - Thomas Egger","og_url":"https:\/\/www.thomas-egger.ch\/fr\/tres-bonnes-connaissances-des-dossiers-politiques\/candidature-pour-le-conseil-national-2019\/","og_site_name":"Thomas Egger","article_modified_time":"2021-03-29T12:20:36+00:00","twitter_card":"summary_large_image","twitter_misc":{"Dur\u00e9e de lecture estim\u00e9e":"3 minutes"},"schema":{"@context":"https:\/\/schema.org","@graph":[{"@type":"WebPage","@id":"https:\/\/www.thomas-egger.ch\/fr\/tres-bonnes-connaissances-des-dossiers-politiques\/candidature-pour-le-conseil-national-2019\/","url":"https:\/\/www.thomas-egger.ch\/fr\/tres-bonnes-connaissances-des-dossiers-politiques\/candidature-pour-le-conseil-national-2019\/","name":"Candidature pour le Conseil national 2019 - Thomas Egger","isPartOf":{"@id":"https:\/\/www.thomas-egger.ch\/fr\/#website"},"datePublished":"2021-03-24T15:49:19+00:00","dateModified":"2021-03-29T12:20:36+00:00","breadcrumb":{"@id":"https:\/\/www.thomas-egger.ch\/fr\/tres-bonnes-connaissances-des-dossiers-politiques\/candidature-pour-le-conseil-national-2019\/#breadcrumb"},"inLanguage":"fr-FR","potentialAction":[{"@type":"ReadAction","target":["https:\/\/www.thomas-egger.ch\/fr\/tres-bonnes-connaissances-des-dossiers-politiques\/candidature-pour-le-conseil-national-2019\/"]}]},{"@type":"BreadcrumbList","@id":"https:\/\/www.thomas-egger.ch\/fr\/tres-bonnes-connaissances-des-dossiers-politiques\/candidature-pour-le-conseil-national-2019\/#breadcrumb","itemListElement":[{"@type":"ListItem","position":1,"name":"Startseite","item":"https:\/\/www.thomas-egger.ch\/fr\/home\/"},{"@type":"ListItem","position":2,"name":"Tr\u00e8s bonnes connaissances des dossiers politiques","item":"https:\/\/www.thomas-egger.ch\/fr\/tres-bonnes-connaissances-des-dossiers-politiques\/"},{"@type":"ListItem","position":3,"name":"Candidature pour le Conseil national 2019"}]},{"@type":"WebSite","@id":"https:\/\/www.thomas-egger.ch\/fr\/#website","url":"https:\/\/www.thomas-egger.ch\/fr\/","name":"Thomas Egger","description":"","potentialAction":[{"@type":"SearchAction","target":{"@type":"EntryPoint","urlTemplate":"https:\/\/www.thomas-egger.ch\/fr\/?s={search_term_string}"},"query-input":{"@type":"PropertyValueSpecification","valueRequired":true,"valueName":"search_term_string"}}],"inLanguage":"fr-FR"}]}},"_links":{"self":[{"href":"https:\/\/www.thomas-egger.ch\/fr\/wp-json\/wp\/v2\/pages\/339","targetHints":{"allow":["GET"]}}],"collection":[{"href":"https:\/\/www.thomas-egger.ch\/fr\/wp-json\/wp\/v2\/pages"}],"about":[{"href":"https:\/\/www.thomas-egger.ch\/fr\/wp-json\/wp\/v2\/types\/page"}],"author":[{"embeddable":true,"href":"https:\/\/www.thomas-egger.ch\/fr\/wp-json\/wp\/v2\/users\/4"}],"replies":[{"embeddable":true,"href":"https:\/\/www.thomas-egger.ch\/fr\/wp-json\/wp\/v2\/comments?post=339"}],"version-history":[{"count":4,"href":"https:\/\/www.thomas-egger.ch\/fr\/wp-json\/wp\/v2\/pages\/339\/revisions"}],"predecessor-version":[{"id":1214,"href":"https:\/\/www.thomas-egger.ch\/fr\/wp-json\/wp\/v2\/pages\/339\/revisions\/1214"}],"up":[{"embeddable":true,"href":"https:\/\/www.thomas-egger.ch\/fr\/wp-json\/wp\/v2\/pages\/352"}],"wp:attachment":[{"href":"https:\/\/www.thomas-egger.ch\/fr\/wp-json\/wp\/v2\/media?parent=339"}],"curies":[{"name":"wp","href":"https:\/\/api.w.org\/{rel}","templated":true}]}}