{"id":347,"date":"2021-03-24T16:53:47","date_gmt":"2021-03-24T15:53:47","guid":{"rendered":"https:\/\/neu.thomas-egger.ch\/mes-activites-au-parlement-federal-de-juin-2017-a-novembre-2019\/"},"modified":"2021-03-29T14:15:01","modified_gmt":"2021-03-29T12:15:01","slug":"mes-activites-au-parlement-federal-de-juin-2017-a-novembre-2019","status":"publish","type":"page","link":"https:\/\/www.thomas-egger.ch\/fr\/tres-bonnes-connaissances-des-dossiers-politiques\/mes-activites-au-parlement-federal-de-juin-2017-a-novembre-2019\/","title":{"rendered":"Mes activit\u00e9s au Parlement f\u00e9d\u00e9ral de juin 2017 \u00e0 novembre 2019"},"content":{"rendered":"\n<style type=\"text\/css\" data-created_by=\"avia_inline_auto\" id=\"style-css-av-82eqm-466dd0061c0ae77f7f2f3eba52397b9b\">\n.flex_column.av-82eqm-466dd0061c0ae77f7f2f3eba52397b9b{\nborder-radius:0px 0px 0px 0px;\npadding:0px 0px 0px 0px;\n}\n<\/style>\n<div  class='flex_column av-82eqm-466dd0061c0ae77f7f2f3eba52397b9b av_two_third  avia-builder-el-0  avia-builder-el-no-sibling  first flex_column_div av-zero-column-padding  '     ><section  class='av_textblock_section av-kmnmjxu3-aca035d11353887e347d0a50ff243bde '   itemscope=\"itemscope\" itemtype=\"https:\/\/schema.org\/CreativeWork\" ><div class='avia_textblock'  itemprop=\"text\" ><h1>Mes activit\u00e9s au Parlement f\u00e9d\u00e9ral de juin 2017 \u00e0 novembre 2019<\/h1>\n<p><strong>Membre de la Commission des finances de juillet 2017 \u00e0 novembre 2019 et de la Commission des t\u00e9l\u00e9communications et transports de janvier \u00e0 novembre 2019.\u00a0<\/strong><\/p>\n<p><strong>R\u00e9trospective sur la session d&rsquo;automne 2019:<br \/>\n<\/strong>&#8211;\u00a0<a href=\"https:\/\/www.parlament.ch\/fr\/ratsbetrieb\/amtliches-bulletin\/amtliches-bulletin-die-videos?TranscriptId=251469\" target=\"_blank\" rel=\"noopener\">Porte parole<\/a>\u00a0pour la Commission des finances au sujet des trois centres de s\u00e9curit\u00e9 \u00e0 Gen\u00e8ve.<br \/>\n&#8211;\u00a0<a href=\"https:\/\/www.parlament.ch\/fr\/ratsbetrieb\/amtliches-bulletin\/amtliches-bulletin-die-videos?TranscriptId=251433\" target=\"_blank\" rel=\"noopener\">Porte parole<\/a>\u00a0pour la Commission des finances pour introduire une mesure de l&rsquo;efficacit\u00e9 dans le domaine FRI.<br \/>\n&#8211; Le Conseil des Etats appouve par 22 contre 7 voix une proposition, que j&rsquo;avait fait pour diminuer les prix des loyers d&rsquo;offices f\u00e9d\u00e9raux d\u00e9centralis\u00e9s.\u00a0<strong><br \/>\n<\/strong>&#8211; Le Conseil national veut avoir de la clart\u00e9 sur le r\u00e9seau des bureaux de poste apr\u00e8s 2020. Mon\u00a0<a href=\"https:\/\/www.parlament.ch\/de\/ratsbetrieb\/amtliches-bulletin\/amtliches-bulletin-die-videos?TranscriptId=250469\" target=\"_blank\" rel=\"noopener\">intervention<\/a>\u00a0en tant que rapporteur de commission.\u00a0<strong><br \/>\n<\/strong>&#8211; Le Conseil national approuve \u00e0 l&rsquo;unanimit\u00e9 le cr\u00e9dit sur la la troisi\u00e8me correction du Rh\u00f4ne. Mon\u00a0<a href=\"https:\/\/www.parlament.ch\/de\/ratsbetrieb\/amtliches-bulletin\/amtliches-bulletin-die-videos?TranscriptId=249345\" target=\"_blank\" rel=\"noopener\">intervention<\/a>\u00a0en tant que rapporteur de commission (en fran\u00e7ais).<\/p>\n<p><strong>25 ao\u00fbt 2019<br \/>\n<\/strong>Bilan de mon travail au Conseil national sur\u00a0<a href=\"https:\/\/canal9.ch\/thomas-egger-il-y-a-beaucoup-de-pression-mediatique-sur-les-sieges-pdc-mais-a-la-fin-je-crois-que-rien-ne-va-changer\/\" target=\"_blank\" rel=\"noopener\">Canal9<\/a>.<\/p>\n<p><strong>25 juin 2019<br \/>\n<\/strong>Le\u00a0<a href=\"https:\/\/www.thomas-egger.ch\/wp-content\/uploads\/2021\/03\/nouvelliste1.jpg\" target=\"_blank\" rel=\"noopener\">bilan<\/a>\u00a0de mon travail au Parlement f\u00e9d\u00e9ral dans le Nouvelliste.<\/p>\n<p><strong>R\u00e9trospective sur la session d&rsquo;\u00e9t\u00e9\u00a0\u00a02019,\u00a0aussi\u00a0sur\u00a0<a href=\"https:\/\/canal9.ch\/chambres-federales-bilan-de-la-session-dete-avec-le-valaisan-thomas-egger\/\" target=\"_blank\" rel=\"noopener\">Canal9<\/a>.\u00a0<\/strong><\/p>\n<ul>\n<li><a href=\"https:\/\/www.parlament.ch\/fr\/ratsbetrieb\/suche-curia-vista\/geschaeft?AffairId=20193731\" target=\"_blank\" rel=\"noopener\">Motion<\/a>: Le Conseil f\u00e9d\u00e9ral est charg\u00e9 d&rsquo;\u00e9laborer un plan d&rsquo;action interd\u00e9partemental pour les r\u00e9gions de montagne.<\/li>\n<li><a href=\"https:\/\/www.parlament.ch\/fr\/ratsbetrieb\/suche-curia-vista\/geschaeft?AffairId=20193732\" target=\"_blank\" rel=\"noopener\">Motion<\/a>: Le Conseil f\u00e9d\u00e9ral est charg\u00e9 d&rsquo;adapter les crit\u00e8res pour l&rsquo;encouragement de loyers abordables aux besoins des r\u00e9gions de montagne.<\/li>\n<li><a href=\"https:\/\/www.parlament.ch\/fr\/ratsbetrieb\/suche-curia-vista\/geschaeft?AffairId=20193628\" target=\"_blank\" rel=\"noopener\">Interpellation<\/a>: Quelles sont les potentiels de nouvelles formes de travail tels que le\u00a0Work Smart, VillageOffice et autres?<\/li>\n<\/ul>\n<ul>\n<li>Le Conseil national a approuv\u00e9 par 120 contre 54 voix ma\u00a0<a href=\"https:\/\/www.parlament.ch\/de\/ratsbetrieb\/amtliches-bulletin\/amtliches-bulletin-die-videos?TranscriptId=247930\" target=\"_blank\" rel=\"noopener\">proposition<\/a>\u00a0de ne pas transf\u00e9rer le studio de radio de la SSR de Berne \u00e0 Z\u00fcrich.<\/li>\n<li>Le Conseil f\u00e9d\u00e9ral devrait\u00a0<a href=\"https:\/\/www.parlament.ch\/de\/ratsbetrieb\/amtliches-bulletin\/amtliches-bulletin-die-videos?TranscriptId=247587\" target=\"_blank\" rel=\"noopener\">clarifier<\/a>, quelles subventions f\u00e9d\u00e9rales seraient consid\u00e9r\u00e9es comme aides d&rsquo;\u00e9tat selon le droit de l&rsquo;UE.<\/li>\n<li>\u00ab\u00a0Not English Only\u00a0\u00bb &#8211; le Conseil f\u00e9d\u00e9ral ne doit pas imposer l&rsquo;utilisation de l&rsquo;anglais sur les a\u00e9rodr\u00f4mes contre l&rsquo;avis du Parlement.\u00a0<a href=\"https:\/\/www.thomas-egger.ch\/wp-content\/uploads\/2021\/03\/article3.jpg\" target=\"_blank\" rel=\"noopener\">Article<\/a>\u00a0dans Le Nouvelliste.<\/li>\n<li>Le PDC a \u00e9labor\u00e9 sous ma conduite un\u00a0<a href=\"https:\/\/www.cvp.ch\/fr\/news\/2019-06-11\/le-groupe-de-travail-presente-la-politique-dagglomeration-et-de-la-montagne-du-pdc\" target=\"_blank\" rel=\"noopener\">document de position<\/a>\u00a0pour la politique en faveur des r\u00e9gions de montagne.<\/li>\n<li><a href=\"https:\/\/www.parlament.ch\/de\/ratsbetrieb\/amtliches-bulletin\/amtliches-bulletin-die-videos?TranscriptId=246409\" target=\"_blank\" rel=\"noopener\">Rapporteur<\/a>\u00a0pour\u00a0le message sur la promotion \u00e9conomique 2020 &#8211; 23 de langue fran\u00e7aise.<\/li>\n<li>Le Conseil national approuve \u00e0 l&rsquo;unanimit\u00e9 le PRODES 2035. Ma\u00a0<a href=\"https:\/\/www.parlament.ch\/de\/ratsbetrieb\/amtliches-bulletin\/amtliches-bulletin-die-videos?TranscriptId=245327\" target=\"_blank\" rel=\"noopener\">prise de parole<\/a>\u00a0pour le groupe PDC.<\/li>\n<li>Le Conseil f\u00e9d\u00e9ral doit revoir les conventions-programmes entre Conf\u00e9d\u00e9ration et Cantons.\u00a0<a href=\"https:\/\/www.parlament.ch\/fr\/ratsbetrieb\/amtliches-bulletin\/amtliches-bulletin-die-videos?TranscriptId=245449\" target=\"_blank\" rel=\"noopener\">Rapporteur<\/a>\u00a0au nom de la Commission des finances.<\/li>\n<\/ul>\n<p><strong>10 mai 2019<br \/>\n<\/strong>Gr\u00e2ce au travail dans la commission des finances, le mus\u00e9e alpin \u00e0 Berne a \u00e9t\u00e9 sauv\u00e9.\u00a0<a href=\"https:\/\/www.thomas-egger.ch\/wp-content\/uploads\/2021\/03\/kommentar.pdf\" target=\"_blank\" rel=\"noopener\">Commentaire<\/a>\u00a0dans le rapport annuel du mus\u00e9e.<strong>\u00a0<\/strong><\/p>\n<p><strong>22 mars 2019<br \/>\n<\/strong>R\u00e9trospective sur la session de printemps:\u00a0<strong><br \/>\n<\/strong>&#8211;\u00a0<a href=\"https:\/\/www.parlament.ch\/fr\/ratsbetrieb\/suche-curia-vista\/geschaeft?AffairId=20193196\" target=\"_blank\" rel=\"noopener\">Interpellation<\/a>: pourrait-on \u00e9quipper les grands pr\u00e9dateurs d&rsquo;\u00e9metteurs?<br \/>\n&#8211;\u00a0<a href=\"https:\/\/www.parlament.ch\/fr\/ratsbetrieb\/suche-curia-vista\/geschaeft?AffairId=20193195\" target=\"_blank\" rel=\"noopener\">Interpellation<\/a>: quelles mesures contre le burnout et des suicides dans l&rsquo;agriculture?<br \/>\n&#8211; Que faire des b\u00e9n\u00e9fices extraordinaires de la Conf\u00e9d\u00e9ration?\u00a0<a href=\"https:\/\/www.parlament.ch\/fr\/ratsbetrieb\/suche-curia-vista\/geschaeft?AffairId=20193085\" target=\"_blank\" rel=\"noopener\">Motion<\/a>\u00a0d\u00e9pos\u00e9e..<\/p>\n<p><strong>19 mars 2019<br \/>\n<\/strong>En action comme\u00a0<a href=\"https:\/\/www.parlament.ch\/de\/ratsbetrieb\/amtliches-bulletin\/amtliches-bulletin-die-videos?TranscriptId=243293\" target=\"_blank\" rel=\"noopener\">rapporteur<\/a>\u00a0de la Commission des finances pour la dissolution de la D\u00e9l\u00e9gation de surveillance des NLFA.<\/p>\n<p><strong>14 d\u00e9cembre 2018<br \/>\n<\/strong>R\u00e9trospective sur la session d&rsquo;hiver:<br \/>\n&#8211;\u00a0<a href=\"https:\/\/www.parlament.ch\/fr\/ratsbetrieb\/suche-curia-vista\/geschaeft?AffairId=20184286\" target=\"_blank\" rel=\"noopener\">Motion<\/a>: Emplacement des bo\u00eetes \u00e0 lettres.<br \/>\n&#8211;\u00a0<a href=\"https:\/\/www.parlament.ch\/fr\/ratsbetrieb\/suche-curia-vista\/geschaeft?AffairId=20184312\" target=\"_blank\" rel=\"noopener\">Interpellation<\/a>: Minimiser les effets des travaux d&rsquo;assainissement au tunnel du L\u00f6tschberg.<br \/>\n&#8211;\u00a0<a href=\"https:\/\/www.parlament.ch\/fr\/ratsbetrieb\/suche-curia-vista\/geschaeft?AffairId=20184171\" target=\"_blank\" rel=\"noopener\">Interpellation<\/a>:\u00a0Les potentiels de synergie pour l\u2019encouragement de l\u2019innovation dans les r\u00e9gions sont-ils suffisamment exploit\u00e9s?<br \/>\n&#8211;\u00a0<a href=\"https:\/\/www.parlament.ch\/fr\/ratsbetrieb\/suche-curia-vista\/geschaeft?AffairId=20185598\" target=\"_blank\" rel=\"noopener\">Question<\/a>:\u00a0Etat actuel de l&rsquo;enqu\u00eate men\u00e9e par Fedpol sur l&rsquo;affaire Car postal Suisse SA.\u00a0<strong><br \/>\n<\/strong>&#8211; Davantage de logements abordables. Initiative populaire et cr\u00e9dit-cadre destin\u00e9 \u00e0 alimenter le fonds de roulement.\u00a0<a href=\"https:\/\/www.parlament.ch\/fr\/ratsbetrieb\/amtliches-bulletin\/amtliches-bulletin-die-videos?TranscriptId=239587\" target=\"_blank\" rel=\"noopener\">Prise de parole<\/a>\u00a0dans la fonction de rapporteur de la Commission des finances.<br \/>\n&#8211; R\u00e9formes structurelles d&rsquo;Agroscope.\u00a0<a href=\"https:\/\/www.parlament.ch\/fr\/ratsbetrieb\/amtliches-bulletin\/amtliches-bulletin-die-videos?TranscriptId=239868\" target=\"_blank\" rel=\"noopener\">Prise de parole<\/a>\u00a0dans la fonction de rapporteur de la Commission des finances.<\/p>\n<p><strong>12 octobre 2018<br \/>\n<\/strong>Unit\u00e9s administratives sur des sites d\u00e9centralis\u00e9 tels qu\u00a0\u00bbAgroscope et l&rsquo;OFL: La Conf\u00e9d\u00e9ration devrait appliquer des prix de construction et de location usuels. La Commission de finances a repris ma proposition \u00e0 l&rsquo;unanimit\u00e9 dans une\u00a0<a href=\"https:\/\/www.parlament.ch\/fr\/ratsbetrieb\/suche-curia-vista\/geschaeft?AffairId=20184089\" target=\"_blank\" rel=\"noopener\">motion<\/a>\u00a0de commission.<\/p>\n<p><strong>3 octobre 2018<br \/>\n<\/strong>R\u00e9trospective sur la session d&rsquo;automne:<\/p>\n<ul>\n<li><a href=\"https:\/\/www.parlament.ch\/fr\/ratsbetrieb\/suche-curia-vista\/geschaeft?AffairId=20183766\" target=\"_blank\" rel=\"noopener\">Interpellation<\/a>: Halte \u00e0 la collecte de donn\u00e9es d\u00e9mesur\u00e9e r\u00e9alis\u00e9e par l\u2019Office f\u00e9d\u00e9ral de l\u2019environnement.<\/li>\n<li>Le Conseil f\u00e9d\u00e9ral, est-il pr\u00eat \u00e0 soutenir la mise en place d&rsquo;un\u00a0<a href=\"https:\/\/www.parlament.ch\/de\/ratsbetrieb\/suche-curia-vista\/geschaeft?AffairId=20185413\" target=\"_blank\" rel=\"noopener\">r\u00e9seau<\/a>\u00a0pour les sites UNESCO en Suisse?<\/li>\n<\/ul>\n<p><strong>14 juin 2018<br \/>\n<\/strong>R\u00e9trospective sur la session d&rsquo;\u00e9t\u00e9:\u00a0<strong><br \/>\n<\/strong><\/p>\n<ul>\n<li>Non \u00e0 l&rsquo;initiative populaire sur le\u00a0<a href=\"https:\/\/www.parlament.ch\/fr\/ratsbetrieb\/amtliches-bulletin\/amtliches-bulletin-die-videos?TranscriptId=231198\" target=\"_blank\" rel=\"noopener\">mitage du territoire<\/a>.<\/li>\n<li><a href=\"https:\/\/www.parlament.ch\/fr\/ratsbetrieb\/suche-curia-vista\/geschaeft?AffairId=20183463\" target=\"_blank\" rel=\"noopener\">Interpellation<\/a>: des Smart cities aux Smart villages.<\/li>\n<li><a href=\"https:\/\/www.parlament.ch\/fr\/ratsbetrieb\/suche-curia-vista\/geschaeft?AffairId=20183464\" target=\"_blank\" rel=\"noopener\">Postulat<\/a>: le Conseil f\u00e9d\u00e9ral est charg\u00e9 de d\u00e9montrer les effets \u00e0 long terme de la PF17 et de la r\u00e9forme de la RPT.<\/li>\n<li><a href=\"https:\/\/www.parlament.ch\/fr\/ratsbetrieb\/suche-curia-vista\/geschaeft?AffairId=20183517\" target=\"_blank\" rel=\"noopener\">Motion<\/a>\u00a0de la fraction du PDC pour un programme d&rsquo;impulsion pour la digitalistion du domaine de la formation.\u00a0<a href=\"https:\/\/www.thomas-egger.ch\/wp-content\/uploads\/2021\/03\/interview-2.jpg\" target=\"_blank\" rel=\"noopener\">Interview<\/a>\u00a0dans La Libert\u00e9.<\/li>\n<li><a href=\"https:\/\/www.parlament.ch\/fr\/ratsbetrieb\/suche-curia-vista\/geschaeft?AffairId=20183515\" target=\"_blank\" rel=\"noopener\">Interpellation<\/a>\u00a0pour mieux prendre en charge les attentes des PME&rsquo;s pour les services de paiements de la Poste.<\/li>\n<li>Dans les discussion avec l&rsquo;UE, le Conseil f\u00e9d\u00e9ral doit tirer une ligne rouge pour les\u00a0<a href=\"https:\/\/www.parlament.ch\/fr\/ratsbetrieb\/suche-curia-vista\/geschaeft?AffairId=20185224\" target=\"_blank\" rel=\"noopener\">aides d&rsquo;\u00e9tat<\/a>.<\/li>\n<li>Non \u00e0 un d\u00e9mant\u00e8lement\u00a0<a href=\"https:\/\/www.parlament.ch\/de\/ratsbetrieb\/amtliches-bulletin\/amtliches-bulletin-die-videos?TranscriptId=230097\" target=\"_blank\" rel=\"noopener\">d&rsquo;Agrosope<\/a>.<\/li>\n<\/ul>\n<p><strong>16 mars\u00a02018<br \/>\n<\/strong>R\u00e9trospective sur la session de printemps\u00a02018:<\/p>\n<ul>\n<li><a href=\"https:\/\/www.parlament.ch\/fr\/ratsbetrieb\/suche-curia-vista\/geschaeft?AffairId=20183043\" target=\"_blank\" rel=\"noopener\">Postulat<\/a>\u00a0pour l&rsquo;encouragement des transports de loisir et de nuit. Reportage\u00a0sur\u00a0<a id=\"95555\" href=\"http:\/\/www.rro.ch\/mobile14\/newsdetail\/?state=limit,cat;cnt,cell,id&amp;cnt=4&amp;cell=view-6&amp;id=95555\" target=\"_blank\" rel=\"noopener\">RRO<\/a>\u00a0et dans la\u00a0<a href=\"http:\/\/www.1815.ch\/rhonezeitung\/zeitung\/region\/bettmobil-soll-billiger-werden\/\" target=\"_blank\" rel=\"noopener\">RZ<\/a>.<\/li>\n<li><a href=\"https:\/\/www.parlament.ch\/fr\/ratsbetrieb\/suche-curia-vista\/geschaeft?AffairId=20183042\" target=\"_blank\" rel=\"noopener\">Motion<\/a>\u00a0pour renforcer le contr\u00f4le du Parlement sur les anciennes r\u00e9gies f\u00e9d\u00e9rales (r\u00e9action sur le scandal de car postal). Reportage dans le\u00a0<a href=\"https:\/\/www.blick.ch\/news\/politik\/druck-auf-tochtergesellschaften-des-gelben-riesen-auch-anderswo-geht-die-post-ab-id7979637.html\" target=\"_blank\" rel=\"noopener\">Blick<\/a>.<\/li>\n<li><a href=\"https:\/\/www.parlament.ch\/de\/ratsbetrieb\/suche-curia-vista\/geschaeft?AffairId=20185124\" target=\"_blank\" rel=\"noopener\">Question<\/a>\u00a0concernant les murs en pierres s\u00eaches endommag\u00e9es par les intemperies en Valais.<\/li>\n<li><a href=\"https:\/\/www.parlament.ch\/fr\/ratsbetrieb\/amtliches-bulletin\/amtliches-bulletin-die-videos?TranscriptId=226639\" target=\"_blank\" rel=\"noopener\">Prise de parole<\/a>\u00a0pour le PDC concernant l&rsquo;art. 50 de la loi sur les hautes \u00e9coles.<\/li>\n<\/ul>\n<p><strong>27 novembre au 15 d\u00e9cembre 2017<br \/>\n<\/strong>Session d&rsquo;hiver. Portrait dans le\u00a0<a href=\"https:\/\/www.thomas-egger.ch\/wp-content\/uploads\/2021\/03\/nouvelliste.png\" target=\"_blank\" rel=\"noopener\">Nouvelliste<\/a>\u00a0du 16 d\u00e9cembre 2017.<br \/>\nInterventions d\u00e9pos\u00e9es sur la\u00a0<a href=\"https:\/\/www.parlament.ch\/fr\/ratsbetrieb\/suche-curia-vista\/geschaeft?AffairId=20174141\" target=\"_blank\" rel=\"noopener\">politique r\u00e9gionale<\/a>, la p\u00e9r\u00e9quation financi\u00e8re (<a href=\"https:\/\/www.parlament.ch\/fr\/ratsbetrieb\/suche-curia-vista\/geschaeft?AffairId=20174143\" target=\"_blank\" rel=\"noopener\">RPT<\/a>) et la coh\u00e9rence entre la\u00a0<a href=\"https:\/\/www.parlament.ch\/fr\/ratsbetrieb\/suche-curia-vista\/geschaeft?AffairId=20174142\" target=\"_blank\" rel=\"noopener\">politique r\u00e9gionale\u00a0et la RPT<\/a>.<br \/>\nLe d\u00e9bat sur les finances f\u00e9d\u00e9rales &#8211; interviews sur Radio Fribourg le\u00a0<a href=\"http:\/\/www.radiofr.ch\/fribourg\/info\/eclairages.html#podcast-49904-budget-a-berne\" target=\"_blank\" rel=\"noopener\">28 novembre 2017<\/a>\u00a0et le\u00a0<a href=\"http:\/\/podcasts.radiofr.ch\/bc737abb99403ebf19320b3a6bb02b88.aac\" target=\"_blank\" rel=\"noopener\">14 d\u00e9cembre 2017<\/a>.<\/p>\n<p><strong>11 septembre au 29 septembre 2017<\/strong><br \/>\nSession d&rsquo;automne: Interventions d\u00e9pos\u00e9es sur les sites\u00a0<a href=\"https:\/\/www.parlament.ch\/fr\/ratsbetrieb\/suche-curia-vista\/geschaeft?AffairId=20173685\" target=\"_blank\" rel=\"noopener\">UNESCO<\/a>, les<a href=\"https:\/\/www.parlament.ch\/fr\/ratsbetrieb\/suche-curia-vista\/geschaeft?AffairId=20173660\" target=\"_blank\" rel=\"noopener\">services publics<\/a>\u00a0et la\u00a0<a href=\"https:\/\/www.parlament.ch\/fr\/ratsbetrieb\/suche-curia-vista\/geschaeft?AffairId=20173713\" target=\"_blank\" rel=\"noopener\">p\u00e9r\u00e9quation financi\u00e8re<\/a>.<\/p>\n<\/div><\/section><br \/>\n\n<style type=\"text\/css\" data-created_by=\"avia_inline_auto\" id=\"style-css-av-kmnml351-1a413b470bf49b9ae8c7377e6188620b\">\n.avia-image-container.av-kmnml351-1a413b470bf49b9ae8c7377e6188620b img.avia_image{\nbox-shadow:none;\n}\n.avia-image-container.av-kmnml351-1a413b470bf49b9ae8c7377e6188620b .av-image-caption-overlay-center{\ncolor:#ffffff;\n}\n<\/style>\n<div  class='avia-image-container av-kmnml351-1a413b470bf49b9ae8c7377e6188620b av-styling- avia-align-center  avia-builder-el-2  el_after_av_textblock  avia-builder-el-last '   itemprop=\"image\" itemscope=\"itemscope\" itemtype=\"https:\/\/schema.org\/ImageObject\" ><div class=\"avia-image-container-inner\"><div class=\"avia-image-overlay-wrap\"><img decoding=\"async\" fetchpriority=\"high\" class='wp-image-344 avia-img-lazy-loading-not-344 avia_image ' src=\"https:\/\/www.thomas-egger.ch\/wp-content\/uploads\/2021\/03\/fototerednerpultwinter2017.png\" alt='' title='fototerednerpultwinter2017'  height=\"660\" width=\"990\"  itemprop=\"thumbnailUrl\" srcset=\"https:\/\/www.thomas-egger.ch\/wp-content\/uploads\/2021\/03\/fototerednerpultwinter2017.png 990w, https:\/\/www.thomas-egger.ch\/wp-content\/uploads\/2021\/03\/fototerednerpultwinter2017-768x512.png 768w, https:\/\/www.thomas-egger.ch\/wp-content\/uploads\/2021\/03\/fototerednerpultwinter2017-705x470.png 705w\" sizes=\"(max-width: 990px) 100vw, 990px\" \/><\/div><\/div><\/div><\/p><\/div>\n","protected":false},"excerpt":{"rendered":"","protected":false},"author":4,"featured_media":0,"parent":352,"menu_order":0,"comment_status":"closed","ping_status":"closed","template":"","meta":{"footnotes":""},"class_list":["post-347","page","type-page","status-publish","hentry"],"yoast_head":"<!-- This site is optimized with the Yoast SEO plugin v27.4 - https:\/\/yoast.com\/product\/yoast-seo-wordpress\/ -->\n<title>Mes activit\u00e9s au Parlement f\u00e9d\u00e9ral de juin 2017 \u00e0 novembre 2019 - Thomas Egger<\/title>\n<meta name=\"robots\" content=\"index, follow, max-snippet:-1, max-image-preview:large, max-video-preview:-1\" \/>\n<link rel=\"canonical\" href=\"https:\/\/www.thomas-egger.ch\/fr\/tres-bonnes-connaissances-des-dossiers-politiques\/mes-activites-au-parlement-federal-de-juin-2017-a-novembre-2019\/\" \/>\n<meta property=\"og:locale\" content=\"fr_FR\" \/>\n<meta property=\"og:type\" content=\"article\" \/>\n<meta property=\"og:title\" content=\"Mes activit\u00e9s au Parlement f\u00e9d\u00e9ral de juin 2017 \u00e0 novembre 2019 - Thomas Egger\" \/>\n<meta property=\"og:url\" content=\"https:\/\/www.thomas-egger.ch\/fr\/tres-bonnes-connaissances-des-dossiers-politiques\/mes-activites-au-parlement-federal-de-juin-2017-a-novembre-2019\/\" \/>\n<meta property=\"og:site_name\" content=\"Thomas Egger\" \/>\n<meta property=\"article:modified_time\" content=\"2021-03-29T12:15:01+00:00\" \/>\n<meta name=\"twitter:card\" content=\"summary_large_image\" \/>\n<meta name=\"twitter:label1\" content=\"Dur\u00e9e de lecture estim\u00e9e\" \/>\n\t<meta name=\"twitter:data1\" content=\"6 minutes\" \/>\n<script type=\"application\/ld+json\" class=\"yoast-schema-graph\">{\"@context\":\"https:\\\/\\\/schema.org\",\"@graph\":[{\"@type\":\"WebPage\",\"@id\":\"https:\\\/\\\/www.thomas-egger.ch\\\/fr\\\/tres-bonnes-connaissances-des-dossiers-politiques\\\/mes-activites-au-parlement-federal-de-juin-2017-a-novembre-2019\\\/\",\"url\":\"https:\\\/\\\/www.thomas-egger.ch\\\/fr\\\/tres-bonnes-connaissances-des-dossiers-politiques\\\/mes-activites-au-parlement-federal-de-juin-2017-a-novembre-2019\\\/\",\"name\":\"Mes activit\u00e9s au Parlement f\u00e9d\u00e9ral de juin 2017 \u00e0 novembre 2019 - Thomas Egger\",\"isPartOf\":{\"@id\":\"https:\\\/\\\/www.thomas-egger.ch\\\/fr\\\/#website\"},\"datePublished\":\"2021-03-24T15:53:47+00:00\",\"dateModified\":\"2021-03-29T12:15:01+00:00\",\"breadcrumb\":{\"@id\":\"https:\\\/\\\/www.thomas-egger.ch\\\/fr\\\/tres-bonnes-connaissances-des-dossiers-politiques\\\/mes-activites-au-parlement-federal-de-juin-2017-a-novembre-2019\\\/#breadcrumb\"},\"inLanguage\":\"fr-FR\",\"potentialAction\":[{\"@type\":\"ReadAction\",\"target\":[\"https:\\\/\\\/www.thomas-egger.ch\\\/fr\\\/tres-bonnes-connaissances-des-dossiers-politiques\\\/mes-activites-au-parlement-federal-de-juin-2017-a-novembre-2019\\\/\"]}]},{\"@type\":\"BreadcrumbList\",\"@id\":\"https:\\\/\\\/www.thomas-egger.ch\\\/fr\\\/tres-bonnes-connaissances-des-dossiers-politiques\\\/mes-activites-au-parlement-federal-de-juin-2017-a-novembre-2019\\\/#breadcrumb\",\"itemListElement\":[{\"@type\":\"ListItem\",\"position\":1,\"name\":\"Startseite\",\"item\":\"https:\\\/\\\/www.thomas-egger.ch\\\/fr\\\/home\\\/\"},{\"@type\":\"ListItem\",\"position\":2,\"name\":\"Tr\u00e8s bonnes connaissances des dossiers politiques\",\"item\":\"https:\\\/\\\/www.thomas-egger.ch\\\/fr\\\/tres-bonnes-connaissances-des-dossiers-politiques\\\/\"},{\"@type\":\"ListItem\",\"position\":3,\"name\":\"Mes activit\u00e9s au Parlement f\u00e9d\u00e9ral de juin 2017 \u00e0 novembre 2019\"}]},{\"@type\":\"WebSite\",\"@id\":\"https:\\\/\\\/www.thomas-egger.ch\\\/fr\\\/#website\",\"url\":\"https:\\\/\\\/www.thomas-egger.ch\\\/fr\\\/\",\"name\":\"Thomas Egger\",\"description\":\"\",\"potentialAction\":[{\"@type\":\"SearchAction\",\"target\":{\"@type\":\"EntryPoint\",\"urlTemplate\":\"https:\\\/\\\/www.thomas-egger.ch\\\/fr\\\/?s={search_term_string}\"},\"query-input\":{\"@type\":\"PropertyValueSpecification\",\"valueRequired\":true,\"valueName\":\"search_term_string\"}}],\"inLanguage\":\"fr-FR\"}]}<\/script>\n<!-- \/ Yoast SEO plugin. -->","yoast_head_json":{"title":"Mes activit\u00e9s au Parlement f\u00e9d\u00e9ral de juin 2017 \u00e0 novembre 2019 - Thomas Egger","robots":{"index":"index","follow":"follow","max-snippet":"max-snippet:-1","max-image-preview":"max-image-preview:large","max-video-preview":"max-video-preview:-1"},"canonical":"https:\/\/www.thomas-egger.ch\/fr\/tres-bonnes-connaissances-des-dossiers-politiques\/mes-activites-au-parlement-federal-de-juin-2017-a-novembre-2019\/","og_locale":"fr_FR","og_type":"article","og_title":"Mes activit\u00e9s au Parlement f\u00e9d\u00e9ral de juin 2017 \u00e0 novembre 2019 - Thomas Egger","og_url":"https:\/\/www.thomas-egger.ch\/fr\/tres-bonnes-connaissances-des-dossiers-politiques\/mes-activites-au-parlement-federal-de-juin-2017-a-novembre-2019\/","og_site_name":"Thomas Egger","article_modified_time":"2021-03-29T12:15:01+00:00","twitter_card":"summary_large_image","twitter_misc":{"Dur\u00e9e de lecture estim\u00e9e":"6 minutes"},"schema":{"@context":"https:\/\/schema.org","@graph":[{"@type":"WebPage","@id":"https:\/\/www.thomas-egger.ch\/fr\/tres-bonnes-connaissances-des-dossiers-politiques\/mes-activites-au-parlement-federal-de-juin-2017-a-novembre-2019\/","url":"https:\/\/www.thomas-egger.ch\/fr\/tres-bonnes-connaissances-des-dossiers-politiques\/mes-activites-au-parlement-federal-de-juin-2017-a-novembre-2019\/","name":"Mes activit\u00e9s au Parlement f\u00e9d\u00e9ral de juin 2017 \u00e0 novembre 2019 - Thomas Egger","isPartOf":{"@id":"https:\/\/www.thomas-egger.ch\/fr\/#website"},"datePublished":"2021-03-24T15:53:47+00:00","dateModified":"2021-03-29T12:15:01+00:00","breadcrumb":{"@id":"https:\/\/www.thomas-egger.ch\/fr\/tres-bonnes-connaissances-des-dossiers-politiques\/mes-activites-au-parlement-federal-de-juin-2017-a-novembre-2019\/#breadcrumb"},"inLanguage":"fr-FR","potentialAction":[{"@type":"ReadAction","target":["https:\/\/www.thomas-egger.ch\/fr\/tres-bonnes-connaissances-des-dossiers-politiques\/mes-activites-au-parlement-federal-de-juin-2017-a-novembre-2019\/"]}]},{"@type":"BreadcrumbList","@id":"https:\/\/www.thomas-egger.ch\/fr\/tres-bonnes-connaissances-des-dossiers-politiques\/mes-activites-au-parlement-federal-de-juin-2017-a-novembre-2019\/#breadcrumb","itemListElement":[{"@type":"ListItem","position":1,"name":"Startseite","item":"https:\/\/www.thomas-egger.ch\/fr\/home\/"},{"@type":"ListItem","position":2,"name":"Tr\u00e8s bonnes connaissances des dossiers politiques","item":"https:\/\/www.thomas-egger.ch\/fr\/tres-bonnes-connaissances-des-dossiers-politiques\/"},{"@type":"ListItem","position":3,"name":"Mes activit\u00e9s au Parlement f\u00e9d\u00e9ral de juin 2017 \u00e0 novembre 2019"}]},{"@type":"WebSite","@id":"https:\/\/www.thomas-egger.ch\/fr\/#website","url":"https:\/\/www.thomas-egger.ch\/fr\/","name":"Thomas Egger","description":"","potentialAction":[{"@type":"SearchAction","target":{"@type":"EntryPoint","urlTemplate":"https:\/\/www.thomas-egger.ch\/fr\/?s={search_term_string}"},"query-input":{"@type":"PropertyValueSpecification","valueRequired":true,"valueName":"search_term_string"}}],"inLanguage":"fr-FR"}]}},"_links":{"self":[{"href":"https:\/\/www.thomas-egger.ch\/fr\/wp-json\/wp\/v2\/pages\/347","targetHints":{"allow":["GET"]}}],"collection":[{"href":"https:\/\/www.thomas-egger.ch\/fr\/wp-json\/wp\/v2\/pages"}],"about":[{"href":"https:\/\/www.thomas-egger.ch\/fr\/wp-json\/wp\/v2\/types\/page"}],"author":[{"embeddable":true,"href":"https:\/\/www.thomas-egger.ch\/fr\/wp-json\/wp\/v2\/users\/4"}],"replies":[{"embeddable":true,"href":"https:\/\/www.thomas-egger.ch\/fr\/wp-json\/wp\/v2\/comments?post=347"}],"version-history":[{"count":4,"href":"https:\/\/www.thomas-egger.ch\/fr\/wp-json\/wp\/v2\/pages\/347\/revisions"}],"predecessor-version":[{"id":1196,"href":"https:\/\/www.thomas-egger.ch\/fr\/wp-json\/wp\/v2\/pages\/347\/revisions\/1196"}],"up":[{"embeddable":true,"href":"https:\/\/www.thomas-egger.ch\/fr\/wp-json\/wp\/v2\/pages\/352"}],"wp:attachment":[{"href":"https:\/\/www.thomas-egger.ch\/fr\/wp-json\/wp\/v2\/media?parent=347"}],"curies":[{"name":"wp","href":"https:\/\/api.w.org\/{rel}","templated":true}]}}