{"id":352,"date":"2021-03-25T08:22:37","date_gmt":"2021-03-25T07:22:37","guid":{"rendered":"https:\/\/neu.thomas-egger.ch\/tres-bonnes-connaissances-des-dossiers-politiques\/"},"modified":"2021-04-06T06:14:20","modified_gmt":"2021-04-06T04:14:20","slug":"tres-bonnes-connaissances-des-dossiers-politiques","status":"publish","type":"page","link":"https:\/\/www.thomas-egger.ch\/fr\/tres-bonnes-connaissances-des-dossiers-politiques\/","title":{"rendered":"Tr\u00e8s bonnes connaissances des dossiers politiques"},"content":{"rendered":"\n<style type=\"text\/css\" data-created_by=\"avia_inline_auto\" id=\"style-css-av-a8c58-3e8aa15e8dc94eb503b6506f85666baa\">\n.flex_column.av-a8c58-3e8aa15e8dc94eb503b6506f85666baa{\nborder-radius:0px 0px 0px 0px;\npadding:0px 0px 0px 0px;\n}\n<\/style>\n<div  class='flex_column av-a8c58-3e8aa15e8dc94eb503b6506f85666baa av_two_third  avia-builder-el-0  el_before_av_one_third  avia-builder-el-first  first flex_column_div av-zero-column-padding  '     ><section  class='av_textblock_section av-kmni8fc8-865d922f47f358775689cae87540a46f '   itemscope=\"itemscope\" itemtype=\"https:\/\/schema.org\/CreativeWork\" ><div class='avia_textblock'  itemprop=\"text\" ><h1>Tr\u00e8s bonnes connaissances des dossiers politiques<\/h1>\n<p><strong>La politique de la montagne \u2013 un approche int\u00e9grale<\/strong><\/p>\n<p>Beaucoup de dossiers politiques ont une influence directe sur les r\u00e9gions de montagne. Chaque jour je suis au front, pour d\u00e9fendre les int\u00e9r\u00eats des r\u00e9gions de montagne de mani\u00e8re globale. Une bonne vue d\u2019ensemble se trouve dans l\u2019article du Nouvelliste, r\u00e9alis\u00e9 en 2014, \u00e0 l\u2019occasion de l\u2019Assembl\u00e9e g\u00e9n\u00e9rale du SAB \u00e0 Sion et dans le \u00ab\u00a0Fr\u00fchst\u00fcck\u00a0\u00bb du 25 mars 2017.<\/p>\n<ul>\n<li><a href=\"https:\/\/www.thomas-egger.ch\/wp-content\/uploads\/2021\/03\/liensurlarticledunouvellistedu28aout2014.pdf\" target=\"_blank\" rel=\"noopener\">Lien sur l\u2019article du Nouvelliste du 28 ao\u00fbt 2014.<\/a><\/li>\n<li>Le \u00ab\u00a0<a href=\"https:\/\/www.thomas-egger.ch\/wp-content\/uploads\/2021\/03\/nouvelliste.jpg\" target=\"_blank\" rel=\"noopener\">Fr\u00fchst\u00fcck<\/a>\u00a0\u00bb dans le Nouvelliste du 25 mars 2017.<\/li>\n<\/ul>\n<p><strong><a href=\"https:\/\/www.thomas-egger.ch\/fr\/tres-bonnes-connaissances-des-dossiers-politiques\/changement-demographique\/\" target=\"_self\">Le changement d\u00e9mographique\u00a0<\/a><\/strong><\/p>\n<p><strong><a href=\"https:\/\/www.thomas-egger.ch\/fr\/tres-bonnes-connaissances-des-dossiers-politiques\/succes-avec-la-loi-dapplication-sur-la-lex-weber\/\" target=\"_self\">Succ\u00e8s avec la loi d\u2019application sur la \u00ab\u00a0Lex Weber\u00a0\u00bb\u00a0<\/a><\/strong><\/p>\n<p><strong><a href=\"https:\/\/www.thomas-egger.ch\/fr\/tres-bonnes-connaissances-des-dossiers-politiques\/renforcer-le-tourisme-en-regions-de-montagne\/\" target=\"_self\">Renforcer le tourisme en r\u00e9gions de montagne\u00a0<\/a><\/strong><\/p>\n<p><strong><a href=\"https:\/\/www.thomas-egger.ch\/fr\/tres-bonnes-connaissances-des-dossiers-politiques\/un-paquet-de-deregulations-pour-contrer-les-effets-du-franc-fort\/\" target=\"_self\">Un paquet de d\u00e9r\u00e9gulations pour contrer les effets du franc fort\u00a0<\/a><\/strong><\/p>\n<p><strong><a href=\"https:\/\/www.thomas-egger.ch\/fr\/tres-bonnes-connaissances-des-dossiers-politiques\/creer-des-places-de-travail-grace-a-la-politique-regionale\/\">Cr\u00e9er des places de travail gr\u00e2ce \u00e0 la politique r\u00e9gionale\u00a0<\/a><\/strong><\/p>\n<p><strong><a href=\"https:\/\/www.thomas-egger.ch\/fr\/tres-bonnes-connaissances-des-dossiers-politiques\/le-role-porteur-de-lindustrie-et-de-lartisanat\/\" target=\"_self\">Le r\u00f4le porteur de l\u2019industrie et de l\u2019artisanat\u00a0<\/a><\/strong><\/p>\n<p><strong><a href=\"https:\/\/www.thomas-egger.ch\/fr\/tres-bonnes-connaissances-des-dossiers-politiques\/renforcer-le-role-de-lenergie-indigene-grace-a-la-sortie-du-nucleaire\/\" target=\"_self\">Renforcer le r\u00f4le de l\u2019\u00e9nergie indig\u00e8ne gr\u00e2ce \u00e0 la sortie du nucl\u00e9aire\u00a0<\/a><\/strong><\/p>\n<p><strong><a href=\"https:\/\/www.thomas-egger.ch\/fr\/tres-bonnes-connaissances-des-dossiers-politiques\/mieux-utiliser-et-valoriser-le-bois\/\" target=\"_self\">Mieux utiliser et valoriser le bois\u00a0<\/a><\/strong><\/p>\n<p><strong><a href=\"https:\/\/www.thomas-egger.ch\/fr\/tres-bonnes-connaissances-des-dossiers-politiques\/lagriculture-a-besoin-dun-cadre-politique-plus-stable-et-de-plus-de-liberte-entrepreneuriale\/\" target=\"_self\">L\u2019agriculture a besoin d\u2019un cadre politique plus stable et de plus de libert\u00e9 entrepreneuriale\u00a0<\/a><\/strong><\/p>\n<p><strong><a href=\"https:\/\/www.thomas-egger.ch\/fr\/tres-bonnes-connaissances-des-dossiers-politiques\/la-perequation-financiere-comme-element-central-du-federalisme-suisse\/\" target=\"_self\">La p\u00e9r\u00e9quation financi\u00e8re comme \u00e9l\u00e9ment central du f\u00e9d\u00e9ralisme suisse\u00a0<\/a><\/strong><\/p>\n<p><strong><a href=\"https:\/\/www.thomas-egger.ch\/fr\/tres-bonnes-connaissances-des-dossiers-politiques\/pour-un-service-public-fort\/\" target=\"_self\">Pour un Service public fort\u00a0<\/a><\/strong><\/p>\n<p><strong><a href=\"https:\/\/www.thomas-egger.ch\/fr\/tres-bonnes-connaissances-des-dossiers-politiques\/pour-des-reseaux-de-transport-performants\/\" target=\"_self\">Pour des r\u00e9seaux de transport performants\u00a0<\/a><\/strong><\/p>\n<p><strong><a href=\"https:\/\/www.thomas-egger.ch\/fr\/tres-bonnes-connaissances-des-dossiers-politiques\/respecter-les-competences-dans-lamenagement-du-territoire\/\" target=\"_self\">Respecter les comp\u00e9tences dans l\u2019am\u00e9nagement du territoire\u00a0<\/a><\/strong><\/p>\n<p><strong><a href=\"https:\/\/www.thomas-egger.ch\/fr\/tres-bonnes-connaissances-des-dossiers-politiques\/succes-politique-pour-les-parcs-regionaux\/\" target=\"_self\">Succ\u00e8s politique pour les parcs r\u00e9gionaux\u00a0<\/a><\/strong><\/p>\n<p><strong><a href=\"https:\/\/www.thomas-egger.ch\/fr\/tres-bonnes-connaissances-des-dossiers-politiques\/changement-climatique-necessite-de-prendre-des-mesures-dadaptation\/\" target=\"_self\">Changement climatique \u2013 n\u00e9cessit\u00e9 de prendre des mesures d\u2019adaptation\u00a0<\/a><\/strong><\/p>\n<p><strong><a href=\"https:\/\/www.thomas-egger.ch\/fr\/tres-bonnes-connaissances-des-dossiers-politiques\/le-loup-un-symbole\/\" target=\"_self\"><strong>Le loup \u2013 un symbole\u00a0<\/strong><\/a><\/strong><\/p>\n<p><strong><a href=\"https:\/\/www.thomas-egger.ch\/fr\/tres-bonnes-connaissances-des-dossiers-politiques\/politique-internationale\/\" target=\"_self\">La politique internationale <\/a><\/strong><\/p>\n<p><strong><a href=\"https:\/\/www.thomas-egger.ch\/fr\/tres-bonnes-connaissances-des-dossiers-politiques\/candidature-pour-le-conseil-national-2019\/\" target=\"_self\">Candidatures pour le Conseil national 2015 et 2019\u00a0<\/a><\/strong><\/p>\n<p><strong><a href=\"https:\/\/www.thomas-egger.ch\/fr\/tres-bonnes-connaissances-des-dossiers-politiques\/mes-activites-au-parlement-federal-de-juin-2017-a-novembre-2019\/\" target=\"_self\">Mes activit\u00e9s au Conseil national depuis 2017\u00a0<\/a><\/strong><\/p>\n<\/div><\/section><\/div>\n<style type=\"text\/css\" data-created_by=\"avia_inline_auto\" id=\"style-css-av-6ya58-a08415192d3ad2cae2e40dfefdc9837c\">\n.flex_column.av-6ya58-a08415192d3ad2cae2e40dfefdc9837c{\nborder-radius:0px 0px 0px 0px;\npadding:0px 0px 0px 0px;\n}\n<\/style>\n<div  class='flex_column av-6ya58-a08415192d3ad2cae2e40dfefdc9837c av_one_third  avia-builder-el-2  el_after_av_two_third  avia-builder-el-last  flex_column_div av-zero-column-padding  '     ><style type=\"text\/css\" data-created_by=\"avia_inline_auto\" id=\"style-css-av-kmni8r5t-014722f3c2333a55a7211c854100e96c\">\n.avia-image-container.av-kmni8r5t-014722f3c2333a55a7211c854100e96c img.avia_image{\nbox-shadow:none;\n}\n.avia-image-container.av-kmni8r5t-014722f3c2333a55a7211c854100e96c .av-image-caption-overlay-center{\ncolor:#ffffff;\n}\n<\/style>\n<div  class='avia-image-container av-kmni8r5t-014722f3c2333a55a7211c854100e96c av-styling- av-img-linked avia-align-center  avia-builder-el-3  avia-builder-el-no-sibling '   itemprop=\"image\" itemscope=\"itemscope\" itemtype=\"https:\/\/schema.org\/ImageObject\" ><div class=\"avia-image-container-inner\"><div class=\"avia-image-overlay-wrap\"><a href=\"https:\/\/www.thomas-egger.ch\/wp-content\/uploads\/2021\/03\/cleuson7.jpg\" data-srcset=\"https:\/\/www.thomas-egger.ch\/wp-content\/uploads\/2021\/03\/cleuson7.jpg 990w, https:\/\/www.thomas-egger.ch\/wp-content\/uploads\/2021\/03\/cleuson7-768x576.jpg 768w, https:\/\/www.thomas-egger.ch\/wp-content\/uploads\/2021\/03\/cleuson7-705x528.jpg 705w\" data-sizes=\"(max-width: 990px) 100vw, 990px\" class='avia_image '  aria-label='cleuson7'><img decoding=\"async\" fetchpriority=\"high\" class='wp-image-150 avia-img-lazy-loading-not-150 avia_image ' src=\"https:\/\/www.thomas-egger.ch\/wp-content\/uploads\/2021\/03\/cleuson7.jpg\" alt='' title='cleuson7'  height=\"742\" width=\"990\"  itemprop=\"thumbnailUrl\" srcset=\"https:\/\/www.thomas-egger.ch\/wp-content\/uploads\/2021\/03\/cleuson7.jpg 990w, https:\/\/www.thomas-egger.ch\/wp-content\/uploads\/2021\/03\/cleuson7-768x576.jpg 768w, https:\/\/www.thomas-egger.ch\/wp-content\/uploads\/2021\/03\/cleuson7-705x528.jpg 705w\" sizes=\"(max-width: 990px) 100vw, 990px\" \/><\/a><\/div><\/div><\/div><\/div><\/p>\n","protected":false},"excerpt":{"rendered":"","protected":false},"author":4,"featured_media":0,"parent":0,"menu_order":0,"comment_status":"closed","ping_status":"closed","template":"","meta":{"footnotes":""},"class_list":["post-352","page","type-page","status-publish","hentry"],"yoast_head":"<!-- This site is optimized with the Yoast SEO plugin v27.4 - https:\/\/yoast.com\/product\/yoast-seo-wordpress\/ -->\n<title>Tr\u00e8s bonnes connaissances des dossiers politiques - Thomas Egger<\/title>\n<meta name=\"robots\" content=\"index, follow, max-snippet:-1, max-image-preview:large, max-video-preview:-1\" \/>\n<link rel=\"canonical\" href=\"https:\/\/www.thomas-egger.ch\/fr\/tres-bonnes-connaissances-des-dossiers-politiques\/\" \/>\n<meta property=\"og:locale\" content=\"fr_FR\" \/>\n<meta property=\"og:type\" content=\"article\" \/>\n<meta property=\"og:title\" content=\"Tr\u00e8s bonnes connaissances des dossiers politiques - Thomas Egger\" \/>\n<meta property=\"og:url\" content=\"https:\/\/www.thomas-egger.ch\/fr\/tres-bonnes-connaissances-des-dossiers-politiques\/\" \/>\n<meta property=\"og:site_name\" content=\"Thomas Egger\" \/>\n<meta property=\"article:modified_time\" content=\"2021-04-06T04:14:20+00:00\" \/>\n<meta name=\"twitter:card\" content=\"summary_large_image\" \/>\n<meta name=\"twitter:label1\" content=\"Dur\u00e9e de lecture estim\u00e9e\" \/>\n\t<meta name=\"twitter:data1\" content=\"2 minutes\" \/>\n<script type=\"application\/ld+json\" class=\"yoast-schema-graph\">{\"@context\":\"https:\\\/\\\/schema.org\",\"@graph\":[{\"@type\":\"WebPage\",\"@id\":\"https:\\\/\\\/www.thomas-egger.ch\\\/fr\\\/tres-bonnes-connaissances-des-dossiers-politiques\\\/\",\"url\":\"https:\\\/\\\/www.thomas-egger.ch\\\/fr\\\/tres-bonnes-connaissances-des-dossiers-politiques\\\/\",\"name\":\"Tr\u00e8s bonnes connaissances des dossiers politiques - Thomas Egger\",\"isPartOf\":{\"@id\":\"https:\\\/\\\/www.thomas-egger.ch\\\/fr\\\/#website\"},\"datePublished\":\"2021-03-25T07:22:37+00:00\",\"dateModified\":\"2021-04-06T04:14:20+00:00\",\"breadcrumb\":{\"@id\":\"https:\\\/\\\/www.thomas-egger.ch\\\/fr\\\/tres-bonnes-connaissances-des-dossiers-politiques\\\/#breadcrumb\"},\"inLanguage\":\"fr-FR\",\"potentialAction\":[{\"@type\":\"ReadAction\",\"target\":[\"https:\\\/\\\/www.thomas-egger.ch\\\/fr\\\/tres-bonnes-connaissances-des-dossiers-politiques\\\/\"]}]},{\"@type\":\"BreadcrumbList\",\"@id\":\"https:\\\/\\\/www.thomas-egger.ch\\\/fr\\\/tres-bonnes-connaissances-des-dossiers-politiques\\\/#breadcrumb\",\"itemListElement\":[{\"@type\":\"ListItem\",\"position\":1,\"name\":\"Startseite\",\"item\":\"https:\\\/\\\/www.thomas-egger.ch\\\/fr\\\/home\\\/\"},{\"@type\":\"ListItem\",\"position\":2,\"name\":\"Tr\u00e8s bonnes connaissances des dossiers politiques\"}]},{\"@type\":\"WebSite\",\"@id\":\"https:\\\/\\\/www.thomas-egger.ch\\\/fr\\\/#website\",\"url\":\"https:\\\/\\\/www.thomas-egger.ch\\\/fr\\\/\",\"name\":\"Thomas Egger\",\"description\":\"\",\"potentialAction\":[{\"@type\":\"SearchAction\",\"target\":{\"@type\":\"EntryPoint\",\"urlTemplate\":\"https:\\\/\\\/www.thomas-egger.ch\\\/fr\\\/?s={search_term_string}\"},\"query-input\":{\"@type\":\"PropertyValueSpecification\",\"valueRequired\":true,\"valueName\":\"search_term_string\"}}],\"inLanguage\":\"fr-FR\"}]}<\/script>\n<!-- \/ Yoast SEO plugin. -->","yoast_head_json":{"title":"Tr\u00e8s bonnes connaissances des dossiers politiques - Thomas Egger","robots":{"index":"index","follow":"follow","max-snippet":"max-snippet:-1","max-image-preview":"max-image-preview:large","max-video-preview":"max-video-preview:-1"},"canonical":"https:\/\/www.thomas-egger.ch\/fr\/tres-bonnes-connaissances-des-dossiers-politiques\/","og_locale":"fr_FR","og_type":"article","og_title":"Tr\u00e8s bonnes connaissances des dossiers politiques - Thomas Egger","og_url":"https:\/\/www.thomas-egger.ch\/fr\/tres-bonnes-connaissances-des-dossiers-politiques\/","og_site_name":"Thomas Egger","article_modified_time":"2021-04-06T04:14:20+00:00","twitter_card":"summary_large_image","twitter_misc":{"Dur\u00e9e de lecture estim\u00e9e":"2 minutes"},"schema":{"@context":"https:\/\/schema.org","@graph":[{"@type":"WebPage","@id":"https:\/\/www.thomas-egger.ch\/fr\/tres-bonnes-connaissances-des-dossiers-politiques\/","url":"https:\/\/www.thomas-egger.ch\/fr\/tres-bonnes-connaissances-des-dossiers-politiques\/","name":"Tr\u00e8s bonnes connaissances des dossiers politiques - Thomas Egger","isPartOf":{"@id":"https:\/\/www.thomas-egger.ch\/fr\/#website"},"datePublished":"2021-03-25T07:22:37+00:00","dateModified":"2021-04-06T04:14:20+00:00","breadcrumb":{"@id":"https:\/\/www.thomas-egger.ch\/fr\/tres-bonnes-connaissances-des-dossiers-politiques\/#breadcrumb"},"inLanguage":"fr-FR","potentialAction":[{"@type":"ReadAction","target":["https:\/\/www.thomas-egger.ch\/fr\/tres-bonnes-connaissances-des-dossiers-politiques\/"]}]},{"@type":"BreadcrumbList","@id":"https:\/\/www.thomas-egger.ch\/fr\/tres-bonnes-connaissances-des-dossiers-politiques\/#breadcrumb","itemListElement":[{"@type":"ListItem","position":1,"name":"Startseite","item":"https:\/\/www.thomas-egger.ch\/fr\/home\/"},{"@type":"ListItem","position":2,"name":"Tr\u00e8s bonnes connaissances des dossiers politiques"}]},{"@type":"WebSite","@id":"https:\/\/www.thomas-egger.ch\/fr\/#website","url":"https:\/\/www.thomas-egger.ch\/fr\/","name":"Thomas Egger","description":"","potentialAction":[{"@type":"SearchAction","target":{"@type":"EntryPoint","urlTemplate":"https:\/\/www.thomas-egger.ch\/fr\/?s={search_term_string}"},"query-input":{"@type":"PropertyValueSpecification","valueRequired":true,"valueName":"search_term_string"}}],"inLanguage":"fr-FR"}]}},"_links":{"self":[{"href":"https:\/\/www.thomas-egger.ch\/fr\/wp-json\/wp\/v2\/pages\/352","targetHints":{"allow":["GET"]}}],"collection":[{"href":"https:\/\/www.thomas-egger.ch\/fr\/wp-json\/wp\/v2\/pages"}],"about":[{"href":"https:\/\/www.thomas-egger.ch\/fr\/wp-json\/wp\/v2\/types\/page"}],"author":[{"embeddable":true,"href":"https:\/\/www.thomas-egger.ch\/fr\/wp-json\/wp\/v2\/users\/4"}],"replies":[{"embeddable":true,"href":"https:\/\/www.thomas-egger.ch\/fr\/wp-json\/wp\/v2\/comments?post=352"}],"version-history":[{"count":8,"href":"https:\/\/www.thomas-egger.ch\/fr\/wp-json\/wp\/v2\/pages\/352\/revisions"}],"predecessor-version":[{"id":1437,"href":"https:\/\/www.thomas-egger.ch\/fr\/wp-json\/wp\/v2\/pages\/352\/revisions\/1437"}],"wp:attachment":[{"href":"https:\/\/www.thomas-egger.ch\/fr\/wp-json\/wp\/v2\/media?parent=352"}],"curies":[{"name":"wp","href":"https:\/\/api.w.org\/{rel}","templated":true}]}}